{"id":4299,"date":"2021-07-02T23:49:57","date_gmt":"2021-07-02T23:49:57","guid":{"rendered":"https:\/\/sourcenaturelle.eu\/product\/eubiona-gel-douche-sensitive-200ml\/"},"modified":"2021-07-02T23:49:57","modified_gmt":"2021-07-02T23:49:57","slug":"eubiona-gel-douche-sensitive-200ml","status":"publish","type":"product","link":"https:\/\/sourcenaturelle.eu\/fr\/produit\/eubiona-gel-douche-sensitive-200ml\/","title":{"rendered":"Eubiona Gel Douche Sensitive, 200ml"},"content":{"rendered":"<p>Gr\u00e2ce \u00e0 ses tensioactifs peu agressifs, le gel douche nettoie la peau sans l\u2019ab\u00eemer ni la dess\u00e9cher. L\u2019avoine bio apaise la peau et calme les d\u00e9mangeaisons. Le gel douche convient donc parfaitement aux peaux s\u00e8ches, irrit\u00e9es ou hypersensibles. Le gel douche s\u2019utilise pour tous les types de peau et, si besoin, plusieurs fois par jour.<\/p>\n<p>Ingr\u00e9dients:<br \/>\nextrait hydro-alcool\u00e9 de son d\u2019avoine*, lauryl glucoside, extrait de son d\u2019avoine*, sodium coco-sulfate, glyc\u00e9rine, alcool, sel marin, b\u00e9taine, agent \u00e9mulsifiant, agent tensioactif doux, humectant naturel (sodium PCA), acide lactique<br \/>\n*ingr\u00e9dients issus de l\u2019agriculture biologique<\/p>\n<p>100 % du total des ingr\u00e9dients sont d\u2019origine naturelle<br \/>\n10 % du total des ingr\u00e9dients sont issus de l\u2019agriculture biologique<br \/>\n100 % du total des v\u00e9g\u00e9taux sont issus de l\u2019agriculture biologique<\/p>\n","protected":false},"excerpt":{"rendered":"<p>Pour les peaux sensibles<\/p>\n","protected":false},"featured_media":4296,"template":"","meta":{"_kad_post_transparent":"","_kad_post_title":"","_kad_post_layout":"","_kad_post_sidebar_id":"","_kad_post_content_style":"","_kad_post_vertical_padding":"","_kad_post_feature":"","_kad_post_feature_position":"","_kad_post_header":false,"_kad_post_footer":false,"_kad_post_classname":""},"product_brand":[],"product_cat":[188,75,123,117,151],"product_tag":[],"class_list":{"0":"post-4299","1":"product","2":"type-product","3":"status-publish","4":"has-post-thumbnail","6":"product_cat-bain-douche","7":"product_cat-corps","8":"product_cat-douche-shampoing","9":"product_cat-enfants","10":"product_cat-eubonia-fr","12":"first","13":"instock","14":"shipping-taxable","15":"purchasable","16":"product-type-simple","17":"entry","18":"content-bg","19":"loop-entry"},"_links":{"self":[{"href":"https:\/\/sourcenaturelle.eu\/fr\/wp-json\/wp\/v2\/product\/4299","targetHints":{"allow":["GET"]}}],"collection":[{"href":"https:\/\/sourcenaturelle.eu\/fr\/wp-json\/wp\/v2\/product"}],"about":[{"href":"https:\/\/sourcenaturelle.eu\/fr\/wp-json\/wp\/v2\/types\/product"}],"wp:featuredmedia":[{"embeddable":true,"href":"https:\/\/sourcenaturelle.eu\/fr\/wp-json\/wp\/v2\/media\/4296"}],"wp:attachment":[{"href":"https:\/\/sourcenaturelle.eu\/fr\/wp-json\/wp\/v2\/media?parent=4299"}],"wp:term":[{"taxonomy":"product_brand","embeddable":true,"href":"https:\/\/sourcenaturelle.eu\/fr\/wp-json\/wp\/v2\/product_brand?post=4299"},{"taxonomy":"product_cat","embeddable":true,"href":"https:\/\/sourcenaturelle.eu\/fr\/wp-json\/wp\/v2\/product_cat?post=4299"},{"taxonomy":"product_tag","embeddable":true,"href":"https:\/\/sourcenaturelle.eu\/fr\/wp-json\/wp\/v2\/product_tag?post=4299"}],"curies":[{"name":"wp","href":"https:\/\/api.w.org\/{rel}","templated":true}]}}