{"id":4291,"date":"2021-07-02T23:08:23","date_gmt":"2021-07-02T23:08:23","guid":{"rendered":"https:\/\/sourcenaturelle.eu\/product\/eubiona-deodorant-a-bille-sport-50ml\/"},"modified":"2021-07-02T23:12:12","modified_gmt":"2021-07-02T23:12:12","slug":"eubiona-deodorant-a-bille-sport-50ml","status":"publish","type":"product","link":"https:\/\/sourcenaturelle.eu\/fr\/produit\/eubiona-deodorant-a-bille-sport-50ml\/","title":{"rendered":"Eubiona D\u00e8odorant \u00e0 bille Sport, 50ml"},"content":{"rendered":"<p>Le d\u00e9odorant \u00e0 bille sport eubiona est le compl\u00e9ment id\u00e9al d\u2019une journ\u00e9e d\u00e9bordante d\u2019activit\u00e9s. L\u2019extrait de romarin donne une sensation de fra\u00eecheur et l\u2019extrait de th\u00e9 vert procure bien-\u00eatre et confort.<\/p>\n<p>Ingr\u00e9dients: extrait hydro-alcool\u00e9 de th\u00e9 vert, hydrolat de romarin*, extrait de th\u00e9 vert*, citrate de tri\u00e9thyle, monost\u00e9arate de glyc\u00e9ryle (\u00e9mulsifiant naturel), glyceryl stearate citrate (\u00e9mulsifiant naturel), alcool, sorbitol, lecithine hydrog\u00e9n\u00e9e, huile de coco hydrog\u00e9n\u00e9e, gomme, m\u00e9lange d\u2019huiles essentielles, limonene, linalool, citronellol, geraniol, citral<br \/>\n*ingr\u00e9dients issus de l\u2019agriculture biologique<\/p>\n<p>100 % du total des ingr\u00e9dients sont d\u2019origine naturelle<br \/>\n10 % du total des ingr\u00e9dients sont issus de l\u2019agriculture biologique<br \/>\n98 % du total des v\u00e9g\u00e9taux sont issus de l\u2019agriculture biologique<\/p>\n","protected":false},"excerpt":{"rendered":"<p>Le d\u00e9odorant \u00e0 bille sport eubiona est le compl\u00e9ment id\u00e9al d\u2019une journ\u00e9e d\u00e9bordante d\u2019activit\u00e9s. L\u2019extrait de romarin donne une sensation de fra\u00eecheur et l\u2019extrait de th\u00e9 vert procure bien-\u00eatre et confort. Ingr\u00e9dients: extrait hydro-alcool\u00e9 de th\u00e9 vert, hydrolat de romarin*, extrait de th\u00e9 vert*, citrate de tri\u00e9thyle, monost\u00e9arate de glyc\u00e9ryle (\u00e9mulsifiant naturel), glyceryl stearate citrate&#8230;<\/p>\n","protected":false},"featured_media":4288,"template":"","meta":{"_kad_post_transparent":"","_kad_post_title":"","_kad_post_layout":"","_kad_post_sidebar_id":"","_kad_post_content_style":"","_kad_post_vertical_padding":"","_kad_post_feature":"","_kad_post_feature_position":"","_kad_post_header":false,"_kad_post_footer":false,"_kad_post_classname":""},"product_brand":[],"product_cat":[75,191,151],"product_tag":[],"class_list":{"0":"post-4291","1":"product","2":"type-product","3":"status-publish","4":"has-post-thumbnail","6":"product_cat-corps","7":"product_cat-deodorants-fr","8":"product_cat-eubonia-fr","10":"first","11":"instock","12":"shipping-taxable","13":"purchasable","14":"product-type-simple","15":"entry","16":"content-bg","17":"loop-entry"},"_links":{"self":[{"href":"https:\/\/sourcenaturelle.eu\/fr\/wp-json\/wp\/v2\/product\/4291","targetHints":{"allow":["GET"]}}],"collection":[{"href":"https:\/\/sourcenaturelle.eu\/fr\/wp-json\/wp\/v2\/product"}],"about":[{"href":"https:\/\/sourcenaturelle.eu\/fr\/wp-json\/wp\/v2\/types\/product"}],"wp:featuredmedia":[{"embeddable":true,"href":"https:\/\/sourcenaturelle.eu\/fr\/wp-json\/wp\/v2\/media\/4288"}],"wp:attachment":[{"href":"https:\/\/sourcenaturelle.eu\/fr\/wp-json\/wp\/v2\/media?parent=4291"}],"wp:term":[{"taxonomy":"product_brand","embeddable":true,"href":"https:\/\/sourcenaturelle.eu\/fr\/wp-json\/wp\/v2\/product_brand?post=4291"},{"taxonomy":"product_cat","embeddable":true,"href":"https:\/\/sourcenaturelle.eu\/fr\/wp-json\/wp\/v2\/product_cat?post=4291"},{"taxonomy":"product_tag","embeddable":true,"href":"https:\/\/sourcenaturelle.eu\/fr\/wp-json\/wp\/v2\/product_tag?post=4291"}],"curies":[{"name":"wp","href":"https:\/\/api.w.org\/{rel}","templated":true}]}}