{"id":4283,"date":"2021-07-02T22:51:51","date_gmt":"2021-07-02T22:51:51","guid":{"rendered":"https:\/\/sourcenaturelle.eu\/product\/eubiona-creme-pour-les-pieds-50ml\/"},"modified":"2021-07-02T22:51:51","modified_gmt":"2021-07-02T22:51:51","slug":"eubiona-creme-pour-les-pieds-50ml","status":"publish","type":"product","link":"https:\/\/sourcenaturelle.eu\/fr\/produit\/eubiona-creme-pour-les-pieds-50ml\/","title":{"rendered":"Eubiona Cr\u00e8me pour les Pieds, 50ml"},"content":{"rendered":"<p>L\u2019extrait de sauge, bienfaisant, convient parfaitement aux soins intensifs des pieds. La sauge r\u00e9duit la transpiration et am\u00e9liore l\u2019irrigation sanguine. La peau s\u00e8che et r\u00eache des pieds s\u2019adoucie, pour un toucher lisse et velout\u00e9<\/p>\n<p>Ingr\u00e9dients:<br \/>\nextrait hydro-alcool\u00e9 de sauge*, huile de soja*, glycerine, glyceryl stearate citrate (\u00e9mulsifiant naturel), alcool, caprylic\/capric triglyc\u00e9ride, glycerides de coco hydrog\u00e9n\u00e9es, beurre de karit\u00e9*, huile de jojoba*, extrait de sauge*, huile d\u2019olive*, extrait de saule blanc, gomme, sodium lactate, acide lactique, vitamine E naturelle, m\u00e9lange d\u2019huiles essentielles, citronellol, limonene,linalool, geraniol, citral<br \/>\n*ingr\u00e9dients issus de l\u2019agriculture biologique<\/p>\n<p>100 % du total des ingr\u00e9dients sont d\u2019origine naturelle<br \/>\n12 % du total des ingr\u00e9dients sont issus de l\u2019agriculture biologique<br \/>\n96 % du total des v\u00e9g\u00e9taux sont issus de l\u2019agriculture biologique<\/p>\n","protected":false},"excerpt":{"rendered":"<p>L\u2019extrait de sauge, bienfaisant, convient parfaitement aux soins intensifs des pieds. La sauge r\u00e9duit la transpiration et am\u00e9liore l\u2019irrigation sanguine. La peau s\u00e8che et r\u00eache des pieds s\u2019adoucie, pour un toucher lisse et velout\u00e9 Ingr\u00e9dients: extrait hydro-alcool\u00e9 de sauge*, huile de soja*, glycerine, glyceryl stearate citrate (\u00e9mulsifiant naturel), alcool, caprylic\/capric triglyc\u00e9ride, glycerides de coco hydrog\u00e9n\u00e9es,&#8230;<\/p>\n","protected":false},"featured_media":4280,"template":"","meta":{"_kad_post_transparent":"","_kad_post_title":"","_kad_post_layout":"","_kad_post_sidebar_id":"","_kad_post_content_style":"","_kad_post_vertical_padding":"","_kad_post_feature":"","_kad_post_feature_position":"","_kad_post_header":false,"_kad_post_footer":false,"_kad_post_classname":""},"product_brand":[],"product_cat":[75,151,194],"product_tag":[],"class_list":{"0":"post-4283","1":"product","2":"type-product","3":"status-publish","4":"has-post-thumbnail","6":"product_cat-corps","7":"product_cat-eubonia-fr","8":"product_cat-soins-hydratants","10":"first","11":"instock","12":"shipping-taxable","13":"purchasable","14":"product-type-simple","15":"entry","16":"content-bg","17":"loop-entry"},"_links":{"self":[{"href":"https:\/\/sourcenaturelle.eu\/fr\/wp-json\/wp\/v2\/product\/4283","targetHints":{"allow":["GET"]}}],"collection":[{"href":"https:\/\/sourcenaturelle.eu\/fr\/wp-json\/wp\/v2\/product"}],"about":[{"href":"https:\/\/sourcenaturelle.eu\/fr\/wp-json\/wp\/v2\/types\/product"}],"wp:featuredmedia":[{"embeddable":true,"href":"https:\/\/sourcenaturelle.eu\/fr\/wp-json\/wp\/v2\/media\/4280"}],"wp:attachment":[{"href":"https:\/\/sourcenaturelle.eu\/fr\/wp-json\/wp\/v2\/media?parent=4283"}],"wp:term":[{"taxonomy":"product_brand","embeddable":true,"href":"https:\/\/sourcenaturelle.eu\/fr\/wp-json\/wp\/v2\/product_brand?post=4283"},{"taxonomy":"product_cat","embeddable":true,"href":"https:\/\/sourcenaturelle.eu\/fr\/wp-json\/wp\/v2\/product_cat?post=4283"},{"taxonomy":"product_tag","embeddable":true,"href":"https:\/\/sourcenaturelle.eu\/fr\/wp-json\/wp\/v2\/product_tag?post=4283"}],"curies":[{"name":"wp","href":"https:\/\/api.w.org\/{rel}","templated":true}]}}