{"id":4270,"date":"2021-07-02T22:33:06","date_gmt":"2021-07-02T22:33:06","guid":{"rendered":"https:\/\/sourcenaturelle.eu\/product\/eubiona-deodorant-a-bille-aloe-vera-50ml\/"},"modified":"2021-07-02T22:33:06","modified_gmt":"2021-07-02T22:33:06","slug":"eubiona-deodorant-a-bille-aloe-vera-50ml","status":"publish","type":"product","link":"https:\/\/sourcenaturelle.eu\/fr\/produit\/eubiona-deodorant-a-bille-aloe-vera-50ml\/","title":{"rendered":"Eubiona D\u00e9odorant \u00e0 bille Aloe Vera, 50ml"},"content":{"rendered":"<p>Ce d\u00e9odorant \u00e0 bille doux assure une protection longue et efficace et apporte fra\u00eecheur et bien-\u00eatre tout au long de la journ\u00e9e. L\u2019aloe vera biologique adoucit et rafra\u00eechit la peau surtout apr\u00e8s l\u2019\u00e9pilation. La grenade optimise la composition et prot\u00e8ge les peaux d\u00e9licates.<\/p>\n<p>Ingr\u00e9dients:<br \/>\nextrait hydro-alcool\u00e9 d\u2019aloe vera, beurre de karit\u00e9*, huile de coco hydrogen\u00e9e, huile de jojoba*, extrait de feuilles d\u2019argousier*, citrate de tri\u00e9thyle, alcool, extrait d\u2019aloe vera*, hydrolat de grenade*, hydrolat de m\u00e9lisse*, hydrolat de hamam\u00e9lis, lecithine, lecithine hydrog\u00e9n\u00e9e, vitamine E naturelle, bisabolol, glyc\u00e9rine, gomme, triglyc\u00e9ride, m\u00e9lange d\u2019huiles essentielles, limonene, linalool,citronellol<br \/>\n*ingr\u00e9dients issus de l\u2019agriculture biologique<\/p>\n<p>100 % du total des ingr\u00e9dients sont d\u2019origine naturelle<br \/>\n12 % du total des ingr\u00e9dients sont issus de l\u2019agriculture biologique<br \/>\n97 % du total des v\u00e9g\u00e9taux sont issus de l\u2019agriculture biologique<\/p>\n","protected":false},"excerpt":{"rendered":"<p>Ce d\u00e9odorant \u00e0 bille doux assure une protection longue et efficace et apporte fra\u00eecheur et bien-\u00eatre tout au long de la journ\u00e9e. L\u2019aloe vera biologique adoucit et rafra\u00eechit la peau surtout apr\u00e8s l\u2019\u00e9pilation. La grenade optimise la composition et prot\u00e8ge les peaux d\u00e9licates. Ingr\u00e9dients: extrait hydro-alcool\u00e9 d\u2019aloe vera, beurre de karit\u00e9*, huile de coco hydrogen\u00e9e,&#8230;<\/p>\n","protected":false},"featured_media":4275,"template":"","meta":{"_kad_post_transparent":"","_kad_post_title":"","_kad_post_layout":"","_kad_post_sidebar_id":"","_kad_post_content_style":"","_kad_post_vertical_padding":"","_kad_post_feature":"","_kad_post_feature_position":"","_kad_post_header":false,"_kad_post_footer":false,"_kad_post_classname":""},"product_brand":[],"product_cat":[75,191,151],"product_tag":[],"class_list":{"0":"post-4270","1":"product","2":"type-product","3":"status-publish","4":"has-post-thumbnail","6":"product_cat-corps","7":"product_cat-deodorants-fr","8":"product_cat-eubonia-fr","10":"first","11":"instock","12":"shipping-taxable","13":"purchasable","14":"product-type-simple","15":"entry","16":"content-bg","17":"loop-entry"},"_links":{"self":[{"href":"https:\/\/sourcenaturelle.eu\/fr\/wp-json\/wp\/v2\/product\/4270","targetHints":{"allow":["GET"]}}],"collection":[{"href":"https:\/\/sourcenaturelle.eu\/fr\/wp-json\/wp\/v2\/product"}],"about":[{"href":"https:\/\/sourcenaturelle.eu\/fr\/wp-json\/wp\/v2\/types\/product"}],"wp:featuredmedia":[{"embeddable":true,"href":"https:\/\/sourcenaturelle.eu\/fr\/wp-json\/wp\/v2\/media\/4275"}],"wp:attachment":[{"href":"https:\/\/sourcenaturelle.eu\/fr\/wp-json\/wp\/v2\/media?parent=4270"}],"wp:term":[{"taxonomy":"product_brand","embeddable":true,"href":"https:\/\/sourcenaturelle.eu\/fr\/wp-json\/wp\/v2\/product_brand?post=4270"},{"taxonomy":"product_cat","embeddable":true,"href":"https:\/\/sourcenaturelle.eu\/fr\/wp-json\/wp\/v2\/product_cat?post=4270"},{"taxonomy":"product_tag","embeddable":true,"href":"https:\/\/sourcenaturelle.eu\/fr\/wp-json\/wp\/v2\/product_tag?post=4270"}],"curies":[{"name":"wp","href":"https:\/\/api.w.org\/{rel}","templated":true}]}}