{"id":4262,"date":"2021-07-02T22:21:30","date_gmt":"2021-07-02T22:21:30","guid":{"rendered":"https:\/\/sourcenaturelle.eu\/product\/eubiona-gel-douche-aloe-vera\/"},"modified":"2021-07-02T22:21:30","modified_gmt":"2021-07-02T22:21:30","slug":"eubiona-gel-douche-aloe-vera","status":"publish","type":"product","link":"https:\/\/sourcenaturelle.eu\/fr\/produit\/eubiona-gel-douche-aloe-vera\/","title":{"rendered":"Eubiona Gel douche Aloe Vera, 200ml"},"content":{"rendered":"<p>\u00e0 la grenade \u2013 hydratant<\/p>\n<p>Le gel douche conjugue soin intense et fort potentiel hydratant. L\u2019aloe vera et l\u2019extrait de grenade stimulent la peau. L\u2019hydratation est parfaitement r\u00e9gul\u00e9e et une agr\u00e9able sensation de fra\u00eecheur enveloppe le corps.<\/p>\n<p>Utilisation:<br \/>\nLa formule douceur convient \u00e0 tous les types de peau et permet plusieurs utilisations quotidiennes.<\/p>\n<p>Ingr\u00e9dients:<br \/>\nExtrait hydro-alcool\u00e9 d\u2019aloe vera*, lauryl glucoside, hydrolat d\u2019aloe vera*, agent tensioactif doux, hydrolat de grenade*, coco-glucoside, sorbitol, sel marin, \u00e9mulsifiant naturel, humectant naturel, alcool, m\u00e9lange d\u2019huiles essentielles, limonene, linalool, citronellol, acide citrique, acide phytique<br \/>\n*ingr\u00e9dients issus de l\u2019agriculture biologique<\/p>\n<p>100 % du total des ingr\u00e9dients sont d\u2019origine naturelle<br \/>\n10 % du total des ingr\u00e9dients sont issus de l\u2019agriculture biologique<br \/>\n96 % du total des v\u00e9g\u00e9taux sont issus de l\u2019agriculture biologique<\/p>\n","protected":false},"excerpt":{"rendered":"<p>\u00e0 la grenade \u2013 hydratant Le gel douche conjugue soin intense et fort potentiel hydratant. L\u2019aloe vera et l\u2019extrait de grenade stimulent la peau. L\u2019hydratation est parfaitement r\u00e9gul\u00e9e et une agr\u00e9able sensation de fra\u00eecheur enveloppe le corps. Utilisation: La formule douceur convient \u00e0 tous les types de peau et permet plusieurs utilisations quotidiennes. Ingr\u00e9dients: Extrait&#8230;<\/p>\n","protected":false},"featured_media":4259,"template":"","meta":{"_kad_post_transparent":"","_kad_post_title":"","_kad_post_layout":"","_kad_post_sidebar_id":"","_kad_post_content_style":"","_kad_post_vertical_padding":"","_kad_post_feature":"","_kad_post_feature_position":"","_kad_post_header":false,"_kad_post_footer":false,"_kad_post_classname":""},"product_brand":[],"product_cat":[188,75,117,151,120],"product_tag":[],"class_list":{"0":"post-4262","1":"product","2":"type-product","3":"status-publish","4":"has-post-thumbnail","6":"product_cat-bain-douche","7":"product_cat-corps","8":"product_cat-enfants","9":"product_cat-eubonia-fr","10":"product_cat-soin-du-corps","12":"first","13":"instock","14":"shipping-taxable","15":"purchasable","16":"product-type-simple","17":"entry","18":"content-bg","19":"loop-entry"},"_links":{"self":[{"href":"https:\/\/sourcenaturelle.eu\/fr\/wp-json\/wp\/v2\/product\/4262","targetHints":{"allow":["GET"]}}],"collection":[{"href":"https:\/\/sourcenaturelle.eu\/fr\/wp-json\/wp\/v2\/product"}],"about":[{"href":"https:\/\/sourcenaturelle.eu\/fr\/wp-json\/wp\/v2\/types\/product"}],"wp:featuredmedia":[{"embeddable":true,"href":"https:\/\/sourcenaturelle.eu\/fr\/wp-json\/wp\/v2\/media\/4259"}],"wp:attachment":[{"href":"https:\/\/sourcenaturelle.eu\/fr\/wp-json\/wp\/v2\/media?parent=4262"}],"wp:term":[{"taxonomy":"product_brand","embeddable":true,"href":"https:\/\/sourcenaturelle.eu\/fr\/wp-json\/wp\/v2\/product_brand?post=4262"},{"taxonomy":"product_cat","embeddable":true,"href":"https:\/\/sourcenaturelle.eu\/fr\/wp-json\/wp\/v2\/product_cat?post=4262"},{"taxonomy":"product_tag","embeddable":true,"href":"https:\/\/sourcenaturelle.eu\/fr\/wp-json\/wp\/v2\/product_tag?post=4262"}],"curies":[{"name":"wp","href":"https:\/\/api.w.org\/{rel}","templated":true}]}}