{"id":4211,"date":"2021-07-01T06:21:24","date_gmt":"2021-07-01T06:21:24","guid":{"rendered":"https:\/\/sourcenaturelle.eu\/product\/eubiona-baume-a-levres-au-miel-4g\/"},"modified":"2021-07-02T22:02:38","modified_gmt":"2021-07-02T22:02:38","slug":"eubiona-baume-a-levres-au-miel-4g","status":"publish","type":"product","link":"https:\/\/sourcenaturelle.eu\/fr\/produit\/eubiona-baume-a-levres-au-miel-4g\/","title":{"rendered":"Eubiona Baume \u00e0 L\u00e8vres au Miel, 4g"},"content":{"rendered":"<p>Nourrit et prot\u00e8ge vos l\u00e8vres.<\/p>\n<p>Utilisation:<br \/>\nSelon besoin plusieurs fois par jour.<\/p>\n<p>INCI:<br \/>\nTheobroma Cacao Seed Butter*, Olea Europaea Fruit Oil*, Cera Alba, Ricinus<br \/>\nCommunis (Castor) Seed Oil, Simmondsia Chinensis Seed Oil*, Butyrospermum Parkii Butter*, Hydrogenated Coco Glycerides, Mel, Polyglyceryl-3 Ricionoleate, Tocopherol, Vanilla Plantifolia Oil, Hippophae Rhamnoides Oil*<br \/>\n*ingr\u00e9dients issus de l\u2019agriculture biologique<\/p>\n<p>100 % du total des ingr\u00e9dients sont d\u2019origine naturelle<br \/>\n66 % du total des ingr\u00e9dients sont issus de l\u2019agriculture biologique<br \/>\n95 % du total des v\u00e9g\u00e9taux sont issus de l\u2019agriculture biologique<\/p>\n","protected":false},"excerpt":{"rendered":"<p>Nourrit et prot\u00e8ge vos l\u00e8vres. Utilisation: Selon besoin plusieurs fois par jour. INCI: Theobroma Cacao Seed Butter*, Olea Europaea Fruit Oil*, Cera Alba, Ricinus Communis (Castor) Seed Oil, Simmondsia Chinensis Seed Oil*, Butyrospermum Parkii Butter*, Hydrogenated Coco Glycerides, Mel, Polyglyceryl-3 Ricionoleate, Tocopherol, Vanilla Plantifolia Oil, Hippophae Rhamnoides Oil* *ingr\u00e9dients issus de l\u2019agriculture biologique 100 %&#8230;<\/p>\n","protected":false},"featured_media":4248,"template":"","meta":{"_kad_post_transparent":"","_kad_post_title":"","_kad_post_layout":"","_kad_post_sidebar_id":"","_kad_post_content_style":"","_kad_post_vertical_padding":"","_kad_post_feature":"","_kad_post_feature_position":"","_kad_post_header":false,"_kad_post_footer":false,"_kad_post_classname":""},"product_brand":[],"product_cat":[151,93,200],"product_tag":[],"class_list":{"0":"post-4211","1":"product","2":"type-product","3":"status-publish","4":"has-post-thumbnail","6":"product_cat-eubonia-fr","7":"product_cat-visage","8":"product_cat-yeuxlevres","10":"first","11":"instock","12":"shipping-taxable","13":"purchasable","14":"product-type-simple","15":"entry","16":"content-bg","17":"loop-entry"},"_links":{"self":[{"href":"https:\/\/sourcenaturelle.eu\/fr\/wp-json\/wp\/v2\/product\/4211","targetHints":{"allow":["GET"]}}],"collection":[{"href":"https:\/\/sourcenaturelle.eu\/fr\/wp-json\/wp\/v2\/product"}],"about":[{"href":"https:\/\/sourcenaturelle.eu\/fr\/wp-json\/wp\/v2\/types\/product"}],"wp:featuredmedia":[{"embeddable":true,"href":"https:\/\/sourcenaturelle.eu\/fr\/wp-json\/wp\/v2\/media\/4248"}],"wp:attachment":[{"href":"https:\/\/sourcenaturelle.eu\/fr\/wp-json\/wp\/v2\/media?parent=4211"}],"wp:term":[{"taxonomy":"product_brand","embeddable":true,"href":"https:\/\/sourcenaturelle.eu\/fr\/wp-json\/wp\/v2\/product_brand?post=4211"},{"taxonomy":"product_cat","embeddable":true,"href":"https:\/\/sourcenaturelle.eu\/fr\/wp-json\/wp\/v2\/product_cat?post=4211"},{"taxonomy":"product_tag","embeddable":true,"href":"https:\/\/sourcenaturelle.eu\/fr\/wp-json\/wp\/v2\/product_tag?post=4211"}],"curies":[{"name":"wp","href":"https:\/\/api.w.org\/{rel}","templated":true}]}}