{"id":4175,"date":"2021-07-01T06:11:28","date_gmt":"2021-07-01T06:11:28","guid":{"rendered":"https:\/\/sourcenaturelle.eu\/product\/eubiona-baume-a-levres-aloe-vera-4g\/"},"modified":"2021-07-01T06:11:28","modified_gmt":"2021-07-01T06:11:28","slug":"eubiona-baume-a-levres-aloe-vera-4g","status":"publish","type":"product","link":"https:\/\/sourcenaturelle.eu\/fr\/produit\/eubiona-baume-a-levres-aloe-vera-4g\/","title":{"rendered":"Eubiona Baume \u00e1 L\u00e8vres Aloe Vera, 4g"},"content":{"rendered":"<p>L\u2019extrait d\u2019aloe vera et ses vertus hydratantes nourrit et prot\u00e8ge les l\u00e8vres sensibles.<\/p>\n<p>Utilisation:<br \/>\nAppliquer plusieurs fois par jour si besoin.<\/p>\n<p>Ingr\u00e9dients:<br \/>\nbeurre de cacao*, huile d\u2019olive*, cire d\u2019abeille, huile d\u2019aloe vera, huile de ricin, huile de jojoba*, beurre de karit\u00e9*, glycerides d\u2019huile de coco (hydrog\u00e9n\u00e9es), acide gras d\u2019huile de ricin, vitamine E naturelle, huile de vanille, huile d\u2019argousier*<br \/>\n*ingr\u00e9dients issus de l\u2019agriculture biologique<\/p>\n<p>100 % du total des ingr\u00e9dients sont d\u2019origine naturelle<br \/>\n68 % du total des ingr\u00e9dients sont issus de l\u2019agriculture biologique<br \/>\n95 % du total des v\u00e9g\u00e9taux sont issus de l\u2019agriculture biologique<\/p>\n","protected":false},"excerpt":{"rendered":"<p>L\u2019extrait d\u2019aloe vera et ses vertus hydratantes nourrit et prot\u00e8ge les l\u00e8vres sensibles. Utilisation: Appliquer plusieurs fois par jour si besoin. Ingr\u00e9dients: beurre de cacao*, huile d\u2019olive*, cire d\u2019abeille, huile d\u2019aloe vera, huile de ricin, huile de jojoba*, beurre de karit\u00e9*, glycerides d\u2019huile de coco (hydrog\u00e9n\u00e9es), acide gras d\u2019huile de ricin, vitamine E naturelle, huile&#8230;<\/p>\n","protected":false},"featured_media":4252,"template":"","meta":{"_kad_post_transparent":"","_kad_post_title":"","_kad_post_layout":"","_kad_post_sidebar_id":"","_kad_post_content_style":"","_kad_post_vertical_padding":"","_kad_post_feature":"","_kad_post_feature_position":"","_kad_post_header":false,"_kad_post_footer":false,"_kad_post_classname":""},"product_brand":[],"product_cat":[151,93,200],"product_tag":[],"class_list":{"0":"post-4175","1":"product","2":"type-product","3":"status-publish","4":"has-post-thumbnail","6":"product_cat-eubonia-fr","7":"product_cat-visage","8":"product_cat-yeuxlevres","10":"first","11":"instock","12":"shipping-taxable","13":"purchasable","14":"product-type-simple","15":"entry","16":"content-bg","17":"loop-entry"},"_links":{"self":[{"href":"https:\/\/sourcenaturelle.eu\/fr\/wp-json\/wp\/v2\/product\/4175","targetHints":{"allow":["GET"]}}],"collection":[{"href":"https:\/\/sourcenaturelle.eu\/fr\/wp-json\/wp\/v2\/product"}],"about":[{"href":"https:\/\/sourcenaturelle.eu\/fr\/wp-json\/wp\/v2\/types\/product"}],"wp:featuredmedia":[{"embeddable":true,"href":"https:\/\/sourcenaturelle.eu\/fr\/wp-json\/wp\/v2\/media\/4252"}],"wp:attachment":[{"href":"https:\/\/sourcenaturelle.eu\/fr\/wp-json\/wp\/v2\/media?parent=4175"}],"wp:term":[{"taxonomy":"product_brand","embeddable":true,"href":"https:\/\/sourcenaturelle.eu\/fr\/wp-json\/wp\/v2\/product_brand?post=4175"},{"taxonomy":"product_cat","embeddable":true,"href":"https:\/\/sourcenaturelle.eu\/fr\/wp-json\/wp\/v2\/product_cat?post=4175"},{"taxonomy":"product_tag","embeddable":true,"href":"https:\/\/sourcenaturelle.eu\/fr\/wp-json\/wp\/v2\/product_tag?post=4175"}],"curies":[{"name":"wp","href":"https:\/\/api.w.org\/{rel}","templated":true}]}}