{"id":4156,"date":"2021-07-01T05:53:14","date_gmt":"2021-07-01T05:53:14","guid":{"rendered":"https:\/\/sourcenaturelle.eu\/product\/eubiona-lotion-tonique-aloe-vera-100ml\/"},"modified":"2021-07-01T05:53:14","modified_gmt":"2021-07-01T05:53:14","slug":"eubiona-lotion-tonique-aloe-vera-100ml","status":"publish","type":"product","link":"https:\/\/sourcenaturelle.eu\/fr\/produit\/eubiona-lotion-tonique-aloe-vera-100ml\/","title":{"rendered":"Eubiona Lotion Tonique Aloe Vera, 100ml"},"content":{"rendered":"<p>Le nettoyant doux pour les peaux d\u00e9shydrat\u00e9es. L&rsquo;extrait d&rsquo;aloe vera rafra\u00eechit la peau pendant le nettoyage quotidien sans la dess\u00e9cher. L&rsquo;hydrolat de grenade revitalise la peau.<br \/>\nContenu 100 ml<br \/>\nOrigine Allemagne (DE)<br \/>\nIngr\u00e9dients Extrait aqueux-alcoolis\u00e9 d&rsquo;aloe vera*, hydrolat d&rsquo;aloe*, hydrolat de grenade*, hydrolat d&rsquo;hamam\u00e9lis, alcool, acide hyaluronique, m\u00e9lange d&rsquo;huiles essentielles, limon\u00e8ne, linalol, citronellol *issus de culture biologique contr\u00f4l\u00e9e<br \/>\nQualit\u00e9 biologique Cosm\u00e9tiques biologiques Ecocert<\/p>\n","protected":false},"excerpt":{"rendered":"<p>Le nettoyant doux pour les peaux d\u00e9shydrat\u00e9es. L&rsquo;extrait d&rsquo;aloe vera rafra\u00eechit la peau pendant le nettoyage quotidien sans la dess\u00e9cher. L&rsquo;hydrolat de grenade revitalise la peau. Contenu 100 ml Origine Allemagne (DE) Ingr\u00e9dients Extrait aqueux-alcoolis\u00e9 d&rsquo;aloe vera*, hydrolat d&rsquo;aloe*, hydrolat de grenade*, hydrolat d&rsquo;hamam\u00e9lis, alcool, acide hyaluronique, m\u00e9lange d&rsquo;huiles essentielles, limon\u00e8ne, linalol, citronellol *issus de&#8230;<\/p>\n","protected":false},"featured_media":4240,"template":"","meta":{"_kad_post_transparent":"","_kad_post_title":"","_kad_post_layout":"","_kad_post_sidebar_id":"","_kad_post_content_style":"","_kad_post_vertical_padding":"","_kad_post_feature":"","_kad_post_feature_position":"","_kad_post_header":false,"_kad_post_footer":false,"_kad_post_classname":""},"product_brand":[],"product_cat":[151,197,93],"product_tag":[],"class_list":{"0":"post-4156","1":"product","2":"type-product","3":"status-publish","4":"has-post-thumbnail","6":"product_cat-eubonia-fr","7":"product_cat-soins-nettoyants","8":"product_cat-visage","10":"first","11":"instock","12":"shipping-taxable","13":"purchasable","14":"product-type-simple","15":"entry","16":"content-bg","17":"loop-entry"},"_links":{"self":[{"href":"https:\/\/sourcenaturelle.eu\/fr\/wp-json\/wp\/v2\/product\/4156","targetHints":{"allow":["GET"]}}],"collection":[{"href":"https:\/\/sourcenaturelle.eu\/fr\/wp-json\/wp\/v2\/product"}],"about":[{"href":"https:\/\/sourcenaturelle.eu\/fr\/wp-json\/wp\/v2\/types\/product"}],"wp:featuredmedia":[{"embeddable":true,"href":"https:\/\/sourcenaturelle.eu\/fr\/wp-json\/wp\/v2\/media\/4240"}],"wp:attachment":[{"href":"https:\/\/sourcenaturelle.eu\/fr\/wp-json\/wp\/v2\/media?parent=4156"}],"wp:term":[{"taxonomy":"product_brand","embeddable":true,"href":"https:\/\/sourcenaturelle.eu\/fr\/wp-json\/wp\/v2\/product_brand?post=4156"},{"taxonomy":"product_cat","embeddable":true,"href":"https:\/\/sourcenaturelle.eu\/fr\/wp-json\/wp\/v2\/product_cat?post=4156"},{"taxonomy":"product_tag","embeddable":true,"href":"https:\/\/sourcenaturelle.eu\/fr\/wp-json\/wp\/v2\/product_tag?post=4156"}],"curies":[{"name":"wp","href":"https:\/\/api.w.org\/{rel}","templated":true}]}}