{"id":4151,"date":"2021-07-01T05:42:35","date_gmt":"2021-07-01T05:42:35","guid":{"rendered":"https:\/\/sourcenaturelle.eu\/product\/eubiona-creme-de-nuit-aloe-vera-50ml\/"},"modified":"2021-07-01T05:42:35","modified_gmt":"2021-07-01T05:42:35","slug":"eubiona-creme-de-nuit-aloe-vera-50ml","status":"publish","type":"product","link":"https:\/\/sourcenaturelle.eu\/fr\/produit\/eubiona-creme-de-nuit-aloe-vera-50ml\/","title":{"rendered":"Eubiona Cr\u00e8me de Nuit Aloe Vera, 50ml"},"content":{"rendered":"<p>\u00e0 la grenade \u2013 pour peaux normales et grasses<\/p>\n<p>Les extraits d&rsquo;aloe vera et de grenade apaisent les peaux normales \u00e0 grasses. Cette cr\u00e8me de nuit hydrate la peau,la raffermit et renforce le processus naturel de r\u00e9g\u00e9n\u00e9ration. Particuli\u00e8rement recommand\u00e9e en cure intensive.<\/p>\n<p>Utilisation :<br \/>\nEn soin de nuit pour les peaux agress\u00e9es. Appliquer en fine couche sur peau nettoy\u00e9e et masser d\u00e9licatement pour faire p\u00e9n\u00e9trer.<\/p>\n<p>Ingr\u00e9dients :<br \/>\nextrait hydro-alcool\u00e9 d\u2019aloe vera*, huile de soja*, glyc\u00e9rine, glyceryl stearate citrate (\u00e9mulsifiant naturel), alcool, glycerides de coco hydrog\u00e9n\u00e9es, huile d\u2019olive*, beurre de karit\u00e9*, triglyc\u00e9rides, extrait d\u2019aloe vera*, huile d\u2019amande*, huile de jojoba*, extrait de grenade*, extrait de th\u00e9 vert*, huile d\u2019onagre*, vitamine E naturelle, squalan, l\u00e9cithine hydrog\u00e9n\u00e9e, gomme, \u00e9mulsifiant naturel, m\u00e9lange d\u2019huiles essentielles, limonene, linallol, citronellol<br \/>\n*ingr\u00e9dients issus de l\u2019agriculture biologique<\/p>\n<p>100 % du total des ingr\u00e9dients sont d\u2019origine naturelle<br \/>\n15 % du total des ingr\u00e9dients sont issus de l\u2019agriculture biologique<br \/>\n98 % du total des v\u00e9g\u00e9taux sont issus de l\u2019agriculture biologique<\/p>\n","protected":false},"excerpt":{"rendered":"<p>\u00e0 la grenade \u2013 pour peaux normales et grasses<\/p>\n","protected":false},"featured_media":4244,"template":"","meta":{"_kad_post_transparent":"","_kad_post_title":"","_kad_post_layout":"","_kad_post_sidebar_id":"","_kad_post_content_style":"","_kad_post_vertical_padding":"","_kad_post_feature":"","_kad_post_feature_position":"","_kad_post_header":false,"_kad_post_footer":false,"_kad_post_classname":""},"product_brand":[],"product_cat":[151,203,93],"product_tag":[],"class_list":{"0":"post-4151","1":"product","2":"type-product","3":"status-publish","4":"has-post-thumbnail","6":"product_cat-eubonia-fr","7":"product_cat-soins-hydratants-visage","8":"product_cat-visage","10":"first","11":"instock","12":"shipping-taxable","13":"purchasable","14":"product-type-simple","15":"entry","16":"content-bg","17":"loop-entry"},"_links":{"self":[{"href":"https:\/\/sourcenaturelle.eu\/fr\/wp-json\/wp\/v2\/product\/4151","targetHints":{"allow":["GET"]}}],"collection":[{"href":"https:\/\/sourcenaturelle.eu\/fr\/wp-json\/wp\/v2\/product"}],"about":[{"href":"https:\/\/sourcenaturelle.eu\/fr\/wp-json\/wp\/v2\/types\/product"}],"wp:featuredmedia":[{"embeddable":true,"href":"https:\/\/sourcenaturelle.eu\/fr\/wp-json\/wp\/v2\/media\/4244"}],"wp:attachment":[{"href":"https:\/\/sourcenaturelle.eu\/fr\/wp-json\/wp\/v2\/media?parent=4151"}],"wp:term":[{"taxonomy":"product_brand","embeddable":true,"href":"https:\/\/sourcenaturelle.eu\/fr\/wp-json\/wp\/v2\/product_brand?post=4151"},{"taxonomy":"product_cat","embeddable":true,"href":"https:\/\/sourcenaturelle.eu\/fr\/wp-json\/wp\/v2\/product_cat?post=4151"},{"taxonomy":"product_tag","embeddable":true,"href":"https:\/\/sourcenaturelle.eu\/fr\/wp-json\/wp\/v2\/product_tag?post=4151"}],"curies":[{"name":"wp","href":"https:\/\/api.w.org\/{rel}","templated":true}]}}