{"id":4147,"date":"2021-07-01T05:34:00","date_gmt":"2021-07-01T05:34:00","guid":{"rendered":"https:\/\/sourcenaturelle.eu\/product\/eubiona-creme-de-jour-aloe-vera-50ml\/"},"modified":"2021-07-01T05:34:00","modified_gmt":"2021-07-01T05:34:00","slug":"eubiona-creme-de-jour-aloe-vera-50ml","status":"publish","type":"product","link":"https:\/\/sourcenaturelle.eu\/fr\/produit\/eubiona-creme-de-jour-aloe-vera-50ml\/","title":{"rendered":"Eubiona Cr\u00e8me de Jour Aloe Vera, 50ml"},"content":{"rendered":"<p>\u00e0 la grenade \u2013 pour peaux normales et mixtes<br \/>\nL\u2019extrait d\u2019aloe vera hydrate la peau et lui rend son \u00e9lasticit\u00e9. L\u2019extrait de grenade raffermit la peau et la pr\u00e9serve des agressions ext\u00e9rieures. Un complexe d\u2019hydratation intensive pour une peau soyeuse, souple et douce.<\/p>\n<p>Utilisation :<br \/>\nAppliquer en fine couche sur le visage nettoy\u00e9 et masser d\u00e9licatement pour faire p\u00e9n\u00e9trer.<\/p>\n<p>INCI :<br \/>\nAqua, Glycine Soja Oil*, Aloe Barbadensis Leaf Extract*, Caprylic \/ Capric Triglyceride, Glyceryl Stearate SE, Butyrospermum Parkii Seed Butter*, Hydrogenated Coco Glycerides, Glyceryl Stearate Citrate, Cetearyl Glucoside, Lecithin Hydrogenated, Simmondsia Chinensis Seed Oil*,Squalane, Sodium Hyaluronate, Punica Granatum Fruit Extract*, Glycerin, Sorbitol, Cetearyl Alcohol, Sodium PCA, Xanthan Gum, Tocopherol, Sodium Lactate, Lactic Acid, Parfum, Citronellol, Limonene, Linalool, Geraniol, Citral<br \/>\n*ingr\u00e9dients issus de l\u2019agriculture biologique<\/p>\n<p>100 % du total des ingr\u00e9dients sont d\u2019origine naturelle<br \/>\n23 % du total des ingr\u00e9dients sont issus de l\u2019agriculture biologique<br \/>\n99 % du total des v\u00e9g\u00e9taux sont issus de l\u2019agriculture biologique<\/p>\n","protected":false},"excerpt":{"rendered":"<p>\u00e0 la grenade \u2013 pour peaux normales et mixtes<\/p>\n","protected":false},"featured_media":4236,"template":"","meta":{"_kad_post_transparent":"","_kad_post_title":"","_kad_post_layout":"","_kad_post_sidebar_id":"","_kad_post_content_style":"","_kad_post_vertical_padding":"","_kad_post_feature":"","_kad_post_feature_position":"","_kad_post_header":false,"_kad_post_footer":false,"_kad_post_classname":""},"product_brand":[],"product_cat":[151,203,93],"product_tag":[],"class_list":{"0":"post-4147","1":"product","2":"type-product","3":"status-publish","4":"has-post-thumbnail","6":"product_cat-eubonia-fr","7":"product_cat-soins-hydratants-visage","8":"product_cat-visage","10":"first","11":"instock","12":"shipping-taxable","13":"purchasable","14":"product-type-simple","15":"entry","16":"content-bg","17":"loop-entry"},"_links":{"self":[{"href":"https:\/\/sourcenaturelle.eu\/fr\/wp-json\/wp\/v2\/product\/4147","targetHints":{"allow":["GET"]}}],"collection":[{"href":"https:\/\/sourcenaturelle.eu\/fr\/wp-json\/wp\/v2\/product"}],"about":[{"href":"https:\/\/sourcenaturelle.eu\/fr\/wp-json\/wp\/v2\/types\/product"}],"wp:featuredmedia":[{"embeddable":true,"href":"https:\/\/sourcenaturelle.eu\/fr\/wp-json\/wp\/v2\/media\/4236"}],"wp:attachment":[{"href":"https:\/\/sourcenaturelle.eu\/fr\/wp-json\/wp\/v2\/media?parent=4147"}],"wp:term":[{"taxonomy":"product_brand","embeddable":true,"href":"https:\/\/sourcenaturelle.eu\/fr\/wp-json\/wp\/v2\/product_brand?post=4147"},{"taxonomy":"product_cat","embeddable":true,"href":"https:\/\/sourcenaturelle.eu\/fr\/wp-json\/wp\/v2\/product_cat?post=4147"},{"taxonomy":"product_tag","embeddable":true,"href":"https:\/\/sourcenaturelle.eu\/fr\/wp-json\/wp\/v2\/product_tag?post=4147"}],"curies":[{"name":"wp","href":"https:\/\/api.w.org\/{rel}","templated":true}]}}