{"id":4143,"date":"2021-07-01T05:26:12","date_gmt":"2021-07-01T05:26:12","guid":{"rendered":"https:\/\/sourcenaturelle.eu\/product\/eubiona-gel-aloe-vera-100ml\/"},"modified":"2021-07-01T05:26:12","modified_gmt":"2021-07-01T05:26:12","slug":"eubiona-gel-aloe-vera-100ml","status":"publish","type":"product","link":"https:\/\/sourcenaturelle.eu\/fr\/produit\/eubiona-gel-aloe-vera-100ml\/","title":{"rendered":"Eubiona Gel Aloe Vera, 100ml"},"content":{"rendered":"<p>aux liposomes &#8211; pour peaux normales et s\u00e8ches<br \/>\nL\u2019extrait d\u2019aloe vera rafra\u00eechit les peaux d\u00e9shydrat\u00e9es et s\u00e8ches, et raffermit les peaux grasses. Les liposomes de l\u00e9cithine offrent une protection suppl\u00e9mentaire et hydratent intensivement la peau. Id\u00e9al en soin quotidien ou apr\u00e8s un bain de soleil.<\/p>\n<p>Utilisation :<br \/>\nFaire p\u00e9n\u00e9trer une petite noisette de gel sur la peau du visage en massant d\u00e9licatement et laisser agir environ 5 minutes.Ensuite, appliquer par exemple la cr\u00e8me de jour \u00e0 l\u2019aloe vera.<\/p>\n<p>Ingr\u00e9dients :<br \/>\nextrait hydro-alcool\u00e9 d\u2019aloe vera*, extrait d\u2019aloe vera*, alcool de betterave \u00e0 sucre, glyc\u00e9rine, gomme, huile de jojoba*, hyaluronate de sodium (humectant),l\u00e9cithine, vitamine E naturelle, m\u00e9lange d\u2019huiles essentielles, limonene, linalool, citronellol, geraniol, citral<br \/>\n*ingr\u00e9dients issus de l\u2019agriculture biologique<\/p>\n<p>100% du total des ingr\u00e9dients sont d\u2019origine naturelle<br \/>\n12 % du total des ingr\u00e9dients sont issus de l\u2019agriculture biologique<br \/>\n97 % du total des v\u00e9g\u00e9taux sont issus de l\u2019agriculture biologique<\/p>\n","protected":false},"excerpt":{"rendered":"<p>aux liposomes &#8211; pour peaux normales et s\u00e8ches<\/p>\n","protected":false},"featured_media":4228,"template":"","meta":{"_kad_post_transparent":"","_kad_post_title":"","_kad_post_layout":"","_kad_post_sidebar_id":"","_kad_post_content_style":"","_kad_post_vertical_padding":"","_kad_post_feature":"","_kad_post_feature_position":"","_kad_post_header":false,"_kad_post_footer":false,"_kad_post_classname":""},"product_brand":[],"product_cat":[151,203,93],"product_tag":[],"class_list":{"0":"post-4143","1":"product","2":"type-product","3":"status-publish","4":"has-post-thumbnail","6":"product_cat-eubonia-fr","7":"product_cat-soins-hydratants-visage","8":"product_cat-visage","10":"first","11":"instock","12":"shipping-taxable","13":"purchasable","14":"product-type-simple","15":"entry","16":"content-bg","17":"loop-entry"},"_links":{"self":[{"href":"https:\/\/sourcenaturelle.eu\/fr\/wp-json\/wp\/v2\/product\/4143","targetHints":{"allow":["GET"]}}],"collection":[{"href":"https:\/\/sourcenaturelle.eu\/fr\/wp-json\/wp\/v2\/product"}],"about":[{"href":"https:\/\/sourcenaturelle.eu\/fr\/wp-json\/wp\/v2\/types\/product"}],"wp:featuredmedia":[{"embeddable":true,"href":"https:\/\/sourcenaturelle.eu\/fr\/wp-json\/wp\/v2\/media\/4228"}],"wp:attachment":[{"href":"https:\/\/sourcenaturelle.eu\/fr\/wp-json\/wp\/v2\/media?parent=4143"}],"wp:term":[{"taxonomy":"product_brand","embeddable":true,"href":"https:\/\/sourcenaturelle.eu\/fr\/wp-json\/wp\/v2\/product_brand?post=4143"},{"taxonomy":"product_cat","embeddable":true,"href":"https:\/\/sourcenaturelle.eu\/fr\/wp-json\/wp\/v2\/product_cat?post=4143"},{"taxonomy":"product_tag","embeddable":true,"href":"https:\/\/sourcenaturelle.eu\/fr\/wp-json\/wp\/v2\/product_tag?post=4143"}],"curies":[{"name":"wp","href":"https:\/\/api.w.org\/{rel}","templated":true}]}}