{"id":4139,"date":"2021-06-30T15:41:08","date_gmt":"2021-06-30T15:41:08","guid":{"rendered":"https:\/\/sourcenaturelle.eu\/product\/eubiona-gel-nettoyant-aloe-vera-125ml\/"},"modified":"2021-06-30T15:41:08","modified_gmt":"2021-06-30T15:41:08","slug":"eubiona-gel-nettoyant-aloe-vera-125ml","status":"publish","type":"product","link":"https:\/\/sourcenaturelle.eu\/fr\/produit\/eubiona-gel-nettoyant-aloe-vera-125ml\/","title":{"rendered":"Eubiona Gel nettoyant Aloe Vera, 125ml"},"content":{"rendered":"<p>\u00e0 la grenade &#8211; pour tous les types de peau<br \/>\nGel nettoyant doux pour une utilisation quotidienne. Les extraits d\u2019aloe vera et de grenade hydratent, apaisent la peau et aident \u00e0 normaliser l\u2019hydratation de la peau. Id\u00e9al comme d\u00e9maquillant. \u00c9galement recommand\u00e9 pour les peaux sensibles.<br \/>\nUtilisation : Appliquer matin et soir sur la peau humide du visage et du d\u00e9collet\u00e9. Rincer abondamment \u00e0 l\u2019eau chaude. Ensuite, appliquer votre soin habituel.<\/p>\n<p>Ingr\u00e9dients: extrait hydro-alcool\u00e9 d\u2019aloe vera*, tenside douce (coco-glucoside), hydrolat d\u2019aloe vera*, hydrolat de grenade*, glyc\u00e9rine, alcool, agent tensioactif doux, gomme v\u00e9g\u00e9tale, concentr\u00e9 d\u2019aloe vera en poudre, hydrolat de th\u00e9 vert*, extrait d\u2019\u00e9chinac\u00e9e*, acide citrique, m\u00e9lange d\u2019huiles essentielles, citrate de sodium, limonene, citral, linalool<br \/>\n* ingr\u00e9dients issus de l\u2019agriculture biologique<\/p>\n<p>100 % du total des ingr\u00e9dients sont d\u2019origine naturelle<br \/>\n11 % du total des ingr\u00e9dients sont issus de l\u2019agriculture biologique<br \/>\n100 % du total des v\u00e9g\u00e9taux sont issus de l&rsquo;agriculture biologique<\/p>\n","protected":false},"excerpt":{"rendered":"<p>Pour toutes les peaux<\/p>\n","protected":false},"featured_media":4232,"template":"","meta":{"_kad_post_transparent":"","_kad_post_title":"","_kad_post_layout":"","_kad_post_sidebar_id":"","_kad_post_content_style":"","_kad_post_vertical_padding":"","_kad_post_feature":"","_kad_post_feature_position":"","_kad_post_header":false,"_kad_post_footer":false,"_kad_post_classname":""},"product_brand":[],"product_cat":[151,197,93],"product_tag":[],"class_list":{"0":"post-4139","1":"product","2":"type-product","3":"status-publish","4":"has-post-thumbnail","6":"product_cat-eubonia-fr","7":"product_cat-soins-nettoyants","8":"product_cat-visage","10":"first","11":"instock","12":"shipping-taxable","13":"purchasable","14":"product-type-simple","15":"entry","16":"content-bg","17":"loop-entry"},"_links":{"self":[{"href":"https:\/\/sourcenaturelle.eu\/fr\/wp-json\/wp\/v2\/product\/4139","targetHints":{"allow":["GET"]}}],"collection":[{"href":"https:\/\/sourcenaturelle.eu\/fr\/wp-json\/wp\/v2\/product"}],"about":[{"href":"https:\/\/sourcenaturelle.eu\/fr\/wp-json\/wp\/v2\/types\/product"}],"wp:featuredmedia":[{"embeddable":true,"href":"https:\/\/sourcenaturelle.eu\/fr\/wp-json\/wp\/v2\/media\/4232"}],"wp:attachment":[{"href":"https:\/\/sourcenaturelle.eu\/fr\/wp-json\/wp\/v2\/media?parent=4139"}],"wp:term":[{"taxonomy":"product_brand","embeddable":true,"href":"https:\/\/sourcenaturelle.eu\/fr\/wp-json\/wp\/v2\/product_brand?post=4139"},{"taxonomy":"product_cat","embeddable":true,"href":"https:\/\/sourcenaturelle.eu\/fr\/wp-json\/wp\/v2\/product_cat?post=4139"},{"taxonomy":"product_tag","embeddable":true,"href":"https:\/\/sourcenaturelle.eu\/fr\/wp-json\/wp\/v2\/product_tag?post=4139"}],"curies":[{"name":"wp","href":"https:\/\/api.w.org\/{rel}","templated":true}]}}