{"id":4089,"date":"2021-06-30T00:22:43","date_gmt":"2021-06-30T00:22:43","guid":{"rendered":"https:\/\/sourcenaturelle.eu\/product\/eco-cosmetics-babykids-body-lotion-200ml-fr\/"},"modified":"2021-06-30T00:22:43","modified_gmt":"2021-06-30T00:22:43","slug":"eco-cosmetics-babykids-body-lotion-200ml-fr","status":"publish","type":"product","link":"https:\/\/sourcenaturelle.eu\/fr\/produit\/eco-cosmetics-babykids-body-lotion-200ml-fr\/","title":{"rendered":"Eco cosmetics Baby&#038;Kids Lotion Corporelle , 200ml"},"content":{"rendered":"<p>Avec de l&rsquo;extrait de grenade et de l&rsquo;argousier.<br \/>\nLa lotion Baby &#038; Kids est sp\u00e9cialement con\u00e7ue pour la peau sensible des b\u00e9b\u00e9s et des enfants. Les huiles pures d&rsquo;olives biologiques et d&rsquo;argousier biologique prot\u00e8gent la peau d\u00e9licate des b\u00e9b\u00e9s. Le beurre de karit\u00e9 et l&rsquo;huile de jojoba issus de l&rsquo;agriculture biologique assurent un soin intensif et contribuent \u00e0 apaiser les rougeurs et les irritations. Les pr\u00e9cieux extraits de grenade biologique apportent une hydratation suppl\u00e9mentaire et pr\u00e9viennent le dess\u00e8chement de la peau. La peau reste lisse et souple, surtout apr\u00e8s un grand bain ou une journ\u00e9e \u00e0 la plage. Les huiles essentielles naturelles conf\u00e8rent un l\u00e9ger parfum.<\/p>\n","protected":false},"excerpt":{"rendered":"<p>Avec de l&rsquo;extrait de grenade et de l&rsquo;argousier. La lotion Baby &#038; Kids est sp\u00e9cialement con\u00e7ue pour la peau sensible des b\u00e9b\u00e9s et des enfants. Les huiles pures d&rsquo;olives biologiques et d&rsquo;argousier biologique prot\u00e8gent la peau d\u00e9licate des b\u00e9b\u00e9s. Le beurre de karit\u00e9 et l&rsquo;huile de jojoba issus de l&rsquo;agriculture biologique assurent un soin intensif&#8230;<\/p>\n","protected":false},"featured_media":4084,"template":"","meta":{"_kad_post_transparent":"","_kad_post_title":"","_kad_post_layout":"","_kad_post_sidebar_id":"","_kad_post_content_style":"","_kad_post_vertical_padding":"","_kad_post_feature":"","_kad_post_feature_position":"","_kad_post_header":false,"_kad_post_footer":false,"_kad_post_classname":""},"product_brand":[],"product_cat":[75,90,117,120,194],"product_tag":[],"class_list":{"0":"post-4089","1":"product","2":"type-product","3":"status-publish","4":"has-post-thumbnail","6":"product_cat-corps","7":"product_cat-eco-cosmetics-fr","8":"product_cat-enfants","9":"product_cat-soin-du-corps","10":"product_cat-soins-hydratants","12":"first","13":"instock","14":"shipping-taxable","15":"purchasable","16":"product-type-simple","17":"entry","18":"content-bg","19":"loop-entry"},"_links":{"self":[{"href":"https:\/\/sourcenaturelle.eu\/fr\/wp-json\/wp\/v2\/product\/4089","targetHints":{"allow":["GET"]}}],"collection":[{"href":"https:\/\/sourcenaturelle.eu\/fr\/wp-json\/wp\/v2\/product"}],"about":[{"href":"https:\/\/sourcenaturelle.eu\/fr\/wp-json\/wp\/v2\/types\/product"}],"wp:featuredmedia":[{"embeddable":true,"href":"https:\/\/sourcenaturelle.eu\/fr\/wp-json\/wp\/v2\/media\/4084"}],"wp:attachment":[{"href":"https:\/\/sourcenaturelle.eu\/fr\/wp-json\/wp\/v2\/media?parent=4089"}],"wp:term":[{"taxonomy":"product_brand","embeddable":true,"href":"https:\/\/sourcenaturelle.eu\/fr\/wp-json\/wp\/v2\/product_brand?post=4089"},{"taxonomy":"product_cat","embeddable":true,"href":"https:\/\/sourcenaturelle.eu\/fr\/wp-json\/wp\/v2\/product_cat?post=4089"},{"taxonomy":"product_tag","embeddable":true,"href":"https:\/\/sourcenaturelle.eu\/fr\/wp-json\/wp\/v2\/product_tag?post=4089"}],"curies":[{"name":"wp","href":"https:\/\/api.w.org\/{rel}","templated":true}]}}