{"id":4075,"date":"2021-06-30T00:11:32","date_gmt":"2021-06-30T00:11:32","guid":{"rendered":"https:\/\/sourcenaturelle.eu\/product\/eco-cosmetics-babykinds-shampoo-shower-gel-200ml\/"},"modified":"2021-06-30T00:11:32","modified_gmt":"2021-06-30T00:11:32","slug":"eco-cosmetics-babykinds-shampoo-shower-gel-200ml","status":"publish","type":"product","link":"https:\/\/sourcenaturelle.eu\/fr\/produit\/eco-cosmetics-babykinds-shampoo-shower-gel-200ml\/","title":{"rendered":"Eco cosmetics Baby&#038;Kinds Shampooing\/Gel Douche, 200ml"},"content":{"rendered":"<p>avec de l&rsquo;extrait de grenade et de l&rsquo;argousier.<\/p>\n<p>M\u00eame la peau sensible de la t\u00eate et du corps est soign\u00e9e en douceur. Les pr\u00e9cieux extraits de grenade issus de la culture biologique apportent \u00e0 la peau d\u00e9licate une hydratation suppl\u00e9mentaire et l&#8217;emp\u00eachent de se dess\u00e9cher. L&rsquo;extrait pur de feuilles d&rsquo;argousier issu de l&rsquo;agriculture biologique apaise les peaux sensibles et soutient les fonctions cutan\u00e9es qui ne sont pas encore totalement d\u00e9velopp\u00e9es. Les huiles essentielles naturelles apportent un doux parfum, la douche quotidienne devient un pur plaisir !<\/p>\n","protected":false},"excerpt":{"rendered":"<p>avec de l&rsquo;extrait de grenade et de l&rsquo;argousier. M\u00eame la peau sensible de la t\u00eate et du corps est soign\u00e9e en douceur. Les pr\u00e9cieux extraits de grenade issus de la culture biologique apportent \u00e0 la peau d\u00e9licate une hydratation suppl\u00e9mentaire et l&#8217;emp\u00eachent de se dess\u00e9cher. L&rsquo;extrait pur de feuilles d&rsquo;argousier issu de l&rsquo;agriculture biologique apaise&#8230;<\/p>\n","protected":false},"featured_media":4071,"template":"","meta":{"_kad_post_transparent":"","_kad_post_title":"","_kad_post_layout":"","_kad_post_sidebar_id":"","_kad_post_content_style":"","_kad_post_vertical_padding":"","_kad_post_feature":"","_kad_post_feature_position":"","_kad_post_header":false,"_kad_post_footer":false,"_kad_post_classname":""},"product_brand":[],"product_cat":[188,75,123,90,117],"product_tag":[],"class_list":{"0":"post-4075","1":"product","2":"type-product","3":"status-publish","4":"has-post-thumbnail","6":"product_cat-bain-douche","7":"product_cat-corps","8":"product_cat-douche-shampoing","9":"product_cat-eco-cosmetics-fr","10":"product_cat-enfants","12":"first","13":"instock","14":"shipping-taxable","15":"purchasable","16":"product-type-simple","17":"entry","18":"content-bg","19":"loop-entry"},"_links":{"self":[{"href":"https:\/\/sourcenaturelle.eu\/fr\/wp-json\/wp\/v2\/product\/4075","targetHints":{"allow":["GET"]}}],"collection":[{"href":"https:\/\/sourcenaturelle.eu\/fr\/wp-json\/wp\/v2\/product"}],"about":[{"href":"https:\/\/sourcenaturelle.eu\/fr\/wp-json\/wp\/v2\/types\/product"}],"wp:featuredmedia":[{"embeddable":true,"href":"https:\/\/sourcenaturelle.eu\/fr\/wp-json\/wp\/v2\/media\/4071"}],"wp:attachment":[{"href":"https:\/\/sourcenaturelle.eu\/fr\/wp-json\/wp\/v2\/media?parent=4075"}],"wp:term":[{"taxonomy":"product_brand","embeddable":true,"href":"https:\/\/sourcenaturelle.eu\/fr\/wp-json\/wp\/v2\/product_brand?post=4075"},{"taxonomy":"product_cat","embeddable":true,"href":"https:\/\/sourcenaturelle.eu\/fr\/wp-json\/wp\/v2\/product_cat?post=4075"},{"taxonomy":"product_tag","embeddable":true,"href":"https:\/\/sourcenaturelle.eu\/fr\/wp-json\/wp\/v2\/product_tag?post=4075"}],"curies":[{"name":"wp","href":"https:\/\/api.w.org\/{rel}","templated":true}]}}