{"id":4068,"date":"2021-06-30T00:02:55","date_gmt":"2021-06-30T00:02:55","guid":{"rendered":"https:\/\/sourcenaturelle.eu\/product\/eco-cosmetics-creme-dentaire-75ml\/"},"modified":"2021-06-30T00:02:55","modified_gmt":"2021-06-30T00:02:55","slug":"eco-cosmetics-creme-dentaire-75ml","status":"publish","type":"product","link":"https:\/\/sourcenaturelle.eu\/fr\/produit\/eco-cosmetics-creme-dentaire-75ml\/","title":{"rendered":"Eco cosmetics Cr\u00e8me Dentaire, 75ml"},"content":{"rendered":"<p>Au cumin noir &#8211; fra\u00eecheur et soin sans menthe poivr\u00e9e, convient lors d&rsquo;un traitement hom\u00e9opathique.<\/p>\n<p>Les graines de cumin noir sont utilis\u00e9es depuis l&rsquo;Antiquit\u00e9 pour renforcer le syst\u00e8me immunitaire. L&rsquo;huile* extraite contient de pr\u00e9cieux acides gras polyinsatur\u00e9s, dont l&rsquo;int\u00e9gration dans un dentifrice pour les probl\u00e8mes de gencives est fortement recommand\u00e9e. Le m\u00e9lange r\u00e9ussi de sauge* et de th\u00e9 vert* nettoie les dents en profondeur et pr\u00e9vient les caries et le tartre. Le dentifrice l\u00e9g\u00e8rement moussant enrichi en carvone procure un go\u00fbt agr\u00e9able et frais. L&rsquo;acide silicique min\u00e9ral pur nettoie en douceur et n&rsquo;attaque pas l&rsquo;\u00e9mail des dents. La flore buccale reste saine et prot\u00e9g\u00e9e.<\/p>\n","protected":false},"excerpt":{"rendered":"<p>Au cumin noir &#8211; fra\u00eecheur et soin sans menthe poivr\u00e9e, convient lors d&rsquo;un traitement hom\u00e9opathique. Les graines de cumin noir sont utilis\u00e9es depuis l&rsquo;Antiquit\u00e9 pour renforcer le syst\u00e8me immunitaire. L&rsquo;huile* extraite contient de pr\u00e9cieux acides gras polyinsatur\u00e9s, dont l&rsquo;int\u00e9gration dans un dentifrice pour les probl\u00e8mes de gencives est fortement recommand\u00e9e. Le m\u00e9lange r\u00e9ussi de sauge*&#8230;<\/p>\n","protected":false},"featured_media":4063,"template":"","meta":{"_kad_post_transparent":"","_kad_post_title":"","_kad_post_layout":"","_kad_post_sidebar_id":"","_kad_post_content_style":"","_kad_post_vertical_padding":"","_kad_post_feature":"","_kad_post_feature_position":"","_kad_post_header":false,"_kad_post_footer":false,"_kad_post_classname":""},"product_brand":[],"product_cat":[90,206,93],"product_tag":[],"class_list":{"0":"post-4068","1":"product","2":"type-product","3":"status-publish","4":"has-post-thumbnail","6":"product_cat-eco-cosmetics-fr","7":"product_cat-soins-bucco-dentaires","8":"product_cat-visage","10":"first","11":"instock","12":"shipping-taxable","13":"purchasable","14":"product-type-simple","15":"entry","16":"content-bg","17":"loop-entry"},"_links":{"self":[{"href":"https:\/\/sourcenaturelle.eu\/fr\/wp-json\/wp\/v2\/product\/4068","targetHints":{"allow":["GET"]}}],"collection":[{"href":"https:\/\/sourcenaturelle.eu\/fr\/wp-json\/wp\/v2\/product"}],"about":[{"href":"https:\/\/sourcenaturelle.eu\/fr\/wp-json\/wp\/v2\/types\/product"}],"wp:featuredmedia":[{"embeddable":true,"href":"https:\/\/sourcenaturelle.eu\/fr\/wp-json\/wp\/v2\/media\/4063"}],"wp:attachment":[{"href":"https:\/\/sourcenaturelle.eu\/fr\/wp-json\/wp\/v2\/media?parent=4068"}],"wp:term":[{"taxonomy":"product_brand","embeddable":true,"href":"https:\/\/sourcenaturelle.eu\/fr\/wp-json\/wp\/v2\/product_brand?post=4068"},{"taxonomy":"product_cat","embeddable":true,"href":"https:\/\/sourcenaturelle.eu\/fr\/wp-json\/wp\/v2\/product_cat?post=4068"},{"taxonomy":"product_tag","embeddable":true,"href":"https:\/\/sourcenaturelle.eu\/fr\/wp-json\/wp\/v2\/product_tag?post=4068"}],"curies":[{"name":"wp","href":"https:\/\/api.w.org\/{rel}","templated":true}]}}