{"id":4059,"date":"2021-06-29T23:54:30","date_gmt":"2021-06-29T23:54:30","guid":{"rendered":"https:\/\/sourcenaturelle.eu\/product\/eco-cosmetics-deo-roll-on-fresh-50ml-fr\/"},"modified":"2021-06-29T23:54:30","modified_gmt":"2021-06-29T23:54:30","slug":"eco-cosmetics-deo-roll-on-fresh-50ml-fr","status":"publish","type":"product","link":"https:\/\/sourcenaturelle.eu\/fr\/produit\/eco-cosmetics-deo-roll-on-fresh-50ml-fr\/","title":{"rendered":"Eco cosmetics Deo Roll-On Fresh, 50ml"},"content":{"rendered":"<p>Avec de la grenade et de la baie de goji sans sels d&rsquo;aluminium.<\/p>\n<p>Il nourrit la peau et r\u00e9gule la production de sueur. Un sentiment imm\u00e9diat de fra\u00eecheur et de s\u00e9curit\u00e9 est cr\u00e9\u00e9. La combinaison optimale de la grenade* et des baies de goji* assure une protection d\u00e9odorante fiable. Particuli\u00e8rement doux pour la peau sensible des aisselles. Protection longue dur\u00e9e &#8211; jusqu&rsquo;\u00e0 24h.<\/p>\n","protected":false},"excerpt":{"rendered":"<p>Avec de la grenade et de la baie de goji sans sels d&rsquo;aluminium. Il nourrit la peau et r\u00e9gule la production de sueur. Un sentiment imm\u00e9diat de fra\u00eecheur et de s\u00e9curit\u00e9 est cr\u00e9\u00e9. La combinaison optimale de la grenade* et des baies de goji* assure une protection d\u00e9odorante fiable. Particuli\u00e8rement doux pour la peau sensible&#8230;<\/p>\n","protected":false},"featured_media":4079,"template":"","meta":{"_kad_post_transparent":"","_kad_post_title":"","_kad_post_layout":"","_kad_post_sidebar_id":"","_kad_post_content_style":"","_kad_post_vertical_padding":"","_kad_post_feature":"","_kad_post_feature_position":"","_kad_post_header":false,"_kad_post_footer":false,"_kad_post_classname":""},"product_brand":[],"product_cat":[75,191,90],"product_tag":[],"class_list":{"0":"post-4059","1":"product","2":"type-product","3":"status-publish","4":"has-post-thumbnail","6":"product_cat-corps","7":"product_cat-deodorants-fr","8":"product_cat-eco-cosmetics-fr","10":"first","11":"instock","12":"shipping-taxable","13":"purchasable","14":"product-type-simple","15":"entry","16":"content-bg","17":"loop-entry"},"_links":{"self":[{"href":"https:\/\/sourcenaturelle.eu\/fr\/wp-json\/wp\/v2\/product\/4059","targetHints":{"allow":["GET"]}}],"collection":[{"href":"https:\/\/sourcenaturelle.eu\/fr\/wp-json\/wp\/v2\/product"}],"about":[{"href":"https:\/\/sourcenaturelle.eu\/fr\/wp-json\/wp\/v2\/types\/product"}],"wp:featuredmedia":[{"embeddable":true,"href":"https:\/\/sourcenaturelle.eu\/fr\/wp-json\/wp\/v2\/media\/4079"}],"wp:attachment":[{"href":"https:\/\/sourcenaturelle.eu\/fr\/wp-json\/wp\/v2\/media?parent=4059"}],"wp:term":[{"taxonomy":"product_brand","embeddable":true,"href":"https:\/\/sourcenaturelle.eu\/fr\/wp-json\/wp\/v2\/product_brand?post=4059"},{"taxonomy":"product_cat","embeddable":true,"href":"https:\/\/sourcenaturelle.eu\/fr\/wp-json\/wp\/v2\/product_cat?post=4059"},{"taxonomy":"product_tag","embeddable":true,"href":"https:\/\/sourcenaturelle.eu\/fr\/wp-json\/wp\/v2\/product_tag?post=4059"}],"curies":[{"name":"wp","href":"https:\/\/api.w.org\/{rel}","templated":true}]}}