{"id":4044,"date":"2021-06-29T23:42:15","date_gmt":"2021-06-29T23:42:15","guid":{"rendered":"https:\/\/sourcenaturelle.eu\/product\/eco-cosmetics-creme-mains-125ml\/"},"modified":"2021-06-29T23:42:15","modified_gmt":"2021-06-29T23:42:15","slug":"eco-cosmetics-creme-mains-125ml","status":"publish","type":"product","link":"https:\/\/sourcenaturelle.eu\/fr\/produit\/eco-cosmetics-creme-mains-125ml\/","title":{"rendered":"Eco cosmetics Cr\u00e8me Mains, 125ml"},"content":{"rendered":"<p>Avec de l&rsquo;\u00e9chinac\u00e9e et de l&rsquo;huile de p\u00e9pins de raisin.<br \/>\nNon gras et agr\u00e9ablement parfum\u00e9. Enrichie en huile de p\u00e9pins de raisin*, la cr\u00e8me pour les mains prot\u00e8ge et nourrit la peau et les ongles. Le squalane assure l&rsquo;hydratation de la peau. La peau reste douce et tendre. Pour un soin intensif et durable.<\/p>\n","protected":false},"excerpt":{"rendered":"<p>Avec de l&rsquo;\u00e9chinac\u00e9e et de l&rsquo;huile de p\u00e9pins de raisin. Non gras et agr\u00e9ablement parfum\u00e9. Enrichie en huile de p\u00e9pins de raisin*, la cr\u00e8me pour les mains prot\u00e8ge et nourrit la peau et les ongles. Le squalane assure l&rsquo;hydratation de la peau. La peau reste douce et tendre. Pour un soin intensif et durable.<\/p>\n","protected":false},"featured_media":4039,"template":"","meta":{"_kad_post_transparent":"","_kad_post_title":"","_kad_post_layout":"","_kad_post_sidebar_id":"","_kad_post_content_style":"","_kad_post_vertical_padding":"","_kad_post_feature":"","_kad_post_feature_position":"","_kad_post_header":false,"_kad_post_footer":false,"_kad_post_classname":""},"product_brand":[],"product_cat":[75,90,194],"product_tag":[],"class_list":{"0":"post-4044","1":"product","2":"type-product","3":"status-publish","4":"has-post-thumbnail","6":"product_cat-corps","7":"product_cat-eco-cosmetics-fr","8":"product_cat-soins-hydratants","10":"first","11":"instock","12":"shipping-taxable","13":"purchasable","14":"product-type-simple","15":"entry","16":"content-bg","17":"loop-entry"},"_links":{"self":[{"href":"https:\/\/sourcenaturelle.eu\/fr\/wp-json\/wp\/v2\/product\/4044","targetHints":{"allow":["GET"]}}],"collection":[{"href":"https:\/\/sourcenaturelle.eu\/fr\/wp-json\/wp\/v2\/product"}],"about":[{"href":"https:\/\/sourcenaturelle.eu\/fr\/wp-json\/wp\/v2\/types\/product"}],"wp:featuredmedia":[{"embeddable":true,"href":"https:\/\/sourcenaturelle.eu\/fr\/wp-json\/wp\/v2\/media\/4039"}],"wp:attachment":[{"href":"https:\/\/sourcenaturelle.eu\/fr\/wp-json\/wp\/v2\/media?parent=4044"}],"wp:term":[{"taxonomy":"product_brand","embeddable":true,"href":"https:\/\/sourcenaturelle.eu\/fr\/wp-json\/wp\/v2\/product_brand?post=4044"},{"taxonomy":"product_cat","embeddable":true,"href":"https:\/\/sourcenaturelle.eu\/fr\/wp-json\/wp\/v2\/product_cat?post=4044"},{"taxonomy":"product_tag","embeddable":true,"href":"https:\/\/sourcenaturelle.eu\/fr\/wp-json\/wp\/v2\/product_tag?post=4044"}],"curies":[{"name":"wp","href":"https:\/\/api.w.org\/{rel}","templated":true}]}}