{"id":4035,"date":"2021-06-29T23:35:58","date_gmt":"2021-06-29T23:35:58","guid":{"rendered":"https:\/\/sourcenaturelle.eu\/product\/eco-cosmetics-gel-douche-200ml\/"},"modified":"2021-06-29T23:35:58","modified_gmt":"2021-06-29T23:35:58","slug":"eco-cosmetics-gel-douche-200ml","status":"publish","type":"product","link":"https:\/\/sourcenaturelle.eu\/fr\/produit\/eco-cosmetics-gel-douche-200ml\/","title":{"rendered":"Eco cosmetics Gel Douche, 200ml"},"content":{"rendered":"<p>Au th\u00e9 vert et \u00e0 la grenade<\/p>\n<p>Une fra\u00eecheur douce avec un parfum subtil. Prend soin de la peau m\u00eame sous la douche : Alors que le th\u00e9 vert* procure un effet frais et tonique sur la peau, les propri\u00e9t\u00e9s r\u00e9gulatrices et astringentes des feuilles de vigne* permettent de normaliser l&rsquo;\u00e9quilibre hydrique de la peau. Les extraits de grenade* assurent le maintien de l&rsquo;\u00e9quilibre hydrique. La peau reste pure, velout\u00e9e et souple.<\/p>\n","protected":false},"excerpt":{"rendered":"<p>Pour toutes les peaux<\/p>\n","protected":false},"featured_media":4031,"template":"","meta":{"_kad_post_transparent":"","_kad_post_title":"","_kad_post_layout":"","_kad_post_sidebar_id":"","_kad_post_content_style":"","_kad_post_vertical_padding":"","_kad_post_feature":"","_kad_post_feature_position":"","_kad_post_header":false,"_kad_post_footer":false,"_kad_post_classname":""},"product_brand":[],"product_cat":[75,90,194],"product_tag":[],"class_list":{"0":"post-4035","1":"product","2":"type-product","3":"status-publish","4":"has-post-thumbnail","6":"product_cat-corps","7":"product_cat-eco-cosmetics-fr","8":"product_cat-soins-hydratants","10":"first","11":"instock","12":"shipping-taxable","13":"purchasable","14":"product-type-simple","15":"entry","16":"content-bg","17":"loop-entry"},"_links":{"self":[{"href":"https:\/\/sourcenaturelle.eu\/fr\/wp-json\/wp\/v2\/product\/4035","targetHints":{"allow":["GET"]}}],"collection":[{"href":"https:\/\/sourcenaturelle.eu\/fr\/wp-json\/wp\/v2\/product"}],"about":[{"href":"https:\/\/sourcenaturelle.eu\/fr\/wp-json\/wp\/v2\/types\/product"}],"wp:featuredmedia":[{"embeddable":true,"href":"https:\/\/sourcenaturelle.eu\/fr\/wp-json\/wp\/v2\/media\/4031"}],"wp:attachment":[{"href":"https:\/\/sourcenaturelle.eu\/fr\/wp-json\/wp\/v2\/media?parent=4035"}],"wp:term":[{"taxonomy":"product_brand","embeddable":true,"href":"https:\/\/sourcenaturelle.eu\/fr\/wp-json\/wp\/v2\/product_brand?post=4035"},{"taxonomy":"product_cat","embeddable":true,"href":"https:\/\/sourcenaturelle.eu\/fr\/wp-json\/wp\/v2\/product_cat?post=4035"},{"taxonomy":"product_tag","embeddable":true,"href":"https:\/\/sourcenaturelle.eu\/fr\/wp-json\/wp\/v2\/product_tag?post=4035"}],"curies":[{"name":"wp","href":"https:\/\/api.w.org\/{rel}","templated":true}]}}