{"id":4027,"date":"2021-06-29T23:24:37","date_gmt":"2021-06-29T23:24:37","guid":{"rendered":"https:\/\/sourcenaturelle.eu\/product\/eco-cosmetics-lotion-corporelle-200ml\/"},"modified":"2021-06-29T23:24:37","modified_gmt":"2021-06-29T23:24:37","slug":"eco-cosmetics-lotion-corporelle-200ml","status":"publish","type":"product","link":"https:\/\/sourcenaturelle.eu\/fr\/produit\/eco-cosmetics-lotion-corporelle-200ml\/","title":{"rendered":"Eco cosmetics Lotion Corporelle, 200ml"},"content":{"rendered":"<p>Avec feuille d&rsquo;olivier et grenade<\/p>\n<p>Soin corporel riche &#8211; redonne de l&rsquo;\u00e9lasticit\u00e9 \u00e0 la peau et pr\u00e9serve son \u00e9lasticit\u00e9 naturelle. Les extraits de grenade* assurent le maintien de l&rsquo;\u00e9quilibre hydrique. La feuille d&rsquo;olivier* et l&rsquo;huile de jojoba* combin\u00e9es au beurre de karit\u00e9* laissent votre peau douce et velout\u00e9e. Enrichie en vitamine E et en antioxydants, cette lotion de soin hydrate votre peau et la prot\u00e8ge des radicaux libres. Pour les peaux s\u00e8ches et sensibles.<\/p>\n","protected":false},"excerpt":{"rendered":"<p>Pour les peaux s\u00e8ches et sensibles.<\/p>\n","protected":false},"featured_media":4023,"template":"","meta":{"_kad_post_transparent":"","_kad_post_title":"","_kad_post_layout":"","_kad_post_sidebar_id":"","_kad_post_content_style":"","_kad_post_vertical_padding":"","_kad_post_feature":"","_kad_post_feature_position":"","_kad_post_header":false,"_kad_post_footer":false,"_kad_post_classname":""},"product_brand":[],"product_cat":[75,90,194],"product_tag":[],"class_list":{"0":"post-4027","1":"product","2":"type-product","3":"status-publish","4":"has-post-thumbnail","6":"product_cat-corps","7":"product_cat-eco-cosmetics-fr","8":"product_cat-soins-hydratants","10":"first","11":"onbackorder","12":"shipping-taxable","13":"purchasable","14":"product-type-simple","15":"entry","16":"content-bg","17":"loop-entry"},"_links":{"self":[{"href":"https:\/\/sourcenaturelle.eu\/fr\/wp-json\/wp\/v2\/product\/4027","targetHints":{"allow":["GET"]}}],"collection":[{"href":"https:\/\/sourcenaturelle.eu\/fr\/wp-json\/wp\/v2\/product"}],"about":[{"href":"https:\/\/sourcenaturelle.eu\/fr\/wp-json\/wp\/v2\/types\/product"}],"wp:featuredmedia":[{"embeddable":true,"href":"https:\/\/sourcenaturelle.eu\/fr\/wp-json\/wp\/v2\/media\/4023"}],"wp:attachment":[{"href":"https:\/\/sourcenaturelle.eu\/fr\/wp-json\/wp\/v2\/media?parent=4027"}],"wp:term":[{"taxonomy":"product_brand","embeddable":true,"href":"https:\/\/sourcenaturelle.eu\/fr\/wp-json\/wp\/v2\/product_brand?post=4027"},{"taxonomy":"product_cat","embeddable":true,"href":"https:\/\/sourcenaturelle.eu\/fr\/wp-json\/wp\/v2\/product_cat?post=4027"},{"taxonomy":"product_tag","embeddable":true,"href":"https:\/\/sourcenaturelle.eu\/fr\/wp-json\/wp\/v2\/product_tag?post=4027"}],"curies":[{"name":"wp","href":"https:\/\/api.w.org\/{rel}","templated":true}]}}