{"id":4020,"date":"2021-06-29T23:16:15","date_gmt":"2021-06-29T23:16:15","guid":{"rendered":"https:\/\/sourcenaturelle.eu\/product\/eco-cosmetics-lotion-corporel-hydratant-200ml\/"},"modified":"2021-06-29T23:16:15","modified_gmt":"2021-06-29T23:16:15","slug":"eco-cosmetics-lotion-corporel-hydratant-200ml","status":"publish","type":"product","link":"https:\/\/sourcenaturelle.eu\/fr\/produit\/eco-cosmetics-lotion-corporel-hydratant-200ml\/","title":{"rendered":"Eco cosmetics Lotion Corporelle Hydratant, 200ml"},"content":{"rendered":"<p>Avec feuille de vigne et grenade<\/p>\n<p>Soin corporel l\u00e9ger &#8211; peau douce gr\u00e2ce \u00e0 l&rsquo;association de l&rsquo;huile de jojoba* et du beurre de karit\u00e9*. Les extraits de grenade* maintiennent l&rsquo;\u00e9quilibre hydrique ; l&rsquo;huile d&rsquo;olive* et l&rsquo;extrait de feuille de vigne* prot\u00e8gent et nourrissent la peau. Enrichi en vitamine E et en antioxydants, il prot\u00e8ge contre les radicaux libres. Id\u00e9al pour les peaux normales \u00e0 grasses.<\/p>\n","protected":false},"excerpt":{"rendered":"<p>Id\u00e9al pour les peaux normales \u00e0 grasses<\/p>\n","protected":false},"featured_media":4015,"template":"","meta":{"_kad_post_transparent":"","_kad_post_title":"","_kad_post_layout":"","_kad_post_sidebar_id":"","_kad_post_content_style":"","_kad_post_vertical_padding":"","_kad_post_feature":"","_kad_post_feature_position":"","_kad_post_header":false,"_kad_post_footer":false,"_kad_post_classname":""},"product_brand":[],"product_cat":[75,90,194],"product_tag":[],"class_list":{"0":"post-4020","1":"product","2":"type-product","3":"status-publish","4":"has-post-thumbnail","6":"product_cat-corps","7":"product_cat-eco-cosmetics-fr","8":"product_cat-soins-hydratants","10":"first","11":"instock","12":"shipping-taxable","13":"purchasable","14":"product-type-simple","15":"entry","16":"content-bg","17":"loop-entry"},"_links":{"self":[{"href":"https:\/\/sourcenaturelle.eu\/fr\/wp-json\/wp\/v2\/product\/4020","targetHints":{"allow":["GET"]}}],"collection":[{"href":"https:\/\/sourcenaturelle.eu\/fr\/wp-json\/wp\/v2\/product"}],"about":[{"href":"https:\/\/sourcenaturelle.eu\/fr\/wp-json\/wp\/v2\/types\/product"}],"wp:featuredmedia":[{"embeddable":true,"href":"https:\/\/sourcenaturelle.eu\/fr\/wp-json\/wp\/v2\/media\/4015"}],"wp:attachment":[{"href":"https:\/\/sourcenaturelle.eu\/fr\/wp-json\/wp\/v2\/media?parent=4020"}],"wp:term":[{"taxonomy":"product_brand","embeddable":true,"href":"https:\/\/sourcenaturelle.eu\/fr\/wp-json\/wp\/v2\/product_brand?post=4020"},{"taxonomy":"product_cat","embeddable":true,"href":"https:\/\/sourcenaturelle.eu\/fr\/wp-json\/wp\/v2\/product_cat?post=4020"},{"taxonomy":"product_tag","embeddable":true,"href":"https:\/\/sourcenaturelle.eu\/fr\/wp-json\/wp\/v2\/product_tag?post=4020"}],"curies":[{"name":"wp","href":"https:\/\/api.w.org\/{rel}","templated":true}]}}