{"id":4003,"date":"2021-06-29T23:03:53","date_gmt":"2021-06-29T23:03:53","guid":{"rendered":"https:\/\/sourcenaturelle.eu\/product\/eco-cosmetics-shampooing-volume-200ml\/"},"modified":"2021-06-29T23:03:53","modified_gmt":"2021-06-29T23:03:53","slug":"eco-cosmetics-shampooing-volume-200ml","status":"publish","type":"product","link":"https:\/\/sourcenaturelle.eu\/fr\/produit\/eco-cosmetics-shampooing-volume-200ml\/","title":{"rendered":"Eco cosmetics Shampooing Volume, 200ml"},"content":{"rendered":"<p>Au tilleul et au kiwi, pour tous les types de cheveux.<\/p>\n<p>Donne aux cheveux brillance, volume et vitalit\u00e9. La formule enrichie en tilleul* et en kiwi nourrit les cuirs chevelus particuli\u00e8rement sensibles et revitalise les cheveux fins et clairsem\u00e9s. Recommand\u00e9 pour tous les types de cheveux.<\/p>\n","protected":false},"excerpt":{"rendered":"<p>Pour tous les cheveux<\/p>\n","protected":false},"featured_media":3999,"template":"","meta":{"_kad_post_transparent":"","_kad_post_title":"","_kad_post_layout":"","_kad_post_sidebar_id":"","_kad_post_content_style":"","_kad_post_vertical_padding":"","_kad_post_feature":"","_kad_post_feature_position":"","_kad_post_header":false,"_kad_post_footer":false,"_kad_post_classname":""},"product_brand":[],"product_cat":[105,90,209],"product_tag":[],"class_list":{"0":"post-4003","1":"product","2":"type-product","3":"status-publish","4":"has-post-thumbnail","6":"product_cat-cheveux","7":"product_cat-eco-cosmetics-fr","8":"product_cat-shampoings-apres-shampoings","10":"first","11":"instock","12":"shipping-taxable","13":"purchasable","14":"product-type-simple","15":"entry","16":"content-bg","17":"loop-entry"},"_links":{"self":[{"href":"https:\/\/sourcenaturelle.eu\/fr\/wp-json\/wp\/v2\/product\/4003","targetHints":{"allow":["GET"]}}],"collection":[{"href":"https:\/\/sourcenaturelle.eu\/fr\/wp-json\/wp\/v2\/product"}],"about":[{"href":"https:\/\/sourcenaturelle.eu\/fr\/wp-json\/wp\/v2\/types\/product"}],"wp:featuredmedia":[{"embeddable":true,"href":"https:\/\/sourcenaturelle.eu\/fr\/wp-json\/wp\/v2\/media\/3999"}],"wp:attachment":[{"href":"https:\/\/sourcenaturelle.eu\/fr\/wp-json\/wp\/v2\/media?parent=4003"}],"wp:term":[{"taxonomy":"product_brand","embeddable":true,"href":"https:\/\/sourcenaturelle.eu\/fr\/wp-json\/wp\/v2\/product_brand?post=4003"},{"taxonomy":"product_cat","embeddable":true,"href":"https:\/\/sourcenaturelle.eu\/fr\/wp-json\/wp\/v2\/product_cat?post=4003"},{"taxonomy":"product_tag","embeddable":true,"href":"https:\/\/sourcenaturelle.eu\/fr\/wp-json\/wp\/v2\/product_tag?post=4003"}],"curies":[{"name":"wp","href":"https:\/\/api.w.org\/{rel}","templated":true}]}}