{"id":3995,"date":"2021-06-29T22:56:10","date_gmt":"2021-06-29T22:56:10","guid":{"rendered":"https:\/\/sourcenaturelle.eu\/product\/eco-cosmetics-shampooing-hydratant\/"},"modified":"2021-06-29T22:56:10","modified_gmt":"2021-06-29T22:56:10","slug":"eco-cosmetics-shampooing-hydratant","status":"publish","type":"product","link":"https:\/\/sourcenaturelle.eu\/fr\/produit\/eco-cosmetics-shampooing-hydratant\/","title":{"rendered":"Eco cosmetics Shampooing Hydratant, 200ml"},"content":{"rendered":"<p>A la feuille d&rsquo;olivier et \u00e0 la mauve, pour les cheveux ab\u00eem\u00e9s.<\/p>\n<p>Renforce les cheveux et prot\u00e8ge le cuir chevelu sensible. La formule enrichie en feuilles d&rsquo;olivier* nourrit les cheveux. Gr\u00e2ce au pr\u00e9cieux extrait de mauve*, le cuir chevelu reste doux et est prot\u00e9g\u00e9 du dess\u00e8chement. Les cheveux restent doux et souples et sont faciles \u00e0 coiffer. Recommand\u00e9 pour les cheveux secs et ab\u00eem\u00e9s.<\/p>\n","protected":false},"excerpt":{"rendered":"<p>Pour tous les cheveux.<br \/>\nPour les cheveux secs et abim\u00e9s.<\/p>\n","protected":false},"featured_media":3991,"template":"","meta":{"_kad_post_transparent":"","_kad_post_title":"","_kad_post_layout":"","_kad_post_sidebar_id":"","_kad_post_content_style":"","_kad_post_vertical_padding":"","_kad_post_feature":"","_kad_post_feature_position":"","_kad_post_header":false,"_kad_post_footer":false,"_kad_post_classname":""},"product_brand":[],"product_cat":[105,90,209],"product_tag":[],"class_list":{"0":"post-3995","1":"product","2":"type-product","3":"status-publish","4":"has-post-thumbnail","6":"product_cat-cheveux","7":"product_cat-eco-cosmetics-fr","8":"product_cat-shampoings-apres-shampoings","10":"first","11":"instock","12":"shipping-taxable","13":"purchasable","14":"product-type-simple","15":"entry","16":"content-bg","17":"loop-entry"},"_links":{"self":[{"href":"https:\/\/sourcenaturelle.eu\/fr\/wp-json\/wp\/v2\/product\/3995","targetHints":{"allow":["GET"]}}],"collection":[{"href":"https:\/\/sourcenaturelle.eu\/fr\/wp-json\/wp\/v2\/product"}],"about":[{"href":"https:\/\/sourcenaturelle.eu\/fr\/wp-json\/wp\/v2\/types\/product"}],"wp:featuredmedia":[{"embeddable":true,"href":"https:\/\/sourcenaturelle.eu\/fr\/wp-json\/wp\/v2\/media\/3991"}],"wp:attachment":[{"href":"https:\/\/sourcenaturelle.eu\/fr\/wp-json\/wp\/v2\/media?parent=3995"}],"wp:term":[{"taxonomy":"product_brand","embeddable":true,"href":"https:\/\/sourcenaturelle.eu\/fr\/wp-json\/wp\/v2\/product_brand?post=3995"},{"taxonomy":"product_cat","embeddable":true,"href":"https:\/\/sourcenaturelle.eu\/fr\/wp-json\/wp\/v2\/product_cat?post=3995"},{"taxonomy":"product_tag","embeddable":true,"href":"https:\/\/sourcenaturelle.eu\/fr\/wp-json\/wp\/v2\/product_tag?post=3995"}],"curies":[{"name":"wp","href":"https:\/\/api.w.org\/{rel}","templated":true}]}}