{"id":3988,"date":"2021-06-29T22:45:36","date_gmt":"2021-06-29T22:45:36","guid":{"rendered":"https:\/\/sourcenaturelle.eu\/product\/eco-cosmetics-huile-antimoustique\/"},"modified":"2021-06-29T22:45:36","modified_gmt":"2021-06-29T22:45:36","slug":"eco-cosmetics-huile-antimoustique","status":"publish","type":"product","link":"https:\/\/sourcenaturelle.eu\/fr\/produit\/eco-cosmetics-huile-antimoustique\/","title":{"rendered":"Eco cosmetics Huile Antimoustique, 100ml"},"content":{"rendered":"<p>eco cosmetics a d\u00e9velopp\u00e9 pour vous une huile corporelle qui prend soin de votre peau tout en la recouvrant d&rsquo;un voile anti-moustique. Ce concept est bas\u00e9 sur une recette traditionnelle des gu\u00e9risseurs. La base est l&rsquo;huile de jojoba*, une cire v\u00e9g\u00e9tale liquide. Il est riche en acides gras insatur\u00e9s, en vitamine E et en oligo-\u00e9l\u00e9ments. Il laisse un film fin sur la peau et prot\u00e8ge ainsi contre la perte d&rsquo;humidit\u00e9 et nourrit la peau.<br \/>\nLe parfum de cet anti-moustique rappelle la cannelle avec une note d&rsquo;agrumes et se compose d&rsquo;huiles essentielles d&rsquo;agrumes et d&rsquo;eucalyptus, entre autres.<br \/>\nLes moustiques ne per\u00e7oivent plus l&rsquo;odeur corporelle naturelle des humains. Comme pour tous les produits cens\u00e9s pr\u00e9venir les piq\u00fbres de moustiques gr\u00e2ce \u00e0 leur odeur, l&rsquo;efficacit\u00e9 et la dur\u00e9e d\u00e9pendent de plusieurs facteurs, tels que la quantit\u00e9 appliqu\u00e9e, l&rsquo;odeur personnelle, l&rsquo;humidit\u00e9 de l&rsquo;air, le vent ou la temp\u00e9rature. Par cons\u00e9quent, bien que la fonction r\u00e9pulsive soit tr\u00e8s \u00e9lev\u00e9e, elle n&rsquo;est pas de 100%.<br \/>\nEn r\u00e8gle g\u00e9n\u00e9rale, il dure environ 1,5 \u00e0 2 heures, puis il faut le r\u00e9appliquer, car les huiles essentielles s&rsquo;\u00e9vaporent avec le temps.<br \/>\nLe flacon pratique permet une application \u00e9conomique et cibl\u00e9e. Convient \u00e9galement aux enfants et aux peaux sensibles.<br \/>\n* Ingr\u00e9dients issus de l&rsquo;agriculture biologique contr\u00f4l\u00e9e<\/p>\n<p>Application : Appliquer en quantit\u00e9 suffisante et de fa\u00e7on r\u00e9p\u00e9t\u00e9e ; \u00e9viter le contour des yeux. Peut \u00eatre tr\u00e8s facilement et uniform\u00e9ment<br \/>\ndistribuer. Appliquer en fine couche sur la peau.<br \/>\nCaract\u00e9ristiques sp\u00e9ciales :<br \/>\nAnti-moustique convenant \u00e0 tous les types de peau, y compris les enfants. Convient pour le corps et le visage. Gr\u00e2ce \u00e0 son parfum sp\u00e9cial, il irrite les moustiques, qui ne per\u00e7oivent plus l&rsquo;odeur naturelle du corps. Ne contient pas d&rsquo;insecticides de synth\u00e8se et ne pr\u00e9sente aucun danger pour l&rsquo;environnement.<br \/>\nLe flacon sp\u00e9cial permet une application \u00e9conomique et cibl\u00e9e. Facile \u00e0 distribuer, il laisse la peau douce. Contient des ingr\u00e9dients d&rsquo;agrumes et d&rsquo;eucalyptus ! Pour un usage externe uniquement !<br \/>\n\u00c9viter tout contact avec les yeux et les muqueuses ! D\u00e9coloration possible !<\/p>\n","protected":false},"excerpt":{"rendered":"<p>eco cosmetics a d\u00e9velopp\u00e9 pour vous une huile corporelle qui prend soin de votre peau tout en la recouvrant d&rsquo;un voile anti-moustique. Ce concept est bas\u00e9 sur une recette traditionnelle des gu\u00e9risseurs. La base est l&rsquo;huile de jojoba*, une cire v\u00e9g\u00e9tale liquide. Il est riche en acides gras insatur\u00e9s, en vitamine E et en oligo-\u00e9l\u00e9ments&#8230;.<\/p>\n","protected":false},"featured_media":3983,"template":"","meta":{"_kad_post_transparent":"","_kad_post_title":"","_kad_post_layout":"","_kad_post_sidebar_id":"","_kad_post_content_style":"","_kad_post_vertical_padding":"","_kad_post_feature":"","_kad_post_feature_position":"","_kad_post_header":false,"_kad_post_footer":false,"_kad_post_classname":""},"product_brand":[],"product_cat":[75,90,194],"product_tag":[],"class_list":{"0":"post-3988","1":"product","2":"type-product","3":"status-publish","4":"has-post-thumbnail","6":"product_cat-corps","7":"product_cat-eco-cosmetics-fr","8":"product_cat-soins-hydratants","10":"first","11":"instock","12":"shipping-taxable","13":"purchasable","14":"product-type-simple","15":"entry","16":"content-bg","17":"loop-entry"},"_links":{"self":[{"href":"https:\/\/sourcenaturelle.eu\/fr\/wp-json\/wp\/v2\/product\/3988","targetHints":{"allow":["GET"]}}],"collection":[{"href":"https:\/\/sourcenaturelle.eu\/fr\/wp-json\/wp\/v2\/product"}],"about":[{"href":"https:\/\/sourcenaturelle.eu\/fr\/wp-json\/wp\/v2\/types\/product"}],"wp:featuredmedia":[{"embeddable":true,"href":"https:\/\/sourcenaturelle.eu\/fr\/wp-json\/wp\/v2\/media\/3983"}],"wp:attachment":[{"href":"https:\/\/sourcenaturelle.eu\/fr\/wp-json\/wp\/v2\/media?parent=3988"}],"wp:term":[{"taxonomy":"product_brand","embeddable":true,"href":"https:\/\/sourcenaturelle.eu\/fr\/wp-json\/wp\/v2\/product_brand?post=3988"},{"taxonomy":"product_cat","embeddable":true,"href":"https:\/\/sourcenaturelle.eu\/fr\/wp-json\/wp\/v2\/product_cat?post=3988"},{"taxonomy":"product_tag","embeddable":true,"href":"https:\/\/sourcenaturelle.eu\/fr\/wp-json\/wp\/v2\/product_tag?post=3988"}],"curies":[{"name":"wp","href":"https:\/\/api.w.org\/{rel}","templated":true}]}}