{"id":3963,"date":"2021-06-29T22:22:10","date_gmt":"2021-06-29T22:22:10","guid":{"rendered":"https:\/\/sourcenaturelle.eu\/product\/eco-cosmetics-gel-lavant-visage\/"},"modified":"2021-06-29T22:22:10","modified_gmt":"2021-06-29T22:22:10","slug":"eco-cosmetics-gel-lavant-visage","status":"publish","type":"product","link":"https:\/\/sourcenaturelle.eu\/fr\/produit\/eco-cosmetics-gel-lavant-visage\/","title":{"rendered":"Eco cosmetics Gel Lavant Visage, 125ml"},"content":{"rendered":"<p>Au th\u00e9 vert et \u00e0 la feuille de vigne, pour tous les types de peau.<\/p>\n<p>Un nettoyage en profondeur et de bonnes propri\u00e9t\u00e9s nourrissantes laissent la peau propre, velout\u00e9e et souple. Les feuilles de vigne, les feuilles d&rsquo;olivier et le th\u00e9 vert apportent de l&rsquo;humidit\u00e9. Particuli\u00e8rement recommand\u00e9 pour les peaux grasses.<\/p>\n","protected":false},"excerpt":{"rendered":"<p>Pour toutes les peaux<\/p>\n","protected":false},"featured_media":3959,"template":"","meta":{"_kad_post_transparent":"","_kad_post_title":"","_kad_post_layout":"","_kad_post_sidebar_id":"","_kad_post_content_style":"","_kad_post_vertical_padding":"","_kad_post_feature":"","_kad_post_feature_position":"","_kad_post_header":false,"_kad_post_footer":false,"_kad_post_classname":""},"product_brand":[],"product_cat":[90,197,93],"product_tag":[],"class_list":{"0":"post-3963","1":"product","2":"type-product","3":"status-publish","4":"has-post-thumbnail","6":"product_cat-eco-cosmetics-fr","7":"product_cat-soins-nettoyants","8":"product_cat-visage","10":"first","11":"instock","12":"shipping-taxable","13":"purchasable","14":"product-type-simple","15":"entry","16":"content-bg","17":"loop-entry"},"_links":{"self":[{"href":"https:\/\/sourcenaturelle.eu\/fr\/wp-json\/wp\/v2\/product\/3963","targetHints":{"allow":["GET"]}}],"collection":[{"href":"https:\/\/sourcenaturelle.eu\/fr\/wp-json\/wp\/v2\/product"}],"about":[{"href":"https:\/\/sourcenaturelle.eu\/fr\/wp-json\/wp\/v2\/types\/product"}],"wp:featuredmedia":[{"embeddable":true,"href":"https:\/\/sourcenaturelle.eu\/fr\/wp-json\/wp\/v2\/media\/3959"}],"wp:attachment":[{"href":"https:\/\/sourcenaturelle.eu\/fr\/wp-json\/wp\/v2\/media?parent=3963"}],"wp:term":[{"taxonomy":"product_brand","embeddable":true,"href":"https:\/\/sourcenaturelle.eu\/fr\/wp-json\/wp\/v2\/product_brand?post=3963"},{"taxonomy":"product_cat","embeddable":true,"href":"https:\/\/sourcenaturelle.eu\/fr\/wp-json\/wp\/v2\/product_cat?post=3963"},{"taxonomy":"product_tag","embeddable":true,"href":"https:\/\/sourcenaturelle.eu\/fr\/wp-json\/wp\/v2\/product_tag?post=3963"}],"curies":[{"name":"wp","href":"https:\/\/api.w.org\/{rel}","templated":true}]}}