{"id":3955,"date":"2021-06-29T19:30:37","date_gmt":"2021-06-29T19:30:37","guid":{"rendered":"https:\/\/sourcenaturelle.eu\/product\/eco-cosmetics-emulsion-demaquillante-125ml\/"},"modified":"2021-06-29T19:30:37","modified_gmt":"2021-06-29T19:30:37","slug":"eco-cosmetics-emulsion-demaquillante-125ml","status":"publish","type":"product","link":"https:\/\/sourcenaturelle.eu\/fr\/produit\/eco-cosmetics-emulsion-demaquillante-125ml\/","title":{"rendered":"Eco cosmetics Emulsion D\u00e9maquillante, 125ml"},"content":{"rendered":"<p>Au th\u00e9 vert et \u00e0 la myrte, pour tous les types de peau.<\/p>\n<p>Le lait d\u00e9maquillant \u00e0 trois effets : 1. nettoyage doux, 2. d\u00e9maquillage, 3. soin.<br \/>\nAvec des extraits v\u00e9g\u00e9taux de th\u00e9 vert et de myrte. Des \u00e9mulsifiants doux nettoient la peau en douceur et de mani\u00e8re intensive. M\u00eame le maquillage waterproof est enlev\u00e9 en douceur !<\/p>\n","protected":false},"excerpt":{"rendered":"<p>Pour toutes les peaux<\/p>\n","protected":false},"featured_media":3951,"template":"","meta":{"_kad_post_transparent":"","_kad_post_title":"","_kad_post_layout":"","_kad_post_sidebar_id":"","_kad_post_content_style":"","_kad_post_vertical_padding":"","_kad_post_feature":"","_kad_post_feature_position":"","_kad_post_header":false,"_kad_post_footer":false,"_kad_post_classname":""},"product_brand":[],"product_cat":[90,197,93],"product_tag":[],"class_list":{"0":"post-3955","1":"product","2":"type-product","3":"status-publish","4":"has-post-thumbnail","6":"product_cat-eco-cosmetics-fr","7":"product_cat-soins-nettoyants","8":"product_cat-visage","10":"first","11":"instock","12":"shipping-taxable","13":"purchasable","14":"product-type-simple","15":"entry","16":"content-bg","17":"loop-entry"},"_links":{"self":[{"href":"https:\/\/sourcenaturelle.eu\/fr\/wp-json\/wp\/v2\/product\/3955","targetHints":{"allow":["GET"]}}],"collection":[{"href":"https:\/\/sourcenaturelle.eu\/fr\/wp-json\/wp\/v2\/product"}],"about":[{"href":"https:\/\/sourcenaturelle.eu\/fr\/wp-json\/wp\/v2\/types\/product"}],"wp:featuredmedia":[{"embeddable":true,"href":"https:\/\/sourcenaturelle.eu\/fr\/wp-json\/wp\/v2\/media\/3951"}],"wp:attachment":[{"href":"https:\/\/sourcenaturelle.eu\/fr\/wp-json\/wp\/v2\/media?parent=3955"}],"wp:term":[{"taxonomy":"product_brand","embeddable":true,"href":"https:\/\/sourcenaturelle.eu\/fr\/wp-json\/wp\/v2\/product_brand?post=3955"},{"taxonomy":"product_cat","embeddable":true,"href":"https:\/\/sourcenaturelle.eu\/fr\/wp-json\/wp\/v2\/product_cat?post=3955"},{"taxonomy":"product_tag","embeddable":true,"href":"https:\/\/sourcenaturelle.eu\/fr\/wp-json\/wp\/v2\/product_tag?post=3955"}],"curies":[{"name":"wp","href":"https:\/\/api.w.org\/{rel}","templated":true}]}}