{"id":3947,"date":"2021-06-29T19:20:00","date_gmt":"2021-06-29T19:20:00","guid":{"rendered":"https:\/\/sourcenaturelle.eu\/product\/eco-cosmetics-soin-intensive-visage\/"},"modified":"2021-06-29T19:20:00","modified_gmt":"2021-06-29T19:20:00","slug":"eco-cosmetics-soin-intensive-visage","status":"publish","type":"product","link":"https:\/\/sourcenaturelle.eu\/fr\/produit\/eco-cosmetics-soin-intensive-visage\/","title":{"rendered":"Eco cosmetics Soin Intensif Cr\u00e8me Visage, 50ml"},"content":{"rendered":"<p>\u00c0 l&rsquo;huile d&rsquo;argan et \u00e0 l&rsquo;argousier, pour tous les types de peau.<\/p>\n<p>La pr\u00e9cieuse huile d&rsquo;argan prot\u00e8ge et soigne la peau de mani\u00e8re fiable contre les influences environnementales quotidiennes. L&rsquo;argousier est particuli\u00e8rement riche en vitamines A, C et E. La peau para\u00eet plus douce et plus souple. Particuli\u00e8rement adapt\u00e9 aux peaux exigeantes.<\/p>\n","protected":false},"excerpt":{"rendered":"<p>Pour toutes les peaux<\/p>\n","protected":false},"featured_media":3943,"template":"","meta":{"_kad_post_transparent":"","_kad_post_title":"","_kad_post_layout":"","_kad_post_sidebar_id":"","_kad_post_content_style":"","_kad_post_vertical_padding":"","_kad_post_feature":"","_kad_post_feature_position":"","_kad_post_header":false,"_kad_post_footer":false,"_kad_post_classname":""},"product_brand":[],"product_cat":[90,203,93],"product_tag":[],"class_list":{"0":"post-3947","1":"product","2":"type-product","3":"status-publish","4":"has-post-thumbnail","6":"product_cat-eco-cosmetics-fr","7":"product_cat-soins-hydratants-visage","8":"product_cat-visage","10":"first","11":"instock","12":"shipping-taxable","13":"purchasable","14":"product-type-simple","15":"entry","16":"content-bg","17":"loop-entry"},"_links":{"self":[{"href":"https:\/\/sourcenaturelle.eu\/fr\/wp-json\/wp\/v2\/product\/3947","targetHints":{"allow":["GET"]}}],"collection":[{"href":"https:\/\/sourcenaturelle.eu\/fr\/wp-json\/wp\/v2\/product"}],"about":[{"href":"https:\/\/sourcenaturelle.eu\/fr\/wp-json\/wp\/v2\/types\/product"}],"wp:featuredmedia":[{"embeddable":true,"href":"https:\/\/sourcenaturelle.eu\/fr\/wp-json\/wp\/v2\/media\/3943"}],"wp:attachment":[{"href":"https:\/\/sourcenaturelle.eu\/fr\/wp-json\/wp\/v2\/media?parent=3947"}],"wp:term":[{"taxonomy":"product_brand","embeddable":true,"href":"https:\/\/sourcenaturelle.eu\/fr\/wp-json\/wp\/v2\/product_brand?post=3947"},{"taxonomy":"product_cat","embeddable":true,"href":"https:\/\/sourcenaturelle.eu\/fr\/wp-json\/wp\/v2\/product_cat?post=3947"},{"taxonomy":"product_tag","embeddable":true,"href":"https:\/\/sourcenaturelle.eu\/fr\/wp-json\/wp\/v2\/product_tag?post=3947"}],"curies":[{"name":"wp","href":"https:\/\/api.w.org\/{rel}","templated":true}]}}