{"id":3931,"date":"2021-06-29T18:59:39","date_gmt":"2021-06-29T18:59:39","guid":{"rendered":"https:\/\/sourcenaturelle.eu\/product\/eco-cosmetics-creme-de-jour-50ml\/"},"modified":"2021-06-29T18:59:39","modified_gmt":"2021-06-29T18:59:39","slug":"eco-cosmetics-creme-de-jour-50ml","status":"publish","type":"product","link":"https:\/\/sourcenaturelle.eu\/fr\/produit\/eco-cosmetics-creme-de-jour-50ml\/","title":{"rendered":"Eco cosmetics Cr\u00e8me de Jour, 50ml"},"content":{"rendered":"<p>\u00c0 la grenade et \u00e0 la papaye, pour tous les types de peau.<br \/>\nSoin de jour l\u00e9ger et hydratant. Les principes actifs des graines de grenade et de la papaye apportent des nutriments \u00e0 la peau. Pour un teint \u00e9clatant. Convient \u00e9galement aux peaux jeunes.<\/p>\n","protected":false},"excerpt":{"rendered":"<p>\u00c0 la grenade et \u00e0 la papaye, pour tous les types de peau. Soin de jour l\u00e9ger et hydratant. Les principes actifs des graines de grenade et de la papaye apportent des nutriments \u00e0 la peau. Pour un teint \u00e9clatant. Convient \u00e9galement aux peaux jeunes.<\/p>\n","protected":false},"featured_media":3927,"template":"","meta":{"_kad_post_transparent":"","_kad_post_title":"","_kad_post_layout":"","_kad_post_sidebar_id":"","_kad_post_content_style":"","_kad_post_vertical_padding":"","_kad_post_feature":"","_kad_post_feature_position":"","_kad_post_header":false,"_kad_post_footer":false,"_kad_post_classname":""},"product_brand":[],"product_cat":[90,117,120,203,93],"product_tag":[],"class_list":{"0":"post-3931","1":"product","2":"type-product","3":"status-publish","4":"has-post-thumbnail","6":"product_cat-eco-cosmetics-fr","7":"product_cat-enfants","8":"product_cat-soin-du-corps","9":"product_cat-soins-hydratants-visage","10":"product_cat-visage","12":"first","13":"instock","14":"shipping-taxable","15":"purchasable","16":"product-type-simple","17":"entry","18":"content-bg","19":"loop-entry"},"_links":{"self":[{"href":"https:\/\/sourcenaturelle.eu\/fr\/wp-json\/wp\/v2\/product\/3931","targetHints":{"allow":["GET"]}}],"collection":[{"href":"https:\/\/sourcenaturelle.eu\/fr\/wp-json\/wp\/v2\/product"}],"about":[{"href":"https:\/\/sourcenaturelle.eu\/fr\/wp-json\/wp\/v2\/types\/product"}],"wp:featuredmedia":[{"embeddable":true,"href":"https:\/\/sourcenaturelle.eu\/fr\/wp-json\/wp\/v2\/media\/3927"}],"wp:attachment":[{"href":"https:\/\/sourcenaturelle.eu\/fr\/wp-json\/wp\/v2\/media?parent=3931"}],"wp:term":[{"taxonomy":"product_brand","embeddable":true,"href":"https:\/\/sourcenaturelle.eu\/fr\/wp-json\/wp\/v2\/product_brand?post=3931"},{"taxonomy":"product_cat","embeddable":true,"href":"https:\/\/sourcenaturelle.eu\/fr\/wp-json\/wp\/v2\/product_cat?post=3931"},{"taxonomy":"product_tag","embeddable":true,"href":"https:\/\/sourcenaturelle.eu\/fr\/wp-json\/wp\/v2\/product_tag?post=3931"}],"curies":[{"name":"wp","href":"https:\/\/api.w.org\/{rel}","templated":true}]}}