{"id":3855,"date":"2021-06-27T23:24:33","date_gmt":"2021-06-27T23:24:33","guid":{"rendered":"https:\/\/sourcenaturelle.eu\/product\/eco-cosmetics-cleansing-konjac-sponge-fr\/"},"modified":"2021-06-27T23:24:33","modified_gmt":"2021-06-27T23:24:33","slug":"eco-cosmetics-cleansing-konjac-sponge-fr","status":"publish","type":"product","link":"https:\/\/sourcenaturelle.eu\/fr\/produit\/eco-cosmetics-cleansing-konjac-sponge-fr\/","title":{"rendered":"Eco cosmetics Cleansing Konjac Sponge"},"content":{"rendered":"<p>Pour tous les types de peau<\/p>\n<p>Nettoyage en profondeur avec un effet peeling doux. Pour une sensation de peau douce et vivifiante !<br \/>\nL'\u00a0\u00bb\u00e9ponge v\u00e9g\u00e9talienne\u00a0\u00bb pour le visage et le corps est compos\u00e9e \u00e0 100 % de fibres de la racine de konjac asiatique. Ils peuvent stocker beaucoup d&rsquo;eau, c&rsquo;est propre et \u00e9lastique. Il nettoie avec un l\u00e9ger effet peeling pour une sensation de peau propre et velout\u00e9e &#8211; tous les jours. Notre \u00e9ponge nettoyante en fibres naturelles peut \u00eatre utilis\u00e9e comme alternative au loofah ou aux \u00e9ponges de bain et peut \u00eatre utilis\u00e9e avec ou sans produit nettoyant.<br \/>\nL&rsquo;\u00e9ponge convient \u00e9galement pour le nettoyage des peaux grasses et sensibles et pour les soins des b\u00e9b\u00e9s. Une fois accroch\u00e9 \u00e0 un ruban et s\u00e9ch\u00e9, il peut \u00eatre utilis\u00e9 pendant environ 6 semaines.<br \/>\nRecommandation : utiliser avec le lait nettoyant ECO, le gel lavant ou avec de l&rsquo;eau claire.<\/p>\n<p>. Fibres v\u00e9g\u00e9tales, 100% naturelles<br \/>\n. Sans colorants, parfums et conservateurs synth\u00e9tiques.<br \/>\n. Vegan<br \/>\n. Sans PEG, SLS et paraben.<br \/>\n. Sans organismes g\u00e9n\u00e9tiquement modifi\u00e9s<br \/>\n. Sans paraffine, silicone et produits p\u00e9troliers.<br \/>\n. Sans exp\u00e9rimentation animale (conform\u00e9ment \u00e0 la loi)<\/p>\n<p>Application : \u00c9ponge humide pour le nettoyage du visage et le d\u00e9maquillage, \u00e0 faire tourner l\u00e9g\u00e8rement sur la peau.<br \/>\nEgalement doux pour la peau des hommes. Suspendre pour s\u00e9cher<\/p>\n","protected":false},"excerpt":{"rendered":"<p>Pour tous les types de peau Nettoyage en profondeur avec un effet peeling doux. Pour une sensation de peau douce et vivifiante ! L&rsquo;\u00a0\u00bb\u00e9ponge v\u00e9g\u00e9talienne\u00a0\u00bb pour le visage et le corps est compos\u00e9e \u00e0 100 % de fibres de la racine de konjac asiatique. Ils peuvent stocker beaucoup d&rsquo;eau, c&rsquo;est propre et \u00e9lastique. Il nettoie&#8230;<\/p>\n","protected":false},"featured_media":3852,"template":"","meta":{"_kad_post_transparent":"","_kad_post_title":"","_kad_post_layout":"","_kad_post_sidebar_id":"","_kad_post_content_style":"","_kad_post_vertical_padding":"","_kad_post_feature":"","_kad_post_feature_position":"","_kad_post_header":false,"_kad_post_footer":false,"_kad_post_classname":""},"product_brand":[],"product_cat":[90,93],"product_tag":[],"class_list":{"0":"post-3855","1":"product","2":"type-product","3":"status-publish","4":"has-post-thumbnail","6":"product_cat-eco-cosmetics-fr","7":"product_cat-visage","9":"first","10":"onbackorder","11":"shipping-taxable","12":"purchasable","13":"product-type-simple","14":"entry","15":"content-bg","16":"loop-entry"},"_links":{"self":[{"href":"https:\/\/sourcenaturelle.eu\/fr\/wp-json\/wp\/v2\/product\/3855","targetHints":{"allow":["GET"]}}],"collection":[{"href":"https:\/\/sourcenaturelle.eu\/fr\/wp-json\/wp\/v2\/product"}],"about":[{"href":"https:\/\/sourcenaturelle.eu\/fr\/wp-json\/wp\/v2\/types\/product"}],"wp:featuredmedia":[{"embeddable":true,"href":"https:\/\/sourcenaturelle.eu\/fr\/wp-json\/wp\/v2\/media\/3852"}],"wp:attachment":[{"href":"https:\/\/sourcenaturelle.eu\/fr\/wp-json\/wp\/v2\/media?parent=3855"}],"wp:term":[{"taxonomy":"product_brand","embeddable":true,"href":"https:\/\/sourcenaturelle.eu\/fr\/wp-json\/wp\/v2\/product_brand?post=3855"},{"taxonomy":"product_cat","embeddable":true,"href":"https:\/\/sourcenaturelle.eu\/fr\/wp-json\/wp\/v2\/product_cat?post=3855"},{"taxonomy":"product_tag","embeddable":true,"href":"https:\/\/sourcenaturelle.eu\/fr\/wp-json\/wp\/v2\/product_tag?post=3855"}],"curies":[{"name":"wp","href":"https:\/\/api.w.org\/{rel}","templated":true}]}}