{"id":3847,"date":"2021-06-26T22:31:40","date_gmt":"2021-06-26T22:31:40","guid":{"rendered":"https:\/\/sourcenaturelle.eu\/product\/eco-cosmetics-day-face-cream-spf-15-toned-50ml-fr\/"},"modified":"2021-06-26T22:31:40","modified_gmt":"2021-06-26T22:31:40","slug":"eco-cosmetics-day-face-cream-spf-15-toned-50ml-fr","status":"publish","type":"product","link":"https:\/\/sourcenaturelle.eu\/fr\/produit\/eco-cosmetics-day-face-cream-spf-15-toned-50ml-fr\/","title":{"rendered":"Eco cosmetics Cr\u00e8me de Jour+ SPF 15 toned, 50ml"},"content":{"rendered":"<p>Protection min\u00e9rale contre la lumi\u00e8re, \u00e0 la grenade et \u00e0 l&rsquo;argousier, pour les peaux sensibles<\/p>\n<p>L&rsquo;accueil de jour avec trois fonctions<br \/>\n1. hydratation : l&rsquo;argousier* et la grenade* apportent \u00e0 la peau des nutriments essentiels et la prot\u00e8gent de la d\u00e9shydratation.<br \/>\n2. teinte : la cr\u00e8me teint\u00e9e assure un teint frais et uniforme.<br \/>\n3. protection contre la lumi\u00e8re : la protection min\u00e9rale contre la lumi\u00e8re prot\u00e8ge la peau des rayons du soleil.<\/p>\n<p>D\u00e9coloration possible | Tenez compte de votre type de peau | Protection \u00e9quilibr\u00e9e UVA-UVB dans un rapport de 1:3<br \/>\nProtection imm\u00e9diate contre la lumi\u00e8re | sans sels d&rsquo;aluminium<br \/>\nSans nanotechnologie | Sans PEG ni paraben | Sans organismes g\u00e9n\u00e9tiquement modifi\u00e9s<\/p>\n","protected":false},"excerpt":{"rendered":"<p>Protection min\u00e9rale contre la lumi\u00e8re, \u00e0 la grenade et \u00e0 l&rsquo;argousier, pour les peaux sensibles L&rsquo;accueil de jour avec trois fonctions 1. hydratation : l&rsquo;argousier* et la grenade* apportent \u00e0 la peau des nutriments essentiels et la prot\u00e8gent de la d\u00e9shydratation. 2. teinte : la cr\u00e8me teint\u00e9e assure un teint frais et uniforme. 3. protection&#8230;<\/p>\n","protected":false},"featured_media":3843,"template":"","meta":{"_kad_post_transparent":"","_kad_post_title":"","_kad_post_layout":"","_kad_post_sidebar_id":"","_kad_post_content_style":"","_kad_post_vertical_padding":"","_kad_post_feature":"","_kad_post_feature_position":"","_kad_post_header":false,"_kad_post_footer":false,"_kad_post_classname":""},"product_brand":[],"product_cat":[90,203,135,93],"product_tag":[],"class_list":{"0":"post-3847","1":"product","2":"type-product","3":"status-publish","4":"has-post-thumbnail","6":"product_cat-eco-cosmetics-fr","7":"product_cat-soins-hydratants-visage","8":"product_cat-soleil","9":"product_cat-visage","11":"first","12":"instock","13":"shipping-taxable","14":"purchasable","15":"product-type-simple","16":"entry","17":"content-bg","18":"loop-entry"},"_links":{"self":[{"href":"https:\/\/sourcenaturelle.eu\/fr\/wp-json\/wp\/v2\/product\/3847","targetHints":{"allow":["GET"]}}],"collection":[{"href":"https:\/\/sourcenaturelle.eu\/fr\/wp-json\/wp\/v2\/product"}],"about":[{"href":"https:\/\/sourcenaturelle.eu\/fr\/wp-json\/wp\/v2\/types\/product"}],"wp:featuredmedia":[{"embeddable":true,"href":"https:\/\/sourcenaturelle.eu\/fr\/wp-json\/wp\/v2\/media\/3843"}],"wp:attachment":[{"href":"https:\/\/sourcenaturelle.eu\/fr\/wp-json\/wp\/v2\/media?parent=3847"}],"wp:term":[{"taxonomy":"product_brand","embeddable":true,"href":"https:\/\/sourcenaturelle.eu\/fr\/wp-json\/wp\/v2\/product_brand?post=3847"},{"taxonomy":"product_cat","embeddable":true,"href":"https:\/\/sourcenaturelle.eu\/fr\/wp-json\/wp\/v2\/product_cat?post=3847"},{"taxonomy":"product_tag","embeddable":true,"href":"https:\/\/sourcenaturelle.eu\/fr\/wp-json\/wp\/v2\/product_tag?post=3847"}],"curies":[{"name":"wp","href":"https:\/\/api.w.org\/{rel}","templated":true}]}}