{"id":3836,"date":"2021-06-26T22:24:22","date_gmt":"2021-06-26T22:24:22","guid":{"rendered":"https:\/\/sourcenaturelle.eu\/product\/eco-cosmetics-after-sun-lotion-75ml\/"},"modified":"2021-06-26T22:24:22","modified_gmt":"2021-06-26T22:24:22","slug":"eco-cosmetics-after-sun-lotion-75ml","status":"publish","type":"product","link":"https:\/\/sourcenaturelle.eu\/fr\/produit\/eco-cosmetics-after-sun-lotion-75ml\/","title":{"rendered":"Eco cosmetics Lotion Apr\u00e8s Soleil, 75ml"},"content":{"rendered":"<p>\u00ab\u00a0TRES BON\u00a0\u00bb test\u00e9 dans le num\u00e9ro 7\/2019 d&rsquo;\u00d6koTest.<br \/>\n\u00c0 l&rsquo;argousier et \u00e0 l&rsquo;aloe vera, pour tous les types de peau.<br \/>\nPour se d\u00e9tendre apr\u00e8s un bain de soleil. L&rsquo;aloe vera apporte \u00e0 la peau un suppl\u00e9ment d&rsquo;hydratation et a un effet rafra\u00eechissant et revitalisant. Les extraits d&rsquo;argousier issus de cultures contr\u00f4l\u00e9es soignent et prot\u00e8gent les peaux sensibles, les laissant douces et souples. La peau est revitalis\u00e9e.  L&rsquo;huile d&rsquo;olive nourrit et apaise les peaux irrit\u00e9es.<\/p>\n<p>Sans colorants, parfums et conservateurs synth\u00e9tiques | Sans PEG, SLS et paraben<br \/>\nSans paraffines, silicones et produits p\u00e9troliers | Sans organismes g\u00e9n\u00e9tiquement modifi\u00e9s | V\u00e9g\u00e9talien<\/p>\n","protected":false},"excerpt":{"rendered":"<p>\u00ab\u00a0TRES BON\u00a0\u00bb test\u00e9 dans le num\u00e9ro 7\/2019 d&rsquo;\u00d6koTest. \u00c0 l&rsquo;argousier et \u00e0 l&rsquo;aloe vera, pour tous les types de peau. Pour se d\u00e9tendre apr\u00e8s un bain de soleil. L&rsquo;aloe vera apporte \u00e0 la peau un suppl\u00e9ment d&rsquo;hydratation et a un effet rafra\u00eechissant et revitalisant. Les extraits d&rsquo;argousier issus de cultures contr\u00f4l\u00e9es soignent et prot\u00e8gent les&#8230;<\/p>\n","protected":false},"featured_media":3831,"template":"","meta":{"_kad_post_transparent":"","_kad_post_title":"","_kad_post_layout":"","_kad_post_sidebar_id":"","_kad_post_content_style":"","_kad_post_vertical_padding":"","_kad_post_feature":"","_kad_post_feature_position":"","_kad_post_header":false,"_kad_post_footer":false,"_kad_post_classname":""},"product_brand":[],"product_cat":[75,90,117,135,93],"product_tag":[],"class_list":{"0":"post-3836","1":"product","2":"type-product","3":"status-publish","4":"has-post-thumbnail","6":"product_cat-corps","7":"product_cat-eco-cosmetics-fr","8":"product_cat-enfants","9":"product_cat-soleil","10":"product_cat-visage","12":"first","13":"instock","14":"shipping-taxable","15":"purchasable","16":"product-type-simple","17":"entry","18":"content-bg","19":"loop-entry"},"_links":{"self":[{"href":"https:\/\/sourcenaturelle.eu\/fr\/wp-json\/wp\/v2\/product\/3836","targetHints":{"allow":["GET"]}}],"collection":[{"href":"https:\/\/sourcenaturelle.eu\/fr\/wp-json\/wp\/v2\/product"}],"about":[{"href":"https:\/\/sourcenaturelle.eu\/fr\/wp-json\/wp\/v2\/types\/product"}],"wp:featuredmedia":[{"embeddable":true,"href":"https:\/\/sourcenaturelle.eu\/fr\/wp-json\/wp\/v2\/media\/3831"}],"wp:attachment":[{"href":"https:\/\/sourcenaturelle.eu\/fr\/wp-json\/wp\/v2\/media?parent=3836"}],"wp:term":[{"taxonomy":"product_brand","embeddable":true,"href":"https:\/\/sourcenaturelle.eu\/fr\/wp-json\/wp\/v2\/product_brand?post=3836"},{"taxonomy":"product_cat","embeddable":true,"href":"https:\/\/sourcenaturelle.eu\/fr\/wp-json\/wp\/v2\/product_cat?post=3836"},{"taxonomy":"product_tag","embeddable":true,"href":"https:\/\/sourcenaturelle.eu\/fr\/wp-json\/wp\/v2\/product_tag?post=3836"}],"curies":[{"name":"wp","href":"https:\/\/api.w.org\/{rel}","templated":true}]}}