{"id":3824,"date":"2021-06-26T22:11:36","date_gmt":"2021-06-26T22:11:36","guid":{"rendered":"https:\/\/sourcenaturelle.eu\/product\/eco-cosmetics-sun-lotion-neutral-spf-50-100ml-%d0%b0%d0%ba\/"},"modified":"2021-06-26T22:15:14","modified_gmt":"2021-06-26T22:15:14","slug":"eco-cosmetics-sun-lotion-neutral-spf-50-100ml-%d0%b0%d0%ba","status":"publish","type":"product","link":"https:\/\/sourcenaturelle.eu\/fr\/produit\/eco-cosmetics-sun-lotion-neutral-spf-50-100ml-%d0%b0%d0%ba\/","title":{"rendered":"Eco cosmetics Sun Lotion Neutral SPF 50, 100ml"},"content":{"rendered":"<p>Protection min\u00e9rale, pour les peaux sensibles, sans parfum<\/p>\n<p>Une protection fiable contre les rayons du soleil, pour les peaux tr\u00e8s sensibles. L&rsquo;huile d&rsquo;olive prot\u00e8ge et soigne la peau. Ne laisse pas de traces blanches. Convient \u00e9galement \u00e0 la peau des enfants. Le syst\u00e8me airless permet de vider compl\u00e8tement le contenu. Ne repr\u00e9sente pas de danger pour les organismes aquatiques.<br \/>\nPeut tacher les v\u00eatements<\/p>\n","protected":false},"excerpt":{"rendered":"<p>Protection min\u00e9rale, pour les peaux sensibles, sans parfum Une protection fiable contre les rayons du soleil, pour les peaux tr\u00e8s sensibles. L&rsquo;huile d&rsquo;olive prot\u00e8ge et soigne la peau. Ne laisse pas de traces blanches. Convient \u00e9galement \u00e0 la peau des enfants. Le syst\u00e8me airless permet de vider compl\u00e8tement le contenu. Ne repr\u00e9sente pas de danger&#8230;<\/p>\n","protected":false},"featured_media":3819,"template":"","meta":{"_kad_post_transparent":"","_kad_post_title":"","_kad_post_layout":"","_kad_post_sidebar_id":"","_kad_post_content_style":"","_kad_post_vertical_padding":"","_kad_post_feature":"","_kad_post_feature_position":"","_kad_post_header":false,"_kad_post_footer":false,"_kad_post_classname":""},"product_brand":[],"product_cat":[75,90,117,120,135,93],"product_tag":[],"class_list":{"0":"post-3824","1":"product","2":"type-product","3":"status-publish","4":"has-post-thumbnail","6":"product_cat-corps","7":"product_cat-eco-cosmetics-fr","8":"product_cat-enfants","9":"product_cat-soin-du-corps","10":"product_cat-soleil","11":"product_cat-visage","13":"first","14":"instock","15":"shipping-taxable","16":"purchasable","17":"product-type-simple","18":"entry","19":"content-bg","20":"loop-entry"},"_links":{"self":[{"href":"https:\/\/sourcenaturelle.eu\/fr\/wp-json\/wp\/v2\/product\/3824","targetHints":{"allow":["GET"]}}],"collection":[{"href":"https:\/\/sourcenaturelle.eu\/fr\/wp-json\/wp\/v2\/product"}],"about":[{"href":"https:\/\/sourcenaturelle.eu\/fr\/wp-json\/wp\/v2\/types\/product"}],"wp:featuredmedia":[{"embeddable":true,"href":"https:\/\/sourcenaturelle.eu\/fr\/wp-json\/wp\/v2\/media\/3819"}],"wp:attachment":[{"href":"https:\/\/sourcenaturelle.eu\/fr\/wp-json\/wp\/v2\/media?parent=3824"}],"wp:term":[{"taxonomy":"product_brand","embeddable":true,"href":"https:\/\/sourcenaturelle.eu\/fr\/wp-json\/wp\/v2\/product_brand?post=3824"},{"taxonomy":"product_cat","embeddable":true,"href":"https:\/\/sourcenaturelle.eu\/fr\/wp-json\/wp\/v2\/product_cat?post=3824"},{"taxonomy":"product_tag","embeddable":true,"href":"https:\/\/sourcenaturelle.eu\/fr\/wp-json\/wp\/v2\/product_tag?post=3824"}],"curies":[{"name":"wp","href":"https:\/\/api.w.org\/{rel}","templated":true}]}}