{"id":3815,"date":"2021-06-26T22:05:14","date_gmt":"2021-06-26T22:05:14","guid":{"rendered":"https:\/\/sourcenaturelle.eu\/product\/eco-cosmetics-sun-lotion-neutral-spf-30-100ml-fr\/"},"modified":"2021-06-26T22:05:14","modified_gmt":"2021-06-26T22:05:14","slug":"eco-cosmetics-sun-lotion-neutral-spf-30-100ml-fr","status":"publish","type":"product","link":"https:\/\/sourcenaturelle.eu\/fr\/produit\/eco-cosmetics-sun-lotion-neutral-spf-30-100ml-fr\/","title":{"rendered":"Eco cosmetics Sun Lotion Neutral SPF 30, 100ml"},"content":{"rendered":"<p>Protection min\u00e9rale l\u00e9g\u00e8re, pour les peaux tr\u00e8s sensibles, sans parfum.<br \/>\nProt\u00e8ge de mani\u00e8re fiable les peaux tr\u00e8s sensibles contre les rayonnements solaires nocifs. L&rsquo;huile d&rsquo;olive* prot\u00e8ge et nourrit la peau. La lotion peut \u00eatre \u00e9tal\u00e9e facilement et sans r\u00e9sidus visibles.<br \/>\nConvient \u00e9galement \u00e0 la peau des enfants. Le distributeur airless innovant ferme herm\u00e9tiquement le produit et prolonge ainsi sa dur\u00e9e de conservation.<br \/>\nLe syst\u00e8me permet de vider compl\u00e8tement le contenu. Ne pr\u00e9sente pas de risque pour les organismes aquatiques.<\/p>\n<p>D\u00e9coloration possible | Tenez compte de votre type de peau | Protection \u00e9quilibr\u00e9e UVA-UVB dans un rapport de 1:3<br \/>\nProtection imm\u00e9diate contre la lumi\u00e8re | Exempt de sels d&rsquo;aluminium<br \/>\nSans nanotechnologie | Sans PEG ni paraben | Sans organismes g\u00e9n\u00e9tiquement modifi\u00e9s<\/p>\n","protected":false},"excerpt":{"rendered":"<p>Protection min\u00e9rale l\u00e9g\u00e8re, pour les peaux tr\u00e8s sensibles, sans parfum. Prot\u00e8ge de mani\u00e8re fiable les peaux tr\u00e8s sensibles contre les rayonnements solaires nocifs. L&rsquo;huile d&rsquo;olive* prot\u00e8ge et nourrit la peau. La lotion peut \u00eatre \u00e9tal\u00e9e facilement et sans r\u00e9sidus visibles. Convient \u00e9galement \u00e0 la peau des enfants. Le distributeur airless innovant ferme herm\u00e9tiquement le produit&#8230;<\/p>\n","protected":false},"featured_media":3811,"template":"","meta":{"_kad_post_transparent":"","_kad_post_title":"","_kad_post_layout":"","_kad_post_sidebar_id":"","_kad_post_content_style":"","_kad_post_vertical_padding":"","_kad_post_feature":"","_kad_post_feature_position":"","_kad_post_header":false,"_kad_post_footer":false,"_kad_post_classname":""},"product_brand":[],"product_cat":[75,90,117,135,93],"product_tag":[],"class_list":{"0":"post-3815","1":"product","2":"type-product","3":"status-publish","4":"has-post-thumbnail","6":"product_cat-corps","7":"product_cat-eco-cosmetics-fr","8":"product_cat-enfants","9":"product_cat-soleil","10":"product_cat-visage","12":"first","13":"instock","14":"shipping-taxable","15":"purchasable","16":"product-type-simple","17":"entry","18":"content-bg","19":"loop-entry"},"_links":{"self":[{"href":"https:\/\/sourcenaturelle.eu\/fr\/wp-json\/wp\/v2\/product\/3815","targetHints":{"allow":["GET"]}}],"collection":[{"href":"https:\/\/sourcenaturelle.eu\/fr\/wp-json\/wp\/v2\/product"}],"about":[{"href":"https:\/\/sourcenaturelle.eu\/fr\/wp-json\/wp\/v2\/types\/product"}],"wp:featuredmedia":[{"embeddable":true,"href":"https:\/\/sourcenaturelle.eu\/fr\/wp-json\/wp\/v2\/media\/3811"}],"wp:attachment":[{"href":"https:\/\/sourcenaturelle.eu\/fr\/wp-json\/wp\/v2\/media?parent=3815"}],"wp:term":[{"taxonomy":"product_brand","embeddable":true,"href":"https:\/\/sourcenaturelle.eu\/fr\/wp-json\/wp\/v2\/product_brand?post=3815"},{"taxonomy":"product_cat","embeddable":true,"href":"https:\/\/sourcenaturelle.eu\/fr\/wp-json\/wp\/v2\/product_cat?post=3815"},{"taxonomy":"product_tag","embeddable":true,"href":"https:\/\/sourcenaturelle.eu\/fr\/wp-json\/wp\/v2\/product_tag?post=3815"}],"curies":[{"name":"wp","href":"https:\/\/api.w.org\/{rel}","templated":true}]}}