{"id":3808,"date":"2021-06-26T21:57:47","date_gmt":"2021-06-26T21:57:47","guid":{"rendered":"https:\/\/sourcenaturelle.eu\/product\/eco-cosmetics-sunmilk-sensitive-spf-50-75ml-fr\/"},"modified":"2021-06-26T21:57:47","modified_gmt":"2021-06-26T21:57:47","slug":"eco-cosmetics-sunmilk-sensitive-spf-50-75ml-fr","status":"publish","type":"product","link":"https:\/\/sourcenaturelle.eu\/fr\/produit\/eco-cosmetics-sunmilk-sensitive-spf-50-75ml-fr\/","title":{"rendered":"Eco cosmetics Lait Solaire Sensitive SPF 50, 75ml"},"content":{"rendered":"<p>Protection min\u00e9rale contre la lumi\u00e8re, \u00e0 la grenade* et \u00e0 la framboise* pour le corps et le visage.<\/p>\n<p>Le complexe de protection contre la lumi\u00e8re, compos\u00e9 de dioxyde de titane et d&rsquo;oxyde de zinc naturel non trait\u00e9, r\u00e9fl\u00e9chit les rayons nocifs du soleil (UVA + UVB).<\/p>\n<p>Une composition d&rsquo;huiles v\u00e9g\u00e9tales et nourrit la peau :<br \/>\nL&rsquo;huile de p\u00e9pins de framboise* aide la peau \u00e0 conserver son hydratation. On dit m\u00eame qu&rsquo;il offre une protection naturelle contre les UV.<br \/>\nL&rsquo;extrait de grenade* am\u00e9liore l&rsquo;\u00e9lasticit\u00e9 de la peau.<\/p>\n<p>La vitamine E v\u00e9g\u00e9tale a un effet antioxydant et protecteur des cellules. Il fixe les atomes d&rsquo;oxyg\u00e8ne des radicaux libres et ralentit ainsi les processus d&rsquo;oxydation de la peau.<\/p>\n<p>Le lait solaire s&rsquo;applique tr\u00e8s facilement sans laisser de r\u00e9sidu visible. Aucun alcool ou autre ingr\u00e9dient agressif n&rsquo;est utilis\u00e9 pour garantir que m\u00eame les peaux mixtes sensibles se sentent bien.<br \/>\n* Issu de la culture biologique<\/p>\n","protected":false},"excerpt":{"rendered":"<p>Protection min\u00e9rale contre la lumi\u00e8re, \u00e0 la grenade* et \u00e0 la framboise* pour le corps et le visage. Le complexe de protection contre la lumi\u00e8re, compos\u00e9 de dioxyde de titane et d&rsquo;oxyde de zinc naturel non trait\u00e9, r\u00e9fl\u00e9chit les rayons nocifs du soleil (UVA + UVB). Une composition d&rsquo;huiles v\u00e9g\u00e9tales et nourrit la peau :&#8230;<\/p>\n","protected":false},"featured_media":3803,"template":"","meta":{"_kad_post_transparent":"","_kad_post_title":"","_kad_post_layout":"","_kad_post_sidebar_id":"","_kad_post_content_style":"","_kad_post_vertical_padding":"","_kad_post_feature":"","_kad_post_feature_position":"","_kad_post_header":false,"_kad_post_footer":false,"_kad_post_classname":""},"product_brand":[],"product_cat":[75,90,117,120,135,93],"product_tag":[],"class_list":{"0":"post-3808","1":"product","2":"type-product","3":"status-publish","4":"has-post-thumbnail","6":"product_cat-corps","7":"product_cat-eco-cosmetics-fr","8":"product_cat-enfants","9":"product_cat-soin-du-corps","10":"product_cat-soleil","11":"product_cat-visage","13":"first","14":"instock","15":"shipping-taxable","16":"purchasable","17":"product-type-simple","18":"entry","19":"content-bg","20":"loop-entry"},"_links":{"self":[{"href":"https:\/\/sourcenaturelle.eu\/fr\/wp-json\/wp\/v2\/product\/3808","targetHints":{"allow":["GET"]}}],"collection":[{"href":"https:\/\/sourcenaturelle.eu\/fr\/wp-json\/wp\/v2\/product"}],"about":[{"href":"https:\/\/sourcenaturelle.eu\/fr\/wp-json\/wp\/v2\/types\/product"}],"wp:featuredmedia":[{"embeddable":true,"href":"https:\/\/sourcenaturelle.eu\/fr\/wp-json\/wp\/v2\/media\/3803"}],"wp:attachment":[{"href":"https:\/\/sourcenaturelle.eu\/fr\/wp-json\/wp\/v2\/media?parent=3808"}],"wp:term":[{"taxonomy":"product_brand","embeddable":true,"href":"https:\/\/sourcenaturelle.eu\/fr\/wp-json\/wp\/v2\/product_brand?post=3808"},{"taxonomy":"product_cat","embeddable":true,"href":"https:\/\/sourcenaturelle.eu\/fr\/wp-json\/wp\/v2\/product_cat?post=3808"},{"taxonomy":"product_tag","embeddable":true,"href":"https:\/\/sourcenaturelle.eu\/fr\/wp-json\/wp\/v2\/product_tag?post=3808"}],"curies":[{"name":"wp","href":"https:\/\/api.w.org\/{rel}","templated":true}]}}