{"id":3799,"date":"2021-06-26T21:49:00","date_gmt":"2021-06-26T21:49:00","guid":{"rendered":"https:\/\/sourcenaturelle.eu\/product\/eco-cosmetics-sunmilk-sensitive-spf-20-75ml-fr\/"},"modified":"2021-06-26T21:49:00","modified_gmt":"2021-06-26T21:49:00","slug":"eco-cosmetics-sunmilk-sensitive-spf-20-75ml-fr","status":"publish","type":"product","link":"https:\/\/sourcenaturelle.eu\/fr\/produit\/eco-cosmetics-sunmilk-sensitive-spf-20-75ml-fr\/","title":{"rendered":"Eco cosmetics Sunmilk Sensitive SPF 20, 75ml"},"content":{"rendered":"<p>Protection min\u00e9rale contre la lumi\u00e8re, \u00e0 la grenade* et \u00e0 la framboise, pour le corps et le visage.<br \/>\nLe complexe de protection contre la lumi\u00e8re nouvellement d\u00e9velopp\u00e9, compos\u00e9 de dioxyde de titane associ\u00e9 \u00e0 de l&rsquo;oxyde de zinc naturel non trait\u00e9, r\u00e9fl\u00e9chit les rayons nocifs du soleil (UVA + UVB).<\/p>\n<p>Une composition d&rsquo;huiles v\u00e9g\u00e9tales nourrit la peau :<br \/>\nL&rsquo;huile de p\u00e9pins de framboise aide la peau \u00e0 conserver son hydratation. On dit m\u00eame qu&rsquo;il offre une protection naturelle contre les UV.<br \/>\nL&rsquo;huile de p\u00e9pins de grenade* am\u00e9liore l&rsquo;\u00e9lasticit\u00e9 de la peau. Il nourrit la peau et pr\u00e9vient le vieillissement pr\u00e9matur\u00e9.<br \/>\nLa vitamine E v\u00e9g\u00e9tale a un effet antioxydant et protecteur des cellules. Il fixe les atomes d&rsquo;oxyg\u00e8ne des radicaux libres et ralentit ainsi les processus d&rsquo;oxydation de la peau.<br \/>\nIl a \u00e9t\u00e9 prouv\u00e9 que l&rsquo;huile de karanja* poss\u00e8de de tr\u00e8s bonnes propri\u00e9t\u00e9s pour le soin de la peau.<br \/>\nLa forte concentration d&rsquo;acides gras aide \u00e0 pr\u00e9venir les impuret\u00e9s de la peau.<br \/>\nLa peau reste ainsi lisse et belle, pour un effet frais et tonique.<br \/>\nLe lait solaire s&rsquo;applique tr\u00e8s facilement sans laisser de r\u00e9sidu visible. Aucun alcool ou autre ingr\u00e9dient agressif n&rsquo;est utilis\u00e9 pour pr\u00e9server la sensation de bien-\u00eatre de la peau, m\u00eame sur les peaux mixtes sensibles.<br \/>\n* issu de l&rsquo;agriculture biologique, contenu : 75 ml, tube<\/p>\n","protected":false},"excerpt":{"rendered":"<p>Protection min\u00e9rale contre la lumi\u00e8re, \u00e0 la grenade* et \u00e0 la framboise, pour le corps et le visage. Le complexe de protection contre la lumi\u00e8re nouvellement d\u00e9velopp\u00e9, compos\u00e9 de dioxyde de titane associ\u00e9 \u00e0 de l&rsquo;oxyde de zinc naturel non trait\u00e9, r\u00e9fl\u00e9chit les rayons nocifs du soleil (UVA + UVB). Une composition d&rsquo;huiles v\u00e9g\u00e9tales nourrit&#8230;<\/p>\n","protected":false},"featured_media":3795,"template":"","meta":{"_kad_post_transparent":"","_kad_post_title":"","_kad_post_layout":"","_kad_post_sidebar_id":"","_kad_post_content_style":"","_kad_post_vertical_padding":"","_kad_post_feature":"","_kad_post_feature_position":"","_kad_post_header":false,"_kad_post_footer":false,"_kad_post_classname":""},"product_brand":[],"product_cat":[75,90,135,93],"product_tag":[],"class_list":{"0":"post-3799","1":"product","2":"type-product","3":"status-publish","4":"has-post-thumbnail","6":"product_cat-corps","7":"product_cat-eco-cosmetics-fr","8":"product_cat-soleil","9":"product_cat-visage","11":"first","12":"instock","13":"shipping-taxable","14":"purchasable","15":"product-type-simple","16":"entry","17":"content-bg","18":"loop-entry"},"_links":{"self":[{"href":"https:\/\/sourcenaturelle.eu\/fr\/wp-json\/wp\/v2\/product\/3799","targetHints":{"allow":["GET"]}}],"collection":[{"href":"https:\/\/sourcenaturelle.eu\/fr\/wp-json\/wp\/v2\/product"}],"about":[{"href":"https:\/\/sourcenaturelle.eu\/fr\/wp-json\/wp\/v2\/types\/product"}],"wp:featuredmedia":[{"embeddable":true,"href":"https:\/\/sourcenaturelle.eu\/fr\/wp-json\/wp\/v2\/media\/3795"}],"wp:attachment":[{"href":"https:\/\/sourcenaturelle.eu\/fr\/wp-json\/wp\/v2\/media?parent=3799"}],"wp:term":[{"taxonomy":"product_brand","embeddable":true,"href":"https:\/\/sourcenaturelle.eu\/fr\/wp-json\/wp\/v2\/product_brand?post=3799"},{"taxonomy":"product_cat","embeddable":true,"href":"https:\/\/sourcenaturelle.eu\/fr\/wp-json\/wp\/v2\/product_cat?post=3799"},{"taxonomy":"product_tag","embeddable":true,"href":"https:\/\/sourcenaturelle.eu\/fr\/wp-json\/wp\/v2\/product_tag?post=3799"}],"curies":[{"name":"wp","href":"https:\/\/api.w.org\/{rel}","templated":true}]}}