{"id":3780,"date":"2021-06-26T18:22:29","date_gmt":"2021-06-26T18:22:29","guid":{"rendered":"https:\/\/sourcenaturelle.eu\/product\/venobis-jojoba-oil-100ml-fr\/"},"modified":"2021-06-26T18:22:29","modified_gmt":"2021-06-26T18:22:29","slug":"venobis-jojoba-oil-100ml-fr","status":"publish","type":"product","link":"https:\/\/sourcenaturelle.eu\/fr\/produit\/venobis-jojoba-oil-100ml-fr\/","title":{"rendered":"Venobis L&rsquo;huile Jojoba, 100ml"},"content":{"rendered":"<p>Pour tout type de peau.<\/p>\n<p>L&rsquo;huile extraite de la noix de jojoba est connue comme l&rsquo;une des meilleures huiles de massage car elle a le m\u00eame pH que la peau humaine. Il \u00e9tait donc appel\u00e9 \u00ab\u00a0l&rsquo;or liquide\u00a0\u00bb par les Indiens d&rsquo;Am\u00e9rique du Nord.<\/p>\n<p>Il contient de la provitamine A et de la vitamine E, nourrit intens\u00e9ment la peau gr\u00e2ce \u00e0 sa composition favorable en acides gras. Il est bien absorb\u00e9 par l&rsquo;\u00e9piderme et a un effet hydratant.<\/p>\n<p>L&rsquo;huile de jojoba convient \u00e9galement comme soin du visage bien tol\u00e9r\u00e9 pour les peaux particuli\u00e8rement s\u00e8ches et en m\u00eame temps sensibles.<\/p>\n<p>L&rsquo;huile de jojoba ne rancit pas, elle n&rsquo;a donc pas besoin d&rsquo;\u00eatre conserv\u00e9e et stabilis\u00e9e de mani\u00e8re suppl\u00e9mentaire.<\/p>\n<p>CONSEILS POUR LE SOIN DES CHEVEUX<br \/>\nUtilisez l&rsquo;huile de jojoba comme traitement capillaire pour les pointes s\u00e8ches.<\/p>\n","protected":false},"excerpt":{"rendered":"<p>Pour toutes les peaux et tous les types des cheveux.<\/p>\n","protected":false},"featured_media":3777,"template":"","meta":{"_kad_post_transparent":"","_kad_post_title":"","_kad_post_layout":"","_kad_post_sidebar_id":"","_kad_post_content_style":"","_kad_post_vertical_padding":"","_kad_post_feature":"","_kad_post_feature_position":"","_kad_post_header":false,"_kad_post_footer":false,"_kad_post_classname":""},"product_brand":[],"product_cat":[105,75,215,194,203,138,93],"product_tag":[],"class_list":{"0":"post-3780","1":"product","2":"type-product","3":"status-publish","4":"has-post-thumbnail","6":"product_cat-cheveux","7":"product_cat-corps","8":"product_cat-soins-des-cheveux","9":"product_cat-soins-hydratants","10":"product_cat-soins-hydratants-visage","11":"product_cat-venobis-fr","12":"product_cat-visage","14":"first","15":"instock","16":"shipping-taxable","17":"purchasable","18":"product-type-simple","19":"entry","20":"content-bg","21":"loop-entry"},"_links":{"self":[{"href":"https:\/\/sourcenaturelle.eu\/fr\/wp-json\/wp\/v2\/product\/3780","targetHints":{"allow":["GET"]}}],"collection":[{"href":"https:\/\/sourcenaturelle.eu\/fr\/wp-json\/wp\/v2\/product"}],"about":[{"href":"https:\/\/sourcenaturelle.eu\/fr\/wp-json\/wp\/v2\/types\/product"}],"wp:featuredmedia":[{"embeddable":true,"href":"https:\/\/sourcenaturelle.eu\/fr\/wp-json\/wp\/v2\/media\/3777"}],"wp:attachment":[{"href":"https:\/\/sourcenaturelle.eu\/fr\/wp-json\/wp\/v2\/media?parent=3780"}],"wp:term":[{"taxonomy":"product_brand","embeddable":true,"href":"https:\/\/sourcenaturelle.eu\/fr\/wp-json\/wp\/v2\/product_brand?post=3780"},{"taxonomy":"product_cat","embeddable":true,"href":"https:\/\/sourcenaturelle.eu\/fr\/wp-json\/wp\/v2\/product_cat?post=3780"},{"taxonomy":"product_tag","embeddable":true,"href":"https:\/\/sourcenaturelle.eu\/fr\/wp-json\/wp\/v2\/product_tag?post=3780"}],"curies":[{"name":"wp","href":"https:\/\/api.w.org\/{rel}","templated":true}]}}