{"id":3765,"date":"2021-06-26T12:56:11","date_gmt":"2021-06-26T12:56:11","guid":{"rendered":"https:\/\/sourcenaturelle.eu\/product\/venobis-anti-aging-oil-50ml-fr\/"},"modified":"2021-06-26T18:15:15","modified_gmt":"2021-06-26T18:15:15","slug":"venobis-anti-aging-oil-50ml-fr","status":"publish","type":"product","link":"https:\/\/sourcenaturelle.eu\/fr\/produit\/venobis-anti-aging-oil-50ml-fr\/","title":{"rendered":"Venobis Anti Aging Oil, 50ml"},"content":{"rendered":"<p>Pour toutes les peaux.<\/p>\n<p>Cette huile est un compl\u00e9ment optimal \u00e0 la cr\u00e8me anti-\u00e2ge Venobis Madre Selva. Les huiles sont stock\u00e9es plus longtemps par les cellules de la peau, c&rsquo;est pourquoi un effet optimis\u00e9 peut \u00eatre observ\u00e9 ici.<\/p>\n<p>Les huiles anti-\u00e2ge de haute qualit\u00e9 de l&rsquo;onagre et de l&rsquo;arganier d\u00e9ploient leur effet rajeunissant sur la peau dans cette composition sp\u00e9ciale.<\/p>\n<p>CONSEIL POUR LES SOINS DE NUIT ANTI-\u00c2GE<br \/>\nPour les peaux tr\u00e8s s\u00e8ches, nous recommandons l&rsquo;huile anti-\u00e2ge comme soin de nuit riche pour le visage.<\/p>\n","protected":false},"excerpt":{"rendered":"<p>Pour toutes les peaux<\/p>\n","protected":false},"featured_media":3762,"template":"","meta":{"_kad_post_transparent":"","_kad_post_title":"","_kad_post_layout":"","_kad_post_sidebar_id":"","_kad_post_content_style":"","_kad_post_vertical_padding":"","_kad_post_feature":"","_kad_post_feature_position":"","_kad_post_header":false,"_kad_post_footer":false,"_kad_post_classname":""},"product_brand":[],"product_cat":[203,138,93],"product_tag":[],"class_list":{"0":"post-3765","1":"product","2":"type-product","3":"status-publish","4":"has-post-thumbnail","6":"product_cat-soins-hydratants-visage","7":"product_cat-venobis-fr","8":"product_cat-visage","10":"first","11":"instock","12":"shipping-taxable","13":"purchasable","14":"product-type-simple","15":"entry","16":"content-bg","17":"loop-entry"},"_links":{"self":[{"href":"https:\/\/sourcenaturelle.eu\/fr\/wp-json\/wp\/v2\/product\/3765","targetHints":{"allow":["GET"]}}],"collection":[{"href":"https:\/\/sourcenaturelle.eu\/fr\/wp-json\/wp\/v2\/product"}],"about":[{"href":"https:\/\/sourcenaturelle.eu\/fr\/wp-json\/wp\/v2\/types\/product"}],"wp:featuredmedia":[{"embeddable":true,"href":"https:\/\/sourcenaturelle.eu\/fr\/wp-json\/wp\/v2\/media\/3762"}],"wp:attachment":[{"href":"https:\/\/sourcenaturelle.eu\/fr\/wp-json\/wp\/v2\/media?parent=3765"}],"wp:term":[{"taxonomy":"product_brand","embeddable":true,"href":"https:\/\/sourcenaturelle.eu\/fr\/wp-json\/wp\/v2\/product_brand?post=3765"},{"taxonomy":"product_cat","embeddable":true,"href":"https:\/\/sourcenaturelle.eu\/fr\/wp-json\/wp\/v2\/product_cat?post=3765"},{"taxonomy":"product_tag","embeddable":true,"href":"https:\/\/sourcenaturelle.eu\/fr\/wp-json\/wp\/v2\/product_tag?post=3765"}],"curies":[{"name":"wp","href":"https:\/\/api.w.org\/{rel}","templated":true}]}}