{"id":3757,"date":"2021-06-26T12:47:31","date_gmt":"2021-06-26T12:47:31","guid":{"rendered":"https:\/\/sourcenaturelle.eu\/product\/venobis-madre-selva-peeling-mask-100ml-fr\/"},"modified":"2021-06-26T12:47:31","modified_gmt":"2021-06-26T12:47:31","slug":"venobis-madre-selva-peeling-mask-100ml-fr","status":"publish","type":"product","link":"https:\/\/sourcenaturelle.eu\/fr\/produit\/venobis-madre-selva-peeling-mask-100ml-fr\/","title":{"rendered":"Venobis Madre Selva Peeling Mask, 100ml"},"content":{"rendered":"<p>Pour tout type de peau.<\/p>\n<p>Le masque peeling Madre Selva de Venobis nettoie la peau en profondeur jusqu&rsquo;aux pores, \u00e9limine les cellules mortes et laisse la peau lisse et mate. Les granul\u00e9s extra-fins de noyau d&rsquo;amande et d&rsquo;olive, associ\u00e9s \u00e0 des huiles v\u00e9g\u00e9tales sp\u00e9ciales comme l&rsquo;huile nettoyante de sauge blanche, exfolient la peau impure de mani\u00e8re cibl\u00e9e et en douceur. Avec une utilisation r\u00e9guli\u00e8re, le masque emp\u00eache la r\u00e9apparition des impuret\u00e9s.<\/p>\n<p>Les granules d&rsquo;amande et de noyau d&rsquo;olive particuli\u00e8rement finement broy\u00e9s agissent contre l&rsquo;exc\u00e8s de s\u00e9bum de la peau ainsi que contre la nouvelle formation de com\u00e9dons, de milia et de pustules d&rsquo;acn\u00e9 ; avec un effet de renouvellement de la peau.<\/p>\n<p>Traitement nettoyant avec la lotion de soin Venobis Madre Selva<br \/>\nAppliquer le masque peeling Venobis Madre Selva sur le visage, le cou et le d\u00e9collet\u00e9 &#8211; sans le contour des yeux &#8211; et laisser agir pendant environ 15 minutes.<br \/>\nMassage l\u00e9ger du visage avec le masque peeling Madre Selva, suivi de<br \/>\nClarifier avec Venobis Madre Selva Tonic<br \/>\nAppliquez Venobis Madre Selva Intense comme une cr\u00e8me de soin.<\/p>\n<p>Alternatives : Cr\u00e8me anti-\u00e2ge Venobis Madre Selva, Venobis Madre Selva Harmony<\/p>\n","protected":false},"excerpt":{"rendered":"<p>Pour toutes les peaux<\/p>\n","protected":false},"featured_media":3750,"template":"","meta":{"_kad_post_transparent":"","_kad_post_title":"","_kad_post_layout":"","_kad_post_sidebar_id":"","_kad_post_content_style":"","_kad_post_vertical_padding":"","_kad_post_feature":"","_kad_post_feature_position":"","_kad_post_header":false,"_kad_post_footer":false,"_kad_post_classname":""},"product_brand":[],"product_cat":[197,138,93],"product_tag":[],"class_list":{"0":"post-3757","1":"product","2":"type-product","3":"status-publish","4":"has-post-thumbnail","6":"product_cat-soins-nettoyants","7":"product_cat-venobis-fr","8":"product_cat-visage","10":"first","11":"instock","12":"shipping-taxable","13":"purchasable","14":"product-type-simple","15":"entry","16":"content-bg","17":"loop-entry"},"_links":{"self":[{"href":"https:\/\/sourcenaturelle.eu\/fr\/wp-json\/wp\/v2\/product\/3757","targetHints":{"allow":["GET"]}}],"collection":[{"href":"https:\/\/sourcenaturelle.eu\/fr\/wp-json\/wp\/v2\/product"}],"about":[{"href":"https:\/\/sourcenaturelle.eu\/fr\/wp-json\/wp\/v2\/types\/product"}],"wp:featuredmedia":[{"embeddable":true,"href":"https:\/\/sourcenaturelle.eu\/fr\/wp-json\/wp\/v2\/media\/3750"}],"wp:attachment":[{"href":"https:\/\/sourcenaturelle.eu\/fr\/wp-json\/wp\/v2\/media?parent=3757"}],"wp:term":[{"taxonomy":"product_brand","embeddable":true,"href":"https:\/\/sourcenaturelle.eu\/fr\/wp-json\/wp\/v2\/product_brand?post=3757"},{"taxonomy":"product_cat","embeddable":true,"href":"https:\/\/sourcenaturelle.eu\/fr\/wp-json\/wp\/v2\/product_cat?post=3757"},{"taxonomy":"product_tag","embeddable":true,"href":"https:\/\/sourcenaturelle.eu\/fr\/wp-json\/wp\/v2\/product_tag?post=3757"}],"curies":[{"name":"wp","href":"https:\/\/api.w.org\/{rel}","templated":true}]}}