{"id":3753,"date":"2021-06-26T12:20:05","date_gmt":"2021-06-26T12:20:05","guid":{"rendered":"https:\/\/sourcenaturelle.eu\/product\/venobis-madre-selva-vital-lifting-mask-100ml-fr\/"},"modified":"2021-06-26T12:20:05","modified_gmt":"2021-06-26T12:20:05","slug":"venobis-madre-selva-vital-lifting-mask-100ml-fr","status":"publish","type":"product","link":"https:\/\/sourcenaturelle.eu\/fr\/produit\/venobis-madre-selva-vital-lifting-mask-100ml-fr\/","title":{"rendered":"Venobis Madre Selva Vital Lifting Mask, 100ml"},"content":{"rendered":"<p>Pour toutes les peaux.<\/p>\n<p>Ce masque devient agr\u00e9ablement chaud lorsqu&rsquo;il est appliqu\u00e9. Il rafra\u00eechit et nourrit la peau, a un effet r\u00e9g\u00e9n\u00e9rant et rend votre teint \u00e9clatant. L&rsquo;hydratation de la peau est \u00e9quilibr\u00e9e et un effet liftant est obtenu, en particulier pour les teints fatigu\u00e9s. En outre, le masque a un l\u00e9ger effet astringent, ce qui rend la peau ab\u00eem\u00e9e plus uniforme.<\/p>\n<p>CONSEIL ESSENTIEL DE LEVAGE<br \/>\nNettoyez le visage avec la lotion de soin Venobis Madre Selva.<\/p>\n<p>Appliquez le Masque Lifting Vital Madre Selva de Venobis sur le visage, le cou et le d\u00e9collet\u00e9, sans le contour des yeux, et laissez-le p\u00e9n\u00e9trer pendant environ 15 minutes.<\/p>\n<p>Faites p\u00e9n\u00e9trer le masque en massant doucement, puis rincez \u00e0 l&rsquo;eau ti\u00e8de.<\/p>\n<p>Clarifier et apaiser la peau avec Venobis Madre Selva Tonic.<\/p>\n<p>Enfin, chouchoutez votre peau avec le soin du visage qui vous convient le mieux.<\/p>\n","protected":false},"excerpt":{"rendered":"<p>Pour toutes les peaux<\/p>\n","protected":false},"featured_media":3750,"template":"","meta":{"_kad_post_transparent":"","_kad_post_title":"","_kad_post_layout":"","_kad_post_sidebar_id":"","_kad_post_content_style":"","_kad_post_vertical_padding":"","_kad_post_feature":"","_kad_post_feature_position":"","_kad_post_header":false,"_kad_post_footer":false,"_kad_post_classname":""},"product_brand":[],"product_cat":[203,138,93],"product_tag":[],"class_list":{"0":"post-3753","1":"product","2":"type-product","3":"status-publish","4":"has-post-thumbnail","6":"product_cat-soins-hydratants-visage","7":"product_cat-venobis-fr","8":"product_cat-visage","10":"first","11":"instock","12":"shipping-taxable","13":"purchasable","14":"product-type-simple","15":"entry","16":"content-bg","17":"loop-entry"},"_links":{"self":[{"href":"https:\/\/sourcenaturelle.eu\/fr\/wp-json\/wp\/v2\/product\/3753","targetHints":{"allow":["GET"]}}],"collection":[{"href":"https:\/\/sourcenaturelle.eu\/fr\/wp-json\/wp\/v2\/product"}],"about":[{"href":"https:\/\/sourcenaturelle.eu\/fr\/wp-json\/wp\/v2\/types\/product"}],"wp:featuredmedia":[{"embeddable":true,"href":"https:\/\/sourcenaturelle.eu\/fr\/wp-json\/wp\/v2\/media\/3750"}],"wp:attachment":[{"href":"https:\/\/sourcenaturelle.eu\/fr\/wp-json\/wp\/v2\/media?parent=3753"}],"wp:term":[{"taxonomy":"product_brand","embeddable":true,"href":"https:\/\/sourcenaturelle.eu\/fr\/wp-json\/wp\/v2\/product_brand?post=3753"},{"taxonomy":"product_cat","embeddable":true,"href":"https:\/\/sourcenaturelle.eu\/fr\/wp-json\/wp\/v2\/product_cat?post=3753"},{"taxonomy":"product_tag","embeddable":true,"href":"https:\/\/sourcenaturelle.eu\/fr\/wp-json\/wp\/v2\/product_tag?post=3753"}],"curies":[{"name":"wp","href":"https:\/\/api.w.org\/{rel}","templated":true}]}}