{"id":3745,"date":"2021-06-26T12:08:49","date_gmt":"2021-06-26T12:08:49","guid":{"rendered":"https:\/\/sourcenaturelle.eu\/product\/venobis-madre-selva-care-lotion-200ml-fr\/"},"modified":"2021-06-26T12:08:49","modified_gmt":"2021-06-26T12:08:49","slug":"venobis-madre-selva-care-lotion-200ml-fr","status":"publish","type":"product","link":"https:\/\/sourcenaturelle.eu\/fr\/produit\/venobis-madre-selva-care-lotion-200ml-fr\/","title":{"rendered":"Venobis Madre Selva Care Lotion, 200ml"},"content":{"rendered":"<p>Pour toutes les peaux.<\/p>\n<p>Les substances ind\u00e9sirables telles que les cellules mortes, les traces d&rsquo;impuret\u00e9s (par exemple les influences environnementales), le maquillage, la sueur et le s\u00e9bum sont \u00e9limin\u00e9es de la peau.<\/p>\n<p>La consistance douce de la lotion de soin Madre Selva pr\u00e9serve les m\u00e9canismes de protection de la peau. L&rsquo;\u00e9quilibre biologique de la peau est maintenu, le film hydrolipidique est pr\u00e9serv\u00e9, le pH de la peau est stabilis\u00e9 et la teneur en eau est \u00e9quilibr\u00e9e.<\/p>\n<p>CONSEIL DE NETTOYAGE<br \/>\nAppliquez la lotion de soin Madre Selva sur le visage, puis nettoyez la peau avec un coton ou de l&rsquo;eau ti\u00e8de. Clarifiez ensuite la peau du visage nettoy\u00e9e avec le Madre Selva Tonic pour refermer les pores. Dorlotez votre peau avec le soin du visage qui vous convient le mieux.<\/p>\n","protected":false},"excerpt":{"rendered":"<p>Pour toutes les peaux.<\/p>\n","protected":false},"featured_media":3742,"template":"","meta":{"_kad_post_transparent":"","_kad_post_title":"","_kad_post_layout":"","_kad_post_sidebar_id":"","_kad_post_content_style":"","_kad_post_vertical_padding":"","_kad_post_feature":"","_kad_post_feature_position":"","_kad_post_header":false,"_kad_post_footer":false,"_kad_post_classname":""},"product_brand":[],"product_cat":[197,138,93],"product_tag":[],"class_list":{"0":"post-3745","1":"product","2":"type-product","3":"status-publish","4":"has-post-thumbnail","6":"product_cat-soins-nettoyants","7":"product_cat-venobis-fr","8":"product_cat-visage","10":"first","11":"instock","12":"shipping-taxable","13":"purchasable","14":"product-type-simple","15":"entry","16":"content-bg","17":"loop-entry"},"_links":{"self":[{"href":"https:\/\/sourcenaturelle.eu\/fr\/wp-json\/wp\/v2\/product\/3745","targetHints":{"allow":["GET"]}}],"collection":[{"href":"https:\/\/sourcenaturelle.eu\/fr\/wp-json\/wp\/v2\/product"}],"about":[{"href":"https:\/\/sourcenaturelle.eu\/fr\/wp-json\/wp\/v2\/types\/product"}],"wp:featuredmedia":[{"embeddable":true,"href":"https:\/\/sourcenaturelle.eu\/fr\/wp-json\/wp\/v2\/media\/3742"}],"wp:attachment":[{"href":"https:\/\/sourcenaturelle.eu\/fr\/wp-json\/wp\/v2\/media?parent=3745"}],"wp:term":[{"taxonomy":"product_brand","embeddable":true,"href":"https:\/\/sourcenaturelle.eu\/fr\/wp-json\/wp\/v2\/product_brand?post=3745"},{"taxonomy":"product_cat","embeddable":true,"href":"https:\/\/sourcenaturelle.eu\/fr\/wp-json\/wp\/v2\/product_cat?post=3745"},{"taxonomy":"product_tag","embeddable":true,"href":"https:\/\/sourcenaturelle.eu\/fr\/wp-json\/wp\/v2\/product_tag?post=3745"}],"curies":[{"name":"wp","href":"https:\/\/api.w.org\/{rel}","templated":true}]}}