{"id":3737,"date":"2021-06-26T11:48:19","date_gmt":"2021-06-26T11:48:19","guid":{"rendered":"https:\/\/sourcenaturelle.eu\/product\/venobis-madre-selva-tonique-200ml\/"},"modified":"2021-06-26T11:48:19","modified_gmt":"2021-06-26T11:48:19","slug":"venobis-madre-selva-tonique-200ml","status":"publish","type":"product","link":"https:\/\/sourcenaturelle.eu\/fr\/produit\/venobis-madre-selva-tonique-200ml\/","title":{"rendered":"Venobis Madre Selva Tonique, 200ml"},"content":{"rendered":"<p>Pour toutes les peaux.<\/p>\n<p>Venobis Madre Selva Tonic convient pour nettoyer, tonifier et rafra\u00eechir la peau. Ce nettoyage apaisant mais intensif pr\u00e9pare la peau de mani\u00e8re optimale pour les soins ult\u00e9rieurs.<\/p>\n<p>TIP FRESH UP<br \/>\nId\u00e9al \u00e9galement comme compresse rafra\u00eechissante pour le visage. Humidifiez des tampons de coton avec Venobis Madre Selva Tonic et placez-les sur le visage. La peau est intens\u00e9ment hydrat\u00e9e, les irritations disparaissent et le produit a un effet rafra\u00eechissant agr\u00e9able !<\/p>\n","protected":false},"excerpt":{"rendered":"<p>Pour toutes les peaux.<\/p>\n","protected":false},"featured_media":3734,"template":"","meta":{"_kad_post_transparent":"","_kad_post_title":"","_kad_post_layout":"","_kad_post_sidebar_id":"","_kad_post_content_style":"","_kad_post_vertical_padding":"","_kad_post_feature":"","_kad_post_feature_position":"","_kad_post_header":false,"_kad_post_footer":false,"_kad_post_classname":""},"product_brand":[],"product_cat":[197,138,93],"product_tag":[],"class_list":{"0":"post-3737","1":"product","2":"type-product","3":"status-publish","4":"has-post-thumbnail","6":"product_cat-soins-nettoyants","7":"product_cat-venobis-fr","8":"product_cat-visage","10":"first","11":"instock","12":"shipping-taxable","13":"purchasable","14":"product-type-simple","15":"entry","16":"content-bg","17":"loop-entry"},"_links":{"self":[{"href":"https:\/\/sourcenaturelle.eu\/fr\/wp-json\/wp\/v2\/product\/3737","targetHints":{"allow":["GET"]}}],"collection":[{"href":"https:\/\/sourcenaturelle.eu\/fr\/wp-json\/wp\/v2\/product"}],"about":[{"href":"https:\/\/sourcenaturelle.eu\/fr\/wp-json\/wp\/v2\/types\/product"}],"wp:featuredmedia":[{"embeddable":true,"href":"https:\/\/sourcenaturelle.eu\/fr\/wp-json\/wp\/v2\/media\/3734"}],"wp:attachment":[{"href":"https:\/\/sourcenaturelle.eu\/fr\/wp-json\/wp\/v2\/media?parent=3737"}],"wp:term":[{"taxonomy":"product_brand","embeddable":true,"href":"https:\/\/sourcenaturelle.eu\/fr\/wp-json\/wp\/v2\/product_brand?post=3737"},{"taxonomy":"product_cat","embeddable":true,"href":"https:\/\/sourcenaturelle.eu\/fr\/wp-json\/wp\/v2\/product_cat?post=3737"},{"taxonomy":"product_tag","embeddable":true,"href":"https:\/\/sourcenaturelle.eu\/fr\/wp-json\/wp\/v2\/product_tag?post=3737"}],"curies":[{"name":"wp","href":"https:\/\/api.w.org\/{rel}","templated":true}]}}