{"id":3729,"date":"2021-06-26T11:35:38","date_gmt":"2021-06-26T11:35:38","guid":{"rendered":"https:\/\/sourcenaturelle.eu\/product\/venobis-eye-care-30ml-fr\/"},"modified":"2021-06-26T11:35:38","modified_gmt":"2021-06-26T11:35:38","slug":"venobis-eye-care-30ml-fr","status":"publish","type":"product","link":"https:\/\/sourcenaturelle.eu\/fr\/produit\/venobis-eye-care-30ml-fr\/","title":{"rendered":"Venobis Eye Care, 30ml"},"content":{"rendered":"<p>Pour toutes les peaux.<\/p>\n<p>Le soin des yeux Venobis Madre Selva prend soin de mani\u00e8re optimale de la peau exigeante et d\u00e9licate du contour des yeux et offre une protection contre les influences environnementales.<\/p>\n<p>Des ingr\u00e9dients sp\u00e9ciaux stimulent la microcirculation, ont un effet d\u00e9congestionnant et rafra\u00eechissant. Les petites rides et ridules sont liss\u00e9es, les cernes et les poches sous les yeux sont att\u00e9nu\u00e9es. Vous avez l&rsquo;air \u00e9veill\u00e9 et bien soign\u00e9.<\/p>\n<p>Nos yeux sont un important moyen de communication. Les signaux que nous envoyons avec nos yeux sont interpr\u00e9t\u00e9s par ceux qui nous entourent. Tout comme le regard lui-m\u00eame, le contour des yeux envoie \u00e9galement des informations sur notre \u00e9tat de sant\u00e9, notre constitution physique et notre \u00e2ge. Les cernes et les poches sous les yeux indiquent un manque de sommeil, un mode de vie malsain ou un mauvais \u00e9tat de sant\u00e9.<\/p>\n<p>Application<br \/>\nTapotez d\u00e9licatement la peau d\u00e9licate sous les yeux avec la cr\u00e8me de l&rsquo;int\u00e9rieur vers l&rsquo;ext\u00e9rieur pour stimuler le flux lymphatique. Pour un effet rafra\u00eechissant, placez la cr\u00e8me au cong\u00e9lateur juste avant l&rsquo;application.<\/p>\n","protected":false},"excerpt":{"rendered":"<p>Pour toutes les peaux.<\/p>\n","protected":false},"featured_media":3726,"template":"","meta":{"_kad_post_transparent":"","_kad_post_title":"","_kad_post_layout":"","_kad_post_sidebar_id":"","_kad_post_content_style":"","_kad_post_vertical_padding":"","_kad_post_feature":"","_kad_post_feature_position":"","_kad_post_header":false,"_kad_post_footer":false,"_kad_post_classname":""},"product_brand":[],"product_cat":[138,93,200],"product_tag":[],"class_list":{"0":"post-3729","1":"product","2":"type-product","3":"status-publish","4":"has-post-thumbnail","6":"product_cat-venobis-fr","7":"product_cat-visage","8":"product_cat-yeuxlevres","10":"first","11":"instock","12":"shipping-taxable","13":"purchasable","14":"product-type-simple","15":"entry","16":"content-bg","17":"loop-entry"},"_links":{"self":[{"href":"https:\/\/sourcenaturelle.eu\/fr\/wp-json\/wp\/v2\/product\/3729","targetHints":{"allow":["GET"]}}],"collection":[{"href":"https:\/\/sourcenaturelle.eu\/fr\/wp-json\/wp\/v2\/product"}],"about":[{"href":"https:\/\/sourcenaturelle.eu\/fr\/wp-json\/wp\/v2\/types\/product"}],"wp:featuredmedia":[{"embeddable":true,"href":"https:\/\/sourcenaturelle.eu\/fr\/wp-json\/wp\/v2\/media\/3726"}],"wp:attachment":[{"href":"https:\/\/sourcenaturelle.eu\/fr\/wp-json\/wp\/v2\/media?parent=3729"}],"wp:term":[{"taxonomy":"product_brand","embeddable":true,"href":"https:\/\/sourcenaturelle.eu\/fr\/wp-json\/wp\/v2\/product_brand?post=3729"},{"taxonomy":"product_cat","embeddable":true,"href":"https:\/\/sourcenaturelle.eu\/fr\/wp-json\/wp\/v2\/product_cat?post=3729"},{"taxonomy":"product_tag","embeddable":true,"href":"https:\/\/sourcenaturelle.eu\/fr\/wp-json\/wp\/v2\/product_tag?post=3729"}],"curies":[{"name":"wp","href":"https:\/\/api.w.org\/{rel}","templated":true}]}}