{"id":3657,"date":"2021-06-25T12:35:01","date_gmt":"2021-06-25T12:35:01","guid":{"rendered":"https:\/\/sourcenaturelle.eu\/product\/venobis-madre-selva-anti-aging-50ml-fr\/"},"modified":"2021-06-28T15:38:15","modified_gmt":"2021-06-28T15:38:15","slug":"venobis-madre-selva-anti-aging-50ml-fr","status":"publish","type":"product","link":"https:\/\/sourcenaturelle.eu\/fr\/produit\/venobis-madre-selva-anti-aging-50ml-fr\/","title":{"rendered":"Venobis Madre Selva Anti Aging, 50ml"},"content":{"rendered":"<p>Pour les peaux s\u00e8ches, matures et stress\u00e9es.<\/p>\n<p>Le secret de Venobis Madre Selva Anti Aging est la forte concentration d&rsquo;acides gras polyinsatur\u00e9s, de vitamine A r\u00e9g\u00e9n\u00e9ratrice des cellules et le niveau \u00e9lev\u00e9 d&rsquo;antioxydants tels que les compos\u00e9s de la vitamine E. Cette cr\u00e8me r\u00e9pond ainsi \u00e0 tous les souhaits des peaux matures : prot\u00e9ger contre l&rsquo;attaque des radicaux libres, activer les d\u00e9fenses propres de la peau, r\u00e9guler l&rsquo;\u00e9quilibre hydrique et stimuler \u00e0 nouveau l&rsquo;activit\u00e9 des cellules fatigu\u00e9es.<\/p>\n<p>CONSEIL ANTI-AGE<br \/>\nEn cas de peau tr\u00e8s s\u00e8che &#8211; comme par exemple en hiver \u00e0 cause de l&rsquo;air sec du chauffage &#8211; m\u00e9langez la cr\u00e8me avec l&rsquo;huile anti-\u00e2ge pour obtenir la consistance souhait\u00e9e.<\/p>\n","protected":false},"excerpt":{"rendered":"<p>Pour les peaux s\u00e8ches, matures et stress\u00e9es.<\/p>\n","protected":false},"featured_media":3654,"template":"","meta":{"_kad_post_transparent":"","_kad_post_title":"","_kad_post_layout":"","_kad_post_sidebar_id":"","_kad_post_content_style":"","_kad_post_vertical_padding":"","_kad_post_feature":"","_kad_post_feature_position":"","_kad_post_header":false,"_kad_post_footer":false,"_kad_post_classname":""},"product_brand":[],"product_cat":[203,138,93],"product_tag":[],"class_list":{"0":"post-3657","1":"product","2":"type-product","3":"status-publish","4":"has-post-thumbnail","6":"product_cat-soins-hydratants-visage","7":"product_cat-venobis-fr","8":"product_cat-visage","10":"first","11":"instock","12":"shipping-taxable","13":"purchasable","14":"product-type-simple","15":"entry","16":"content-bg","17":"loop-entry"},"_links":{"self":[{"href":"https:\/\/sourcenaturelle.eu\/fr\/wp-json\/wp\/v2\/product\/3657","targetHints":{"allow":["GET"]}}],"collection":[{"href":"https:\/\/sourcenaturelle.eu\/fr\/wp-json\/wp\/v2\/product"}],"about":[{"href":"https:\/\/sourcenaturelle.eu\/fr\/wp-json\/wp\/v2\/types\/product"}],"wp:featuredmedia":[{"embeddable":true,"href":"https:\/\/sourcenaturelle.eu\/fr\/wp-json\/wp\/v2\/media\/3654"}],"wp:attachment":[{"href":"https:\/\/sourcenaturelle.eu\/fr\/wp-json\/wp\/v2\/media?parent=3657"}],"wp:term":[{"taxonomy":"product_brand","embeddable":true,"href":"https:\/\/sourcenaturelle.eu\/fr\/wp-json\/wp\/v2\/product_brand?post=3657"},{"taxonomy":"product_cat","embeddable":true,"href":"https:\/\/sourcenaturelle.eu\/fr\/wp-json\/wp\/v2\/product_cat?post=3657"},{"taxonomy":"product_tag","embeddable":true,"href":"https:\/\/sourcenaturelle.eu\/fr\/wp-json\/wp\/v2\/product_tag?post=3657"}],"curies":[{"name":"wp","href":"https:\/\/api.w.org\/{rel}","templated":true}]}}