{"id":3649,"date":"2021-06-25T12:25:03","date_gmt":"2021-06-25T12:25:03","guid":{"rendered":"https:\/\/sourcenaturelle.eu\/product\/venobis-madre-selva-harmony-50ml-fr\/"},"modified":"2021-06-25T12:25:03","modified_gmt":"2021-06-25T12:25:03","slug":"venobis-madre-selva-harmony-50ml-fr","status":"publish","type":"product","link":"https:\/\/sourcenaturelle.eu\/fr\/produit\/venobis-madre-selva-harmony-50ml-fr\/","title":{"rendered":"Venobis Madre Selva Harmony, 50ml"},"content":{"rendered":"<p>Pour les peaux mixtes.<\/p>\n<p>Cette cr\u00e8me a un effet \u00e9quilibrant et stimulant sur les peaux s\u00e8ches et grasses. Gr\u00e2ce aux ingr\u00e9dients adapt\u00e9s aux peaux mixtes, la cr\u00e8me a un effet harmonisant, matifiant et astringent.<\/p>\n<p>D\u00e8s l&rsquo;application de Madre Selva Harmony, une sensation de bien-\u00eatre \u00e9quilibr\u00e9 est transmise par la consistance douce et velout\u00e9e et le parfum apaisant et tr\u00e8s agr\u00e9able.<\/p>\n<p>CONSEIL MAQUILLAGE<br \/>\nNous recommandons Venobis Madre Selva Harmony comme base de maquillage id\u00e9ale en raison de son effet \u00e9quilibrant et matifiant.<\/p>\n","protected":false},"excerpt":{"rendered":"<p>Pour les peaux mixtes.<\/p>\n","protected":false},"featured_media":3646,"template":"","meta":{"_kad_post_transparent":"","_kad_post_title":"","_kad_post_layout":"","_kad_post_sidebar_id":"","_kad_post_content_style":"","_kad_post_vertical_padding":"","_kad_post_feature":"","_kad_post_feature_position":"","_kad_post_header":false,"_kad_post_footer":false,"_kad_post_classname":""},"product_brand":[],"product_cat":[203,138,93],"product_tag":[],"class_list":{"0":"post-3649","1":"product","2":"type-product","3":"status-publish","4":"has-post-thumbnail","6":"product_cat-soins-hydratants-visage","7":"product_cat-venobis-fr","8":"product_cat-visage","10":"first","11":"instock","12":"shipping-taxable","13":"purchasable","14":"product-type-simple","15":"entry","16":"content-bg","17":"loop-entry"},"_links":{"self":[{"href":"https:\/\/sourcenaturelle.eu\/fr\/wp-json\/wp\/v2\/product\/3649","targetHints":{"allow":["GET"]}}],"collection":[{"href":"https:\/\/sourcenaturelle.eu\/fr\/wp-json\/wp\/v2\/product"}],"about":[{"href":"https:\/\/sourcenaturelle.eu\/fr\/wp-json\/wp\/v2\/types\/product"}],"wp:featuredmedia":[{"embeddable":true,"href":"https:\/\/sourcenaturelle.eu\/fr\/wp-json\/wp\/v2\/media\/3646"}],"wp:attachment":[{"href":"https:\/\/sourcenaturelle.eu\/fr\/wp-json\/wp\/v2\/media?parent=3649"}],"wp:term":[{"taxonomy":"product_brand","embeddable":true,"href":"https:\/\/sourcenaturelle.eu\/fr\/wp-json\/wp\/v2\/product_brand?post=3649"},{"taxonomy":"product_cat","embeddable":true,"href":"https:\/\/sourcenaturelle.eu\/fr\/wp-json\/wp\/v2\/product_cat?post=3649"},{"taxonomy":"product_tag","embeddable":true,"href":"https:\/\/sourcenaturelle.eu\/fr\/wp-json\/wp\/v2\/product_tag?post=3649"}],"curies":[{"name":"wp","href":"https:\/\/api.w.org\/{rel}","templated":true}]}}