{"id":3641,"date":"2021-06-25T11:00:54","date_gmt":"2021-06-25T11:00:54","guid":{"rendered":"https:\/\/sourcenaturelle.eu\/product\/venobis-madre-selva-hydro-balance-50ml-fr\/"},"modified":"2021-06-25T11:00:54","modified_gmt":"2021-06-25T11:00:54","slug":"venobis-madre-selva-hydro-balance-50ml-fr","status":"publish","type":"product","link":"https:\/\/sourcenaturelle.eu\/fr\/produit\/venobis-madre-selva-hydro-balance-50ml-fr\/","title":{"rendered":"Venobis Madre Selva Hydro Balance, 50ml"},"content":{"rendered":"<p>Pour les peaux d\u00e9shydrat\u00e9es et les peaux mixtes jeunes.<\/p>\n<p>Venobis Madre Selva Hydro Balance est une cr\u00e8me hydratante l\u00e9g\u00e8re qui hydrate intens\u00e9ment la peau avec des substances hautement efficaces, la rendant sensiblement plus fra\u00eeche et pr\u00e9venant ou r\u00e9duisant les rides caus\u00e9es par la s\u00e9cheresse, sans \u00eatre grasse.<\/p>\n<p>CONSEIL D&rsquo;HYDRO BALANCE<br \/>\nIl est important d&rsquo;approvisionner le corps en eau en quantit\u00e9 suffisante, c&rsquo;est-\u00e0-dire de boire beaucoup. L&rsquo;humidit\u00e9 s&rsquo;\u00e9vaporant \u00e0 travers la peau, il est n\u00e9cessaire de reconstituer les r\u00e9serves d&rsquo;humidit\u00e9 de la peau<\/p>\n","protected":false},"excerpt":{"rendered":"<p>Pour les peaux d\u00e9shydrat\u00e9es et les peaux mixtes jeunes.<\/p>\n","protected":false},"featured_media":3638,"template":"","meta":{"_kad_post_transparent":"","_kad_post_title":"","_kad_post_layout":"","_kad_post_sidebar_id":"","_kad_post_content_style":"","_kad_post_vertical_padding":"","_kad_post_feature":"","_kad_post_feature_position":"","_kad_post_header":false,"_kad_post_footer":false,"_kad_post_classname":""},"product_brand":[],"product_cat":[203,138,93],"product_tag":[],"class_list":{"0":"post-3641","1":"product","2":"type-product","3":"status-publish","4":"has-post-thumbnail","6":"product_cat-soins-hydratants-visage","7":"product_cat-venobis-fr","8":"product_cat-visage","10":"first","11":"instock","12":"shipping-taxable","13":"purchasable","14":"product-type-simple","15":"entry","16":"content-bg","17":"loop-entry"},"_links":{"self":[{"href":"https:\/\/sourcenaturelle.eu\/fr\/wp-json\/wp\/v2\/product\/3641","targetHints":{"allow":["GET"]}}],"collection":[{"href":"https:\/\/sourcenaturelle.eu\/fr\/wp-json\/wp\/v2\/product"}],"about":[{"href":"https:\/\/sourcenaturelle.eu\/fr\/wp-json\/wp\/v2\/types\/product"}],"wp:featuredmedia":[{"embeddable":true,"href":"https:\/\/sourcenaturelle.eu\/fr\/wp-json\/wp\/v2\/media\/3638"}],"wp:attachment":[{"href":"https:\/\/sourcenaturelle.eu\/fr\/wp-json\/wp\/v2\/media?parent=3641"}],"wp:term":[{"taxonomy":"product_brand","embeddable":true,"href":"https:\/\/sourcenaturelle.eu\/fr\/wp-json\/wp\/v2\/product_brand?post=3641"},{"taxonomy":"product_cat","embeddable":true,"href":"https:\/\/sourcenaturelle.eu\/fr\/wp-json\/wp\/v2\/product_cat?post=3641"},{"taxonomy":"product_tag","embeddable":true,"href":"https:\/\/sourcenaturelle.eu\/fr\/wp-json\/wp\/v2\/product_tag?post=3641"}],"curies":[{"name":"wp","href":"https:\/\/api.w.org\/{rel}","templated":true}]}}