{"id":3633,"date":"2021-06-25T10:52:43","date_gmt":"2021-06-25T10:52:43","guid":{"rendered":"https:\/\/sourcenaturelle.eu\/product\/venobis-madre-selva-intense-50ml-fr\/"},"modified":"2021-06-25T10:52:43","modified_gmt":"2021-06-25T10:52:43","slug":"venobis-madre-selva-intense-50ml-fr","status":"publish","type":"product","link":"https:\/\/sourcenaturelle.eu\/fr\/produit\/venobis-madre-selva-intense-50ml-fr\/","title":{"rendered":"Venobis Madre Selva Intense, 50ml"},"content":{"rendered":"<p>Pour les peaux s\u00e8ches.<\/p>\n<p>Gr\u00e2ce \u00e0 ses propri\u00e9t\u00e9s douces et protectrices, Venobis Madre Selva Intense peut \u00eatre utilis\u00e9e comme cr\u00e8me de jour et de nuit.<\/p>\n<p>Il apporte \u00e0 la peau une hydratation et un soin riche. Le r\u00e9sultat est une sensation de peau rafra\u00eechissante et relaxante. Il prot\u00e8ge \u00e9galement la peau des agents ext\u00e9rieurs tels que le soleil, le vent et la pollution atmosph\u00e9rique.<\/p>\n<p>CONSEIL D&rsquo;HIVER<br \/>\nPar temps tr\u00e8s froid, appliquez la cr\u00e8me environ 15 minutes avant de quitter votre domicile. Cela permettra \u00e0 l&rsquo;eau contenue dans toutes les cr\u00e8mes de s&rsquo;\u00e9vaporer sur votre peau et d&rsquo;\u00e9viter des dommages suppl\u00e9mentaires \u00e0 l&rsquo;\u00e9piderme.<\/p>\n","protected":false},"excerpt":{"rendered":"<p>Pour les peaux s\u00e8ches.<\/p>\n","protected":false},"featured_media":3630,"template":"","meta":{"_kad_post_transparent":"","_kad_post_title":"","_kad_post_layout":"","_kad_post_sidebar_id":"","_kad_post_content_style":"","_kad_post_vertical_padding":"","_kad_post_feature":"","_kad_post_feature_position":"","_kad_post_header":false,"_kad_post_footer":false,"_kad_post_classname":""},"product_brand":[],"product_cat":[203,138,93],"product_tag":[],"class_list":{"0":"post-3633","1":"product","2":"type-product","3":"status-publish","4":"has-post-thumbnail","6":"product_cat-soins-hydratants-visage","7":"product_cat-venobis-fr","8":"product_cat-visage","10":"first","11":"instock","12":"shipping-taxable","13":"purchasable","14":"product-type-simple","15":"entry","16":"content-bg","17":"loop-entry"},"_links":{"self":[{"href":"https:\/\/sourcenaturelle.eu\/fr\/wp-json\/wp\/v2\/product\/3633","targetHints":{"allow":["GET"]}}],"collection":[{"href":"https:\/\/sourcenaturelle.eu\/fr\/wp-json\/wp\/v2\/product"}],"about":[{"href":"https:\/\/sourcenaturelle.eu\/fr\/wp-json\/wp\/v2\/types\/product"}],"wp:featuredmedia":[{"embeddable":true,"href":"https:\/\/sourcenaturelle.eu\/fr\/wp-json\/wp\/v2\/media\/3630"}],"wp:attachment":[{"href":"https:\/\/sourcenaturelle.eu\/fr\/wp-json\/wp\/v2\/media?parent=3633"}],"wp:term":[{"taxonomy":"product_brand","embeddable":true,"href":"https:\/\/sourcenaturelle.eu\/fr\/wp-json\/wp\/v2\/product_brand?post=3633"},{"taxonomy":"product_cat","embeddable":true,"href":"https:\/\/sourcenaturelle.eu\/fr\/wp-json\/wp\/v2\/product_cat?post=3633"},{"taxonomy":"product_tag","embeddable":true,"href":"https:\/\/sourcenaturelle.eu\/fr\/wp-json\/wp\/v2\/product_tag?post=3633"}],"curies":[{"name":"wp","href":"https:\/\/api.w.org\/{rel}","templated":true}]}}