{"id":3625,"date":"2021-06-25T09:45:09","date_gmt":"2021-06-25T09:45:09","guid":{"rendered":"https:\/\/sourcenaturelle.eu\/product\/venobis-creme-energetique-mineral-akut-30ml\/"},"modified":"2021-06-25T09:45:09","modified_gmt":"2021-06-25T09:45:09","slug":"venobis-creme-energetique-mineral-akut-30ml","status":"publish","type":"product","link":"https:\/\/sourcenaturelle.eu\/fr\/produit\/venobis-creme-energetique-mineral-akut-30ml\/","title":{"rendered":"Venobis Cr\u00e8me Energ\u00e9tique Mineral Akut, 30ml"},"content":{"rendered":"<p>Pour les peaux impures, grasses et mixtes, les peaux bless\u00e9es et ab\u00eem\u00e9es, telles que l&rsquo;acn\u00e9, le psoriasis, les coups de soleil, les cicatrices et les plaies.<\/p>\n<p>Venobis Cr\u00e8me Mineral Akut se caract\u00e9rise par son fort effet antioxydant d\u00fb \u00e0 sa teneur sp\u00e9ciale en z\u00e9olite. En raison de ses micropores, de son \u00e9norme micro-surface et de ses propri\u00e9t\u00e9s hydrophiles, on observe que la z\u00e9olite naturelle a un effet h\u00e9mostatique et cicatrisant.<\/p>\n<p>CONSEILS DE SOINS POUR LES HOMMES<br \/>\nCette cr\u00e8me est \u00e9galement excellente comme soin apaisant pour la peau apr\u00e8s le rasage.<\/p>\n","protected":false},"excerpt":{"rendered":"<p>Pour les peaux impures, grasses et mixtes, les peaux bless\u00e9es et ab\u00eem\u00e9es, telles que l&rsquo;acn\u00e9, le psoriasis, les coups de soleil, les cicatrices et les plaies.<\/p>\n","protected":false},"featured_media":4897,"template":"","meta":{"_kad_post_transparent":"","_kad_post_title":"","_kad_post_layout":"","_kad_post_sidebar_id":"","_kad_post_content_style":"","_kad_post_vertical_padding":"","_kad_post_feature":"","_kad_post_feature_position":"","_kad_post_header":false,"_kad_post_footer":false,"_kad_post_classname":""},"product_brand":[],"product_cat":[75,194,203,138,93],"product_tag":[],"class_list":{"0":"post-3625","1":"product","2":"type-product","3":"status-publish","4":"has-post-thumbnail","6":"product_cat-corps","7":"product_cat-soins-hydratants","8":"product_cat-soins-hydratants-visage","9":"product_cat-venobis-fr","10":"product_cat-visage","12":"first","13":"instock","14":"shipping-taxable","15":"purchasable","16":"product-type-simple","17":"entry","18":"content-bg","19":"loop-entry"},"_links":{"self":[{"href":"https:\/\/sourcenaturelle.eu\/fr\/wp-json\/wp\/v2\/product\/3625","targetHints":{"allow":["GET"]}}],"collection":[{"href":"https:\/\/sourcenaturelle.eu\/fr\/wp-json\/wp\/v2\/product"}],"about":[{"href":"https:\/\/sourcenaturelle.eu\/fr\/wp-json\/wp\/v2\/types\/product"}],"wp:featuredmedia":[{"embeddable":true,"href":"https:\/\/sourcenaturelle.eu\/fr\/wp-json\/wp\/v2\/media\/4897"}],"wp:attachment":[{"href":"https:\/\/sourcenaturelle.eu\/fr\/wp-json\/wp\/v2\/media?parent=3625"}],"wp:term":[{"taxonomy":"product_brand","embeddable":true,"href":"https:\/\/sourcenaturelle.eu\/fr\/wp-json\/wp\/v2\/product_brand?post=3625"},{"taxonomy":"product_cat","embeddable":true,"href":"https:\/\/sourcenaturelle.eu\/fr\/wp-json\/wp\/v2\/product_cat?post=3625"},{"taxonomy":"product_tag","embeddable":true,"href":"https:\/\/sourcenaturelle.eu\/fr\/wp-json\/wp\/v2\/product_tag?post=3625"}],"curies":[{"name":"wp","href":"https:\/\/api.w.org\/{rel}","templated":true}]}}