{"id":3614,"date":"2021-06-25T09:24:35","date_gmt":"2021-06-25T09:24:35","guid":{"rendered":"https:\/\/sourcenaturelle.eu\/product\/venobis-creme-energetique-sensitive-intense-30ml\/"},"modified":"2021-06-25T09:24:35","modified_gmt":"2021-06-25T09:24:35","slug":"venobis-creme-energetique-sensitive-intense-30ml","status":"publish","type":"product","link":"https:\/\/sourcenaturelle.eu\/fr\/produit\/venobis-creme-energetique-sensitive-intense-30ml\/","title":{"rendered":"Venobis Cr\u00e8me Energ\u00e9tique Sensitive Intense, 30ml"},"content":{"rendered":"<p>Pour les peaux s\u00e8ches et sensibles.<\/p>\n<p>Gr\u00e2ce aux ingr\u00e9dients hautement efficaces sp\u00e9cialement s\u00e9lectionn\u00e9s et \u00e0 l&rsquo;absence de substances allerg\u00e8nes, un excellent effet r\u00e9g\u00e9n\u00e9rant et apaisant peut \u00eatre observ\u00e9 lors d&rsquo;une utilisation r\u00e9guli\u00e8re, notamment sur les peaux sensibles, irrit\u00e9es et allergiques.<\/p>\n<p>CONSEILS DE SOINS DE NUIT<br \/>\nComme la cr\u00e8me soutient les processus de r\u00e9g\u00e9n\u00e9ration de la peau, Energetic Cream Sensitive Intense convient particuli\u00e8rement comme soin de nuit.<\/p>\n","protected":false},"excerpt":{"rendered":"<p>Pour les peaux s\u00e8ches et sensibles.<\/p>\n","protected":false},"featured_media":4893,"template":"","meta":{"_kad_post_transparent":"","_kad_post_title":"","_kad_post_layout":"","_kad_post_sidebar_id":"","_kad_post_content_style":"","_kad_post_vertical_padding":"","_kad_post_feature":"","_kad_post_feature_position":"","_kad_post_header":false,"_kad_post_footer":false,"_kad_post_classname":""},"product_brand":[],"product_cat":[75,194,203,138,93],"product_tag":[],"class_list":{"0":"post-3614","1":"product","2":"type-product","3":"status-publish","4":"has-post-thumbnail","6":"product_cat-corps","7":"product_cat-soins-hydratants","8":"product_cat-soins-hydratants-visage","9":"product_cat-venobis-fr","10":"product_cat-visage","12":"first","13":"instock","14":"shipping-taxable","15":"purchasable","16":"product-type-simple","17":"entry","18":"content-bg","19":"loop-entry"},"_links":{"self":[{"href":"https:\/\/sourcenaturelle.eu\/fr\/wp-json\/wp\/v2\/product\/3614","targetHints":{"allow":["GET"]}}],"collection":[{"href":"https:\/\/sourcenaturelle.eu\/fr\/wp-json\/wp\/v2\/product"}],"about":[{"href":"https:\/\/sourcenaturelle.eu\/fr\/wp-json\/wp\/v2\/types\/product"}],"wp:featuredmedia":[{"embeddable":true,"href":"https:\/\/sourcenaturelle.eu\/fr\/wp-json\/wp\/v2\/media\/4893"}],"wp:attachment":[{"href":"https:\/\/sourcenaturelle.eu\/fr\/wp-json\/wp\/v2\/media?parent=3614"}],"wp:term":[{"taxonomy":"product_brand","embeddable":true,"href":"https:\/\/sourcenaturelle.eu\/fr\/wp-json\/wp\/v2\/product_brand?post=3614"},{"taxonomy":"product_cat","embeddable":true,"href":"https:\/\/sourcenaturelle.eu\/fr\/wp-json\/wp\/v2\/product_cat?post=3614"},{"taxonomy":"product_tag","embeddable":true,"href":"https:\/\/sourcenaturelle.eu\/fr\/wp-json\/wp\/v2\/product_tag?post=3614"}],"curies":[{"name":"wp","href":"https:\/\/api.w.org\/{rel}","templated":true}]}}