{"id":3606,"date":"2021-06-25T09:09:21","date_gmt":"2021-06-25T09:09:21","guid":{"rendered":"https:\/\/sourcenaturelle.eu\/product\/venobis-creme-energetique-basique-30ml\/"},"modified":"2021-06-25T09:09:21","modified_gmt":"2021-06-25T09:09:21","slug":"venobis-creme-energetique-basique-30ml","status":"publish","type":"product","link":"https:\/\/sourcenaturelle.eu\/fr\/produit\/venobis-creme-energetique-basique-30ml\/","title":{"rendered":"Venobis Cr\u00e8me Energ\u00e9tique Basique, 30ml"},"content":{"rendered":"<p>Pour toutes les peaux.<\/p>\n<p>L&rsquo;\u00e9mulsion nouvellement d\u00e9velopp\u00e9e pour les cr\u00e8mes \u00e9nergisantes Venobis est bas\u00e9e sur la composition et la structure de la peau naturelle. Le pH neutre a un effet particuli\u00e8rement positif sur les peaux surstress\u00e9es et \u00e0 probl\u00e8mes.<\/p>\n<p>CONSEILS DE SOINS POUR LES B\u00c9B\u00c9S<br \/>\nDe pr\u00e9cieux principes actifs et un pH neutre font \u00e9galement de cette cr\u00e8me un excellent produit de soin pour la peau d\u00e9licate et sensible des b\u00e9b\u00e9s.<\/p>\n","protected":false},"excerpt":{"rendered":"<p>Pour toutes les peaux, pour b\u00e9b\u00e9<\/p>\n<p>BDIH certifi\u00e9<\/p>\n","protected":false},"featured_media":4889,"template":"","meta":{"_kad_post_transparent":"","_kad_post_title":"","_kad_post_layout":"","_kad_post_sidebar_id":"","_kad_post_content_style":"","_kad_post_vertical_padding":"","_kad_post_feature":"","_kad_post_feature_position":"","_kad_post_header":false,"_kad_post_footer":false,"_kad_post_classname":""},"product_brand":[],"product_cat":[75,117,120,194,203,138,93],"product_tag":[],"class_list":{"0":"post-3606","1":"product","2":"type-product","3":"status-publish","4":"has-post-thumbnail","6":"product_cat-corps","7":"product_cat-enfants","8":"product_cat-soin-du-corps","9":"product_cat-soins-hydratants","10":"product_cat-soins-hydratants-visage","11":"product_cat-venobis-fr","12":"product_cat-visage","14":"first","15":"instock","16":"shipping-taxable","17":"purchasable","18":"product-type-simple","19":"entry","20":"content-bg","21":"loop-entry"},"_links":{"self":[{"href":"https:\/\/sourcenaturelle.eu\/fr\/wp-json\/wp\/v2\/product\/3606","targetHints":{"allow":["GET"]}}],"collection":[{"href":"https:\/\/sourcenaturelle.eu\/fr\/wp-json\/wp\/v2\/product"}],"about":[{"href":"https:\/\/sourcenaturelle.eu\/fr\/wp-json\/wp\/v2\/types\/product"}],"wp:featuredmedia":[{"embeddable":true,"href":"https:\/\/sourcenaturelle.eu\/fr\/wp-json\/wp\/v2\/media\/4889"}],"wp:attachment":[{"href":"https:\/\/sourcenaturelle.eu\/fr\/wp-json\/wp\/v2\/media?parent=3606"}],"wp:term":[{"taxonomy":"product_brand","embeddable":true,"href":"https:\/\/sourcenaturelle.eu\/fr\/wp-json\/wp\/v2\/product_brand?post=3606"},{"taxonomy":"product_cat","embeddable":true,"href":"https:\/\/sourcenaturelle.eu\/fr\/wp-json\/wp\/v2\/product_cat?post=3606"},{"taxonomy":"product_tag","embeddable":true,"href":"https:\/\/sourcenaturelle.eu\/fr\/wp-json\/wp\/v2\/product_tag?post=3606"}],"curies":[{"name":"wp","href":"https:\/\/api.w.org\/{rel}","templated":true}]}}