{"id":3597,"date":"2021-06-24T21:57:19","date_gmt":"2021-06-24T21:57:19","guid":{"rendered":"https:\/\/sourcenaturelle.eu\/product\/marias-huile-de-chanvre-bio-100-ml\/"},"modified":"2021-06-24T21:57:19","modified_gmt":"2021-06-24T21:57:19","slug":"marias-huile-de-chanvre-bio-100-ml","status":"publish","type":"product","link":"https:\/\/sourcenaturelle.eu\/fr\/produit\/marias-huile-de-chanvre-bio-100-ml\/","title":{"rendered":"MARIAS Huile de Chanvre bio, 100 ml"},"content":{"rendered":"<p>Composition sp\u00e9ciale d&rsquo;acides gras, a un effet particuli\u00e8rement antioxydant et r\u00e9g\u00e9n\u00e9rant, forte proportion d&rsquo;acide gamma-linol\u00e9nique.<\/p>\n<p>Remarque : Pour toutes les peaux, en particulier en cas d&rsquo;ecz\u00e9ma, de neurodermite ou de psoriasis. Teneur \u00e9lev\u00e9e en acide gamma-linol\u00e9nique et en acides gras om\u00e9ga 3 et 6.<\/p>\n<p>Application<br \/>\nVaporiser l&rsquo;hydrolat sur le corps, masser l&rsquo;huile de chanvre sur la peau humide.<\/p>\n","protected":false},"excerpt":{"rendered":"<p>Pour toutes les peaux, en particulier en cas d&rsquo;ecz\u00e9ma, de neurodermite ou de psoriasis.<\/p>\n","protected":false},"featured_media":3594,"template":"","meta":{"_kad_post_transparent":"","_kad_post_title":"","_kad_post_layout":"","_kad_post_sidebar_id":"","_kad_post_content_style":"","_kad_post_vertical_padding":"","_kad_post_feature":"","_kad_post_feature_position":"","_kad_post_header":false,"_kad_post_footer":false,"_kad_post_classname":""},"product_brand":[],"product_cat":[75,126,194],"product_tag":[],"class_list":{"0":"post-3597","1":"product","2":"type-product","3":"status-publish","4":"has-post-thumbnail","6":"product_cat-corps","7":"product_cat-marias-fr","8":"product_cat-soins-hydratants","10":"first","11":"instock","12":"shipping-taxable","13":"purchasable","14":"product-type-simple","15":"entry","16":"content-bg","17":"loop-entry"},"_links":{"self":[{"href":"https:\/\/sourcenaturelle.eu\/fr\/wp-json\/wp\/v2\/product\/3597","targetHints":{"allow":["GET"]}}],"collection":[{"href":"https:\/\/sourcenaturelle.eu\/fr\/wp-json\/wp\/v2\/product"}],"about":[{"href":"https:\/\/sourcenaturelle.eu\/fr\/wp-json\/wp\/v2\/types\/product"}],"wp:featuredmedia":[{"embeddable":true,"href":"https:\/\/sourcenaturelle.eu\/fr\/wp-json\/wp\/v2\/media\/3594"}],"wp:attachment":[{"href":"https:\/\/sourcenaturelle.eu\/fr\/wp-json\/wp\/v2\/media?parent=3597"}],"wp:term":[{"taxonomy":"product_brand","embeddable":true,"href":"https:\/\/sourcenaturelle.eu\/fr\/wp-json\/wp\/v2\/product_brand?post=3597"},{"taxonomy":"product_cat","embeddable":true,"href":"https:\/\/sourcenaturelle.eu\/fr\/wp-json\/wp\/v2\/product_cat?post=3597"},{"taxonomy":"product_tag","embeddable":true,"href":"https:\/\/sourcenaturelle.eu\/fr\/wp-json\/wp\/v2\/product_tag?post=3597"}],"curies":[{"name":"wp","href":"https:\/\/api.w.org\/{rel}","templated":true}]}}