{"id":3581,"date":"2021-06-24T21:34:03","date_gmt":"2021-06-24T21:34:03","guid":{"rendered":"https:\/\/sourcenaturelle.eu\/product\/marias-huile-jojoba-bio-100-ml\/"},"modified":"2021-06-24T21:34:03","modified_gmt":"2021-06-24T21:34:03","slug":"marias-huile-jojoba-bio-100-ml","status":"publish","type":"product","link":"https:\/\/sourcenaturelle.eu\/fr\/produit\/marias-huile-jojoba-bio-100-ml\/","title":{"rendered":"MARIAS Huile Jojoba bio, 100 ml"},"content":{"rendered":"<p>Prot\u00e8ge contre la perte d&rsquo;humidit\u00e9, anti-inflammatoire, renforce la r\u00e9sistance de la peau. Pour les soins des cheveux. Soins des b\u00e9b\u00e9.<\/p>\n<p>Application : masser l&rsquo;huile sur la peau humide. Comme huile de bain, m\u00e9langer avec un peu de shampooing. Comme base pour des huiles de massage parfum\u00e9es.<\/p>\n","protected":false},"excerpt":{"rendered":"<p>Pour toutes les peaux et cheveux.<\/p>\n","protected":false},"featured_media":3578,"template":"","meta":{"_kad_post_transparent":"","_kad_post_title":"","_kad_post_layout":"","_kad_post_sidebar_id":"","_kad_post_content_style":"","_kad_post_vertical_padding":"","_kad_post_feature":"","_kad_post_feature_position":"","_kad_post_header":false,"_kad_post_footer":false,"_kad_post_classname":""},"product_brand":[],"product_cat":[105,75,117,126,120,215,203,194,93],"product_tag":[],"class_list":{"0":"post-3581","1":"product","2":"type-product","3":"status-publish","4":"has-post-thumbnail","6":"product_cat-cheveux","7":"product_cat-corps","8":"product_cat-enfants","9":"product_cat-marias-fr","10":"product_cat-soin-du-corps","11":"product_cat-soins-des-cheveux","12":"product_cat-soins-hydratants-visage","13":"product_cat-soins-hydratants","14":"product_cat-visage","16":"first","17":"instock","18":"shipping-taxable","19":"purchasable","20":"product-type-simple","21":"entry","22":"content-bg","23":"loop-entry"},"_links":{"self":[{"href":"https:\/\/sourcenaturelle.eu\/fr\/wp-json\/wp\/v2\/product\/3581","targetHints":{"allow":["GET"]}}],"collection":[{"href":"https:\/\/sourcenaturelle.eu\/fr\/wp-json\/wp\/v2\/product"}],"about":[{"href":"https:\/\/sourcenaturelle.eu\/fr\/wp-json\/wp\/v2\/types\/product"}],"wp:featuredmedia":[{"embeddable":true,"href":"https:\/\/sourcenaturelle.eu\/fr\/wp-json\/wp\/v2\/media\/3578"}],"wp:attachment":[{"href":"https:\/\/sourcenaturelle.eu\/fr\/wp-json\/wp\/v2\/media?parent=3581"}],"wp:term":[{"taxonomy":"product_brand","embeddable":true,"href":"https:\/\/sourcenaturelle.eu\/fr\/wp-json\/wp\/v2\/product_brand?post=3581"},{"taxonomy":"product_cat","embeddable":true,"href":"https:\/\/sourcenaturelle.eu\/fr\/wp-json\/wp\/v2\/product_cat?post=3581"},{"taxonomy":"product_tag","embeddable":true,"href":"https:\/\/sourcenaturelle.eu\/fr\/wp-json\/wp\/v2\/product_tag?post=3581"}],"curies":[{"name":"wp","href":"https:\/\/api.w.org\/{rel}","templated":true}]}}